{"id":262329,"date":"2023-03-03T16:18:21","date_gmt":"2023-03-03T15:18:21","guid":{"rendered":"https:\/\/tourisme-latestedebuch.com\/contacto\/"},"modified":"2026-03-17T17:01:20","modified_gmt":"2026-03-17T16:01:20","slug":"contacto","status":"publish","type":"page","link":"https:\/\/tourisme-latestedebuch.com\/es\/contacto\/","title":{"rendered":"Contacto"},"content":{"rendered":"\n<section id=\"gmf569b62\" class=\"wp-block-gutentor-m4 section-gmf569b62 gutentor-module gutentor-advanced-columns has-image-bg has-custom-bg has-gutentor-overlay header-page\"><div class=\"grid-container\"><div class=\"grid-row\">\n<div id=\"col-gm8814cb\" class=\"wp-block-gutentor-m4-col col-gm8814cb gutentor-single-column  grid-lg-12 grid-md-12 grid-12\"><div id=\"section-gm8814cb\" class=\"section-gm8814cb gutentor-col-wrap\">\n<h1 class=\"wp-block-heading has-text-align-center has-white-color has-text-color\" style=\"font-size:100px;text-transform:uppercase\"><strong>CONT\u00c1CTA<span>NOS<\/span><\/strong><\/h1>\n<\/div><\/div>\n<\/div><\/div><\/section>\n\n\n\n<section id=\"gm815d7e4\" class=\"wp-block-gutentor-m4 section-gm815d7e4 gutentor-module gutentor-advanced-columns\"><div class=\"grid-container\"><div class=\"grid-row\">\n<div id=\"col-gm77b8dd\" class=\"wp-block-gutentor-m4-col col-gm77b8dd gutentor-single-column  grid-lg-6 grid-md-12 grid-12\"><div id=\"section-gm77b8dd\" class=\"section-gm77b8dd gutentor-col-wrap\">\n<h2 class=\"wp-block-heading has-vert-color has-text-color\">\u00bfTiene alguna <span>pregunta<\/span> o informaci\u00f3n?<\/h2>\n\n\n\n<p>P\u00f3ngase en contacto con la Oficina de Turismo de La Teste-de-Buch y responderemos a todas sus preguntas.<\/p>\n<\/div><\/div>\n\n\n\n<div id=\"col-gmce54d9\" class=\"wp-block-gutentor-m4-col col-gmce54d9 gutentor-single-column  grid-lg-6 grid-md-12 grid-12\"><div id=\"section-gmce54d9\" class=\"section-gmce54d9 gutentor-col-wrap\"><\/div><\/div>\n<\/div><\/div><\/section>\n\n\n\n<section id=\"gm5de11ea\" class=\"wp-block-gutentor-m4 section-gm5de11ea gutentor-module gutentor-advanced-columns\"><div class=\"grid-container\"><div class=\"grid-row\">\n<div id=\"col-gmbc9922\" class=\"wp-block-gutentor-m4-col col-gmbc9922 gutentor-single-column  grid-lg-6 grid-md-6 grid-12 infosContact\"><div id=\"section-gmbc9922\" class=\"section-gmbc9922 gutentor-col-wrap has-color-bg has-custom-bg\">\n<h3 class=\"wp-block-heading has-rose-color has-text-color\" style=\"margin-bottom:15px;margin-left:65px\">CONT\u00c1CTANOS<\/h3>\n\n\n\n<section id=\"gm9608c56\" class=\"wp-block-gutentor-m4 section-gm9608c56 gutentor-module gutentor-advanced-columns\"><div class=\"grid-container\"><div class=\"grid-row\">\n<div id=\"col-gm546633\" class=\"wp-block-gutentor-m4-col col-gm546633 gutentor-single-column  grid-lg-6 grid-md-12 grid-12\"><div id=\"section-gm546633\" class=\"section-gm546633 gutentor-col-wrap\">\n<p class=\"has-rose-color has-text-color\" style=\"text-transform:uppercase\"><strong>Direcci\u00f3n <\/strong><\/p>\n\n\n\n<p class=\"marginText has-gris-color has-text-color\" style=\"text-transform:uppercase\">13 bis rue Victor Hugo \u2013 BP 30553<br>33260 La Teste de Buch<\/p>\n\n\n\n<p class=\"has-rose-color has-text-color\" style=\"text-transform:uppercase\"><strong>TELEPHONO <\/strong><\/p>\n\n\n\n<p class=\"marginText has-gris-color has-text-color\" style=\"text-transform:uppercase\"><a href=\"tel:+33556546314\">+33 5 56 54 63 14<\/a><\/p>\n\n\n\n<p class=\"has-rose-color has-text-color\" style=\"text-transform:uppercase\"><strong>EMAIL<\/strong><\/p>\n\n\n\n<p class=\"marginText has-gris-color has-text-color\"><a href=\"mailto:info@tourisme-latestedebuch.com\">info@tourisme-latestedebuch.com<\/a><\/p>\n<\/div><\/div>\n\n\n\n<div id=\"col-gme7de0f\" class=\"wp-block-gutentor-m4-col col-gme7de0f gutentor-single-column  grid-lg-6 grid-md-12 grid-12\"><div id=\"section-gme7de0f\" class=\"section-gme7de0f gutentor-col-wrap\">\n<p class=\"has-rose-color has-text-color\"><strong>HORARIOS<\/strong><\/p>\n\n\n\n<p class=\"has-gris-color has-text-color\"><strong>Todo el a\u00f1o :<\/strong><\/p>\n\n\n\n<p class=\"marginText has-gris-color has-text-color\">De lunes a s\u00e1bado, de 9.00 a 12.30 h. y de 14.00 a 17.30 h.<\/p>\n\n\n\n<p class=\"has-gris-color has-text-color\"><strong>Julio-agosto:<\/strong><\/p>\n\n\n\n<p class=\"marginText has-gris-color has-text-color\">De lunes a s\u00e1bado, de 9.00 a 18.30<br>Domingos y festivos De 9.30 a 13.00 horas<\/p>\n<\/div><\/div>\n<\/div><\/div><\/section>\n<\/div><\/div>\n\n\n\n<div id=\"col-gm6acdb2\" class=\"wp-block-gutentor-m4-col col-gm6acdb2 gutentor-single-column  grid-lg-6 grid-md-6 grid-12 formContact\"><div id=\"section-gm6acdb2\" class=\"section-gm6acdb2 gutentor-col-wrap has-color-bg has-custom-bg\">\n<div class=\"wpcf7 no-js\" id=\"wpcf7-f264849-o1\" lang=\"es-ES\" dir=\"ltr\">\n<div class=\"screen-reader-response\"><p role=\"status\" aria-live=\"polite\" aria-atomic=\"true\"><\/p> <ul><\/ul><\/div>\n<form action=\"\/es\/wp-json\/wp\/v2\/pages\/262329#wpcf7-f264849-o1\" method=\"post\" class=\"wpcf7-form init\" aria-label=\"Formulario de contacto\" novalidate=\"novalidate\" data-status=\"init\">\n<div style=\"display: none;\">\n<input type=\"hidden\" name=\"_wpcf7\" value=\"264849\" \/>\n<input type=\"hidden\" name=\"_wpcf7_version\" value=\"5.9.6\" \/>\n<input type=\"hidden\" name=\"_wpcf7_locale\" value=\"es_ES\" \/>\n<input type=\"hidden\" name=\"_wpcf7_unit_tag\" value=\"wpcf7-f264849-o1\" \/>\n<input type=\"hidden\" name=\"_wpcf7_container_post\" value=\"0\" \/>\n<input type=\"hidden\" name=\"_wpcf7_posted_data_hash\" value=\"\" \/>\n<\/div>\n<div class=\"row\">\n\t<div class=\"col\">\n\t\t<p><span class=\"wpcf7-form-control-wrap\" data-name=\"your-name\"><input size=\"40\" maxlength=\"80\" class=\"wpcf7-form-control wpcf7-text wpcf7-validates-as-required\" autocomplete=\"name\" aria-required=\"true\" aria-invalid=\"false\" placeholder=\"Nombre\" value=\"\" type=\"text\" name=\"your-name\" \/><\/span>\n\t\t<\/p>\n\t<\/div>\n\t<div class=\"col\">\n\t\t<p><span class=\"wpcf7-form-control-wrap\" data-name=\"your-postalcode\"><input size=\"40\" maxlength=\"80\" class=\"wpcf7-form-control wpcf7-text wpcf7-validates-as-required\" autocomplete=\"postalcode\" aria-required=\"true\" aria-invalid=\"false\" placeholder=\"C\u00f3digo postal\" value=\"\" type=\"text\" name=\"your-postalcode\" \/><\/span>\n\t\t<\/p>\n\t<\/div>\n<\/div>\n<p><span class=\"wpcf7-form-control-wrap\" data-name=\"your-email\"><input size=\"40\" maxlength=\"80\" class=\"wpcf7-form-control wpcf7-email wpcf7-validates-as-required wpcf7-text wpcf7-validates-as-email\" autocomplete=\"email\" aria-required=\"true\" aria-invalid=\"false\" placeholder=\"Introduzca su direcci\u00f3n de correo electr\u00f3nico\" value=\"\" type=\"email\" name=\"your-email\" \/><\/span>\n<\/p>\n<p><label class=\"acceptance\"><span class=\"wpcf7-form-control-wrap\" data-name=\"your-consent\"><span class=\"wpcf7-form-control wpcf7-acceptance\"><span class=\"wpcf7-list-item\"><label><input type=\"checkbox\" name=\"your-consent\" value=\"1\" aria-invalid=\"false\" \/><span class=\"wpcf7-list-item-label\">He le\u00eddo y acepto la pol\u00edtica de privacidad <a class=\"rgpd-form-policy\" href=\"https:\/\/tourisme-latestedebuch.com\/politique-de-confidentialite\/\" target=\"_blank\">Leer la pol\u00edtica de privacidad<\/a>*<\/span><\/label><\/span><\/span><\/span><\/label>\n<\/p>\n<p><input class=\"wpcf7-form-control wpcf7-submit has-spinner\" type=\"submit\" value=\"OK\" \/>\n<\/p><div class=\"wpcf7-response-output\" aria-hidden=\"true\"><\/div>\n<\/form>\n<\/div>\n\n<\/div><\/div>\n<\/div><\/div><\/section>\n\n\n\n<section id=\"gm77349e0\" class=\"wp-block-gutentor-m4 section-gm77349e0 gutentor-module gutentor-advanced-columns has-image-bg has-custom-bg\"><div class=\"grid-container\"><div class=\"grid-row\">\n<div id=\"col-gm720d24\" class=\"wp-block-gutentor-m4-col col-gm720d24 gutentor-single-column  grid-lg-12 grid-md-12 grid-12\"><div id=\"section-gm720d24\" class=\"section-gm720d24 gutentor-col-wrap\"><\/div><\/div>\n<\/div><\/div><\/section>\n\n\n\n<section id=\"gm717f763\" class=\"wp-block-gutentor-m4 section-gm717f763 gutentor-module gutentor-advanced-columns gutentor-equal-column-height\"><div class=\"grid-container\"><div class=\"grid-row\">\n<div id=\"col-gm611649\" class=\"wp-block-gutentor-m4-col col-gm611649 gutentor-single-column  grid-lg-6 grid-md-6 grid-12\"><div id=\"section-gm611649\" class=\"section-gm611649 gutentor-col-wrap\">\n<h2 class=\"wp-block-heading has-vert-color has-text-color\"><span>La<\/span> tienda<\/h2>\n\n\n\n<p>Nuestra Oficina de Turismo tiene una tienda que vende una selecci\u00f3n de art\u00edculos. Desde productos hechos a mano hasta productos locales, encontrar\u00e1 una gama de productos dise\u00f1ados para dar a conocer nuestra regi\u00f3n.<\/p>\n\n\n\n<p>Puede encontrar recuerdos desde los m\u00e1s cl\u00e1sicos hasta los m\u00e1s originales. As\u00ed que, si busca un regalo o simplemente darse un capricho, no dude en visitarnos para descubrirlos.<\/p>\n<\/div><\/div>\n\n\n\n<div id=\"col-gmb61f00\" class=\"wp-block-gutentor-m4-col col-gmb61f00 gutentor-single-column  grid-lg-6 grid-md-6 grid-12\"><div id=\"section-gmb61f00\" class=\"section-gmb61f00 gutentor-col-wrap\">\n<section id=\"gm2609c1c\" class=\"wp-block-gutentor-m4 section-gm2609c1c gutentor-module gutentor-advanced-columns has-color-bg has-custom-bg gutentor-equal-column-height boutique\"><div class=\"grid-container\"><div class=\"grid-row\">\n<div id=\"col-gm01cb45\" class=\"wp-block-gutentor-m4-col col-gm01cb45 gutentor-single-column  grid-lg-6 grid-md-10 grid-6\"><div id=\"section-gm01cb45\" class=\"section-gm01cb45 gutentor-col-wrap\">\n<section id=\"gm47b33c7\" class=\"wp-block-gutentor-m3 section-gm47b33c7 gutentor-module gutentor-container-cover\"><div class=\"grid-container\">\n<h2 class=\"wp-block-heading has-white-color has-text-color\"><span>Tienda<\/span> de recuerdos<\/h2>\n\n\n\n<p class=\"has-white-color has-text-color\">La Oficina de Turismo ha seleccionado a artesanos y dise\u00f1adores locales para ayudarle a (re)descubrir el saber hacer y los productos locales: decoraci\u00f3n, accesorios, juegos, libros y muchos otros regalos para sus seres queridos&#8230; \u00a1O para usted mismo, por supuesto!<\/p>\n<\/div><\/section>\n<\/div><\/div>\n\n\n\n<div id=\"col-gm9384ad\" class=\"wp-block-gutentor-m4-col col-gm9384ad gutentor-single-column  grid-lg-6 grid-md-2 grid-6\"><div id=\"section-gm9384ad\" class=\"section-gm9384ad gutentor-col-wrap\">\n<figure class=\"wp-block-image size-full is-resized\"><img decoding=\"async\" width=\"146\" height=\"159\" crossorigin=\"anonymous\" src=\"https:\/\/tourisme-latestedebuch.com\/wp-content\/uploads\/2023\/03\/produits-boutique.png\" alt=\"Productos de la tienda\" class=\"wp-image-27048\" style=\"width:146px;height:159px\"\/><\/figure>\n<\/div><\/div>\n<\/div><\/div><\/section>\n\n\n\n<section id=\"gm98adf1d\" class=\"wp-block-gutentor-m3 section-gm98adf1d gutentor-module gutentor-container-cover\"><div class=\"grid-container\">\n<div class=\"wp-block-buttons is-content-justification-center is-layout-flex wp-container-core-buttons-layout-1 wp-block-buttons-is-layout-flex\">\n<div class=\"wp-block-button has-custom-font-size\" style=\"font-size:16px;text-transform:uppercase\"><a class=\"wp-block-button__link has-vert-color has-white-background-color has-text-color has-background wp-element-button\" href=\"https:\/\/boutique.tourisme-latestedebuch.com\/souvenirs\/\" style=\"border-radius:100px\" target=\"_blank\" rel=\"noreferrer noopener\"><strong>Ir a la tienda<\/strong><\/a><\/div>\n<\/div>\n<\/div><\/section>\n<\/div><\/div>\n<\/div><\/div><\/section>\n\n\n\n<section id=\"gm9e95d3b\" class=\"wp-block-gutentor-m4 section-gm9e95d3b gutentor-module gutentor-advanced-columns has-image-bg has-custom-bg backgroundMobileNone\"><div class=\"grid-container\"><div class=\"grid-row\">\n<div id=\"col-gmf7ffad\" class=\"wp-block-gutentor-m4-col col-gmf7ffad gutentor-single-column  grid-lg-12 grid-md-12 grid-12\"><div id=\"section-gmf7ffad\" class=\"section-gmf7ffad gutentor-col-wrap\">\n<section id=\"gmf702631\" class=\"wp-block-gutentor-m4 section-gmf702631 gutentor-module gutentor-advanced-columns\"><div class=\"grid-container\"><div class=\"grid-row\">\n<div id=\"col-gmef9193\" class=\"wp-block-gutentor-m4-col col-gmef9193 gutentor-single-column  grid-lg-6 grid-md-6 grid-12\"><div id=\"section-gmef9193\" class=\"section-gmef9193 gutentor-col-wrap\">\n<div id=\"section-g90ad6a\" class=\"wp-block-gutentor-e6 section-g90ad6a gutentor-element gutentor-element-image text-align-center-desktop text-align-center-tablet text-align-center-mobile\"><div class=\"gutentor-element-image-box\"><div class=\"gutentor-image-thumb\"><img decoding=\"async\" crossorigin=\"anonymous\" class=\"normal-image\" src=\"https:\/\/tourisme-latestedebuch.com\/wp-content\/uploads\/2023\/03\/Mairie-Annexe-Pyla-sur-Mer-600x400-landscape.jpeg\"\/><\/div><\/div><\/div>\n\n\n\n<h3 class=\"wp-block-heading has-text-align-center\">ANEXO DEL AYUNTAMIENTO DE PYLA SUR MER<\/h3>\n\n\n\n<p class=\"has-text-align-center\">Rond-point du Figuier<br>33115 Pyla sur Mer<\/p>\n<\/div><\/div>\n\n\n\n<div id=\"col-gm3f13f9\" class=\"wp-block-gutentor-m4-col col-gm3f13f9 gutentor-single-column  grid-lg-6 grid-md-6 grid-12\"><div id=\"section-gm3f13f9\" class=\"section-gm3f13f9 gutentor-col-wrap\">\n<div id=\"section-g65945b\" class=\"wp-block-gutentor-e6 section-g65945b gutentor-element gutentor-element-image text-align-center-desktop text-align-center-tablet text-align-center-mobile\"><div class=\"gutentor-element-image-box\"><div class=\"gutentor-image-thumb\"><img decoding=\"async\" crossorigin=\"anonymous\" class=\"normal-image\" src=\"https:\/\/tourisme-latestedebuch.com\/wp-content\/uploads\/2023\/03\/mairie-cazaux-600x400-landscape.jpeg\"\/><\/div><\/div><\/div>\n\n\n\n<h3 class=\"wp-block-heading has-text-align-center\">ANEXO DEL AYUNTAMIENTO DE CAZAUX<\/h3>\n\n\n\n<p class=\"has-text-align-center\">2, Avenue de Verdun<br>33260 Cazaux<\/p>\n<\/div><\/div>\n<\/div><\/div><\/section>\n<\/div><\/div>\n<\/div><\/div><\/section>\n\n\n\n<section id=\"gm4f5d4ec\" class=\"wp-block-gutentor-m4 section-gm4f5d4ec gutentor-module gutentor-advanced-columns has-image-bg has-custom-bg\"><div class=\"grid-container\"><div class=\"grid-row\">\n<div id=\"col-gmd53c41\" class=\"wp-block-gutentor-m4-col col-gmd53c41 gutentor-single-column  grid-lg-12 grid-md-12 grid-12\"><div id=\"section-gmd53c41\" class=\"section-gmd53c41 gutentor-col-wrap\"><\/div><\/div>\n<\/div><\/div><\/section>\n","protected":false},"excerpt":{"rendered":"","protected":false},"author":1,"featured_media":0,"parent":0,"menu_order":0,"comment_status":"closed","ping_status":"closed","template":"template-full-width.php","meta":{"inline_featured_image":false,"footnotes":""},"categories":[],"tags":[],"acf":[],"yoast_head":"<!-- This site is optimized with the Yoast SEO plugin v23.0 - https:\/\/yoast.com\/wordpress\/plugins\/seo\/ -->\n<title>Contacto - Site de l&#039;Office de tourisme La Teste de Buch<\/title>\n<meta name=\"robots\" content=\"index, follow, max-snippet:-1, max-image-preview:large, max-video-preview:-1\" \/>\n<link rel=\"canonical\" href=\"https:\/\/tourisme-latestedebuch.com\/es\/contacto\/\" \/>\n<meta property=\"og:locale\" content=\"es_ES\" \/>\n<meta property=\"og:type\" content=\"article\" \/>\n<meta property=\"og:title\" content=\"Contacto - Site de l&#039;Office de tourisme La Teste de Buch\" \/>\n<meta property=\"og:url\" content=\"https:\/\/tourisme-latestedebuch.com\/es\/contacto\/\" \/>\n<meta property=\"og:site_name\" content=\"Site de l&#039;Office de tourisme La Teste de Buch\" \/>\n<meta property=\"article:modified_time\" content=\"2026-03-17T16:01:20+00:00\" \/>\n<meta property=\"og:image\" content=\"https:\/\/tourisme-latestedebuch.com\/wp-content\/uploads\/2023\/03\/produits-boutique.png\" \/>\n<meta name=\"twitter:card\" content=\"summary_large_image\" \/>\n<meta name=\"twitter:label1\" content=\"Tiempo de lectura\" \/>\n\t<meta name=\"twitter:data1\" content=\"2 minutos\" \/>\n<script type=\"application\/ld+json\" class=\"yoast-schema-graph\">{\"@context\":\"https:\/\/schema.org\",\"@graph\":[{\"@type\":\"WebPage\",\"@id\":\"https:\/\/tourisme-latestedebuch.com\/es\/contacto\/\",\"url\":\"https:\/\/tourisme-latestedebuch.com\/es\/contacto\/\",\"name\":\"Contacto - Site de l&#039;Office de tourisme La Teste de Buch\",\"isPartOf\":{\"@id\":\"https:\/\/tourisme-latestedebuch.com\/#website\"},\"primaryImageOfPage\":{\"@id\":\"https:\/\/tourisme-latestedebuch.com\/es\/contacto\/#primaryimage\"},\"image\":{\"@id\":\"https:\/\/tourisme-latestedebuch.com\/es\/contacto\/#primaryimage\"},\"thumbnailUrl\":\"https:\/\/tourisme-latestedebuch.com\/wp-content\/uploads\/2023\/03\/produits-boutique.png\",\"datePublished\":\"2023-03-03T15:18:21+00:00\",\"dateModified\":\"2026-03-17T16:01:20+00:00\",\"breadcrumb\":{\"@id\":\"https:\/\/tourisme-latestedebuch.com\/es\/contacto\/#breadcrumb\"},\"inLanguage\":\"es\",\"potentialAction\":[{\"@type\":\"ReadAction\",\"target\":[\"https:\/\/tourisme-latestedebuch.com\/es\/contacto\/\"]}]},{\"@type\":\"ImageObject\",\"inLanguage\":\"es\",\"@id\":\"https:\/\/tourisme-latestedebuch.com\/es\/contacto\/#primaryimage\",\"url\":\"https:\/\/tourisme-latestedebuch.com\/wp-content\/uploads\/2023\/03\/produits-boutique.png\",\"contentUrl\":\"https:\/\/tourisme-latestedebuch.com\/wp-content\/uploads\/2023\/03\/produits-boutique.png\"},{\"@type\":\"BreadcrumbList\",\"@id\":\"https:\/\/tourisme-latestedebuch.com\/es\/contacto\/#breadcrumb\",\"itemListElement\":[{\"@type\":\"ListItem\",\"position\":1,\"name\":\"Accueil\",\"item\":\"https:\/\/tourisme-latestedebuch.com\/es\/inicio\/\"},{\"@type\":\"ListItem\",\"position\":2,\"name\":\"Contacto\"}]},{\"@type\":\"WebSite\",\"@id\":\"https:\/\/tourisme-latestedebuch.com\/#website\",\"url\":\"https:\/\/tourisme-latestedebuch.com\/\",\"name\":\"Site de l&#039;Office de tourisme La Teste de Buch\",\"description\":\"\",\"potentialAction\":[{\"@type\":\"SearchAction\",\"target\":{\"@type\":\"EntryPoint\",\"urlTemplate\":\"https:\/\/tourisme-latestedebuch.com\/?s={search_term_string}\"},\"query-input\":\"required name=search_term_string\"}],\"inLanguage\":\"es\"}]}<\/script>\n<!-- \/ Yoast SEO plugin. -->","yoast_head_json":{"title":"Contacto - Site de l&#039;Office de tourisme La Teste de Buch","robots":{"index":"index","follow":"follow","max-snippet":"max-snippet:-1","max-image-preview":"max-image-preview:large","max-video-preview":"max-video-preview:-1"},"canonical":"https:\/\/tourisme-latestedebuch.com\/es\/contacto\/","og_locale":"es_ES","og_type":"article","og_title":"Contacto - Site de l&#039;Office de tourisme La Teste de Buch","og_url":"https:\/\/tourisme-latestedebuch.com\/es\/contacto\/","og_site_name":"Site de l&#039;Office de tourisme La Teste de Buch","article_modified_time":"2026-03-17T16:01:20+00:00","og_image":[{"url":"https:\/\/tourisme-latestedebuch.com\/wp-content\/uploads\/2023\/03\/produits-boutique.png"}],"twitter_card":"summary_large_image","twitter_misc":{"Tiempo de lectura":"2 minutos"},"schema":{"@context":"https:\/\/schema.org","@graph":[{"@type":"WebPage","@id":"https:\/\/tourisme-latestedebuch.com\/es\/contacto\/","url":"https:\/\/tourisme-latestedebuch.com\/es\/contacto\/","name":"Contacto - Site de l&#039;Office de tourisme La Teste de Buch","isPartOf":{"@id":"https:\/\/tourisme-latestedebuch.com\/#website"},"primaryImageOfPage":{"@id":"https:\/\/tourisme-latestedebuch.com\/es\/contacto\/#primaryimage"},"image":{"@id":"https:\/\/tourisme-latestedebuch.com\/es\/contacto\/#primaryimage"},"thumbnailUrl":"https:\/\/tourisme-latestedebuch.com\/wp-content\/uploads\/2023\/03\/produits-boutique.png","datePublished":"2023-03-03T15:18:21+00:00","dateModified":"2026-03-17T16:01:20+00:00","breadcrumb":{"@id":"https:\/\/tourisme-latestedebuch.com\/es\/contacto\/#breadcrumb"},"inLanguage":"es","potentialAction":[{"@type":"ReadAction","target":["https:\/\/tourisme-latestedebuch.com\/es\/contacto\/"]}]},{"@type":"ImageObject","inLanguage":"es","@id":"https:\/\/tourisme-latestedebuch.com\/es\/contacto\/#primaryimage","url":"https:\/\/tourisme-latestedebuch.com\/wp-content\/uploads\/2023\/03\/produits-boutique.png","contentUrl":"https:\/\/tourisme-latestedebuch.com\/wp-content\/uploads\/2023\/03\/produits-boutique.png"},{"@type":"BreadcrumbList","@id":"https:\/\/tourisme-latestedebuch.com\/es\/contacto\/#breadcrumb","itemListElement":[{"@type":"ListItem","position":1,"name":"Accueil","item":"https:\/\/tourisme-latestedebuch.com\/es\/inicio\/"},{"@type":"ListItem","position":2,"name":"Contacto"}]},{"@type":"WebSite","@id":"https:\/\/tourisme-latestedebuch.com\/#website","url":"https:\/\/tourisme-latestedebuch.com\/","name":"Site de l&#039;Office de tourisme La Teste de Buch","description":"","potentialAction":[{"@type":"SearchAction","target":{"@type":"EntryPoint","urlTemplate":"https:\/\/tourisme-latestedebuch.com\/?s={search_term_string}"},"query-input":"required name=search_term_string"}],"inLanguage":"es"}]}},"_links":{"self":[{"href":"https:\/\/tourisme-latestedebuch.com\/es\/wp-json\/wp\/v2\/pages\/262329"}],"collection":[{"href":"https:\/\/tourisme-latestedebuch.com\/es\/wp-json\/wp\/v2\/pages"}],"about":[{"href":"https:\/\/tourisme-latestedebuch.com\/es\/wp-json\/wp\/v2\/types\/page"}],"author":[{"embeddable":true,"href":"https:\/\/tourisme-latestedebuch.com\/es\/wp-json\/wp\/v2\/users\/1"}],"replies":[{"embeddable":true,"href":"https:\/\/tourisme-latestedebuch.com\/es\/wp-json\/wp\/v2\/comments?post=262329"}],"version-history":[{"count":6,"href":"https:\/\/tourisme-latestedebuch.com\/es\/wp-json\/wp\/v2\/pages\/262329\/revisions"}],"predecessor-version":[{"id":389795,"href":"https:\/\/tourisme-latestedebuch.com\/es\/wp-json\/wp\/v2\/pages\/262329\/revisions\/389795"}],"wp:attachment":[{"href":"https:\/\/tourisme-latestedebuch.com\/es\/wp-json\/wp\/v2\/media?parent=262329"}],"wp:term":[{"taxonomy":"category","embeddable":true,"href":"https:\/\/tourisme-latestedebuch.com\/es\/wp-json\/wp\/v2\/categories?post=262329"},{"taxonomy":"post_tag","embeddable":true,"href":"https:\/\/tourisme-latestedebuch.com\/es\/wp-json\/wp\/v2\/tags?post=262329"}],"curies":[{"name":"wp","href":"https:\/\/api.w.org\/{rel}","templated":true}]}}