{"id":262334,"date":"2023-03-16T10:50:48","date_gmt":"2023-03-16T09:50:48","guid":{"rendered":"https:\/\/tourisme-latestedebuch.com\/otono-en-la-teste-de-buch\/"},"modified":"2024-04-10T09:50:50","modified_gmt":"2024-04-10T07:50:50","slug":"otono-en-la-teste-de-buch","status":"publish","type":"page","link":"https:\/\/tourisme-latestedebuch.com\/es\/otono-en-la-teste-de-buch\/","title":{"rendered":"Oto\u00f1o en La Teste de Buch"},"content":{"rendered":"\n<section id=\"gmfed54bb\" class=\"wp-block-gutentor-m3 section-gmfed54bb gutentor-module gutentor-container-cover has-image-bg has-custom-bg experiences\"><div class=\"grid-container\">\n<section id=\"gm8f2476e\" class=\"wp-block-gutentor-m3 section-gm8f2476e gutentor-module gutentor-container-cover\"><div class=\"grid-container\">\n<h2 class=\"wp-block-heading has-vert-color has-text-color\"><span>Experiencias<\/span> inolvidables<\/h2>\n<\/div><\/section>\n\n\n\n<section id=\"gme090115\" class=\"wp-block-gutentor-m4 section-gme090115 gutentor-module gutentor-advanced-columns has-image-bg has-custom-bg content-experiences\"><div class=\"grid-container\"><div class=\"grid-row\">\n<div id=\"col-gmd2ec7f\" class=\"wp-block-gutentor-m4-col col-gmd2ec7f gutentor-single-column  grid-lg-3 grid-md-12 grid-12 g-single-column-link-enabled\"><div id=\"section-gmd2ec7f\" class=\"section-gmd2ec7f gutentor-col-wrap\">\n<figure class=\"wp-block-image size-large is-resized\"><img decoding=\"async\" crossorigin=\"anonymous\" src=\"https:\/\/tourisme-latestedebuch.com\/wp-content\/uploads\/2023\/03\/Bateau-39-20-1024x683.jpg\" alt=\"\" class=\"wp-image-218279\" style=\"width:340px;height:191px\" width=\"340\" height=\"191\"\/><\/figure>\n\n\n<p style=\"font-size:14px;text-transform:uppercase\"><strong>Paseo en barco el\u00e9ctrico<\/strong><\/p>\n\n\n\n<p style=\"font-size:12px\"><strong>duraci\u00f3n 2h00 &#8211; 8,50 \u20ac\/persona<\/strong><\/p>\n<\/div><a class=\"gutentor-link\" href=\"https:\/\/boutique.tourisme-latestedebuch.com\/visites-guidees\/nature\/meditation-et-plantes-medicinales\" target=\"_blank\" rel=\"noopener noreferrer\"><\/a><\/div>\n\n\n\n<div id=\"col-gm117e6f\" class=\"wp-block-gutentor-m4-col col-gm117e6f gutentor-single-column  grid-lg-3 grid-md-12 grid-12 g-single-column-link-enabled\"><div id=\"section-gm117e6f\" class=\"section-gm117e6f gutentor-col-wrap\">\n<figure class=\"wp-block-image size-full is-resized\"><img decoding=\"async\" crossorigin=\"anonymous\" src=\"https:\/\/tourisme-latestedebuch.com\/wp-content\/uploads\/2023\/06\/2-observer-les-coquillages.jpg\" alt=\"Observaci&#xF3;n de marisco en La Teste de Buch\" class=\"wp-image-216184\" style=\"width:340px;height:191px\" width=\"340\" height=\"191\" srcset=\"https:\/\/tourisme-latestedebuch.com\/wp-content\/uploads\/2023\/06\/2-observer-les-coquillages.jpg 800w, https:\/\/tourisme-latestedebuch.com\/wp-content\/uploads\/2023\/06\/2-observer-les-coquillages-300x169.jpg 300w, https:\/\/tourisme-latestedebuch.com\/wp-content\/uploads\/2023\/06\/2-observer-les-coquillages-768x432.jpg 768w\" sizes=\"(max-width: 340px) 100vw, 340px\" \/><\/figure>\n\n\n<p style=\"font-size:14px;text-transform:uppercase\"><strong>observaci\u00f3n de moluscos<\/strong><\/p>\n\n\n\n<p style=\"font-size:12px\"><strong>duraci\u00f3n 2h00 &#8211; 11 \u20ac\/pers<\/strong><\/p>\n<\/div><a class=\"gutentor-link\" href=\"https:\/\/boutique.tourisme-latestedebuch.com\/visites-guidees\/nature\/decouvrir-les-oiseaux-du-bassin\" target=\"_blank\" rel=\"noopener noreferrer\"><\/a><\/div>\n\n\n\n<div id=\"col-gmeb92b2\" class=\"wp-block-gutentor-m4-col col-gmeb92b2 gutentor-single-column  grid-lg-3 grid-md-12 grid-12 g-single-column-link-enabled\"><div id=\"section-gmeb92b2\" class=\"section-gmeb92b2 gutentor-col-wrap\">\n<figure class=\"wp-block-image size-large is-resized\"><img decoding=\"async\" crossorigin=\"anonymous\" src=\"https:\/\/tourisme-latestedebuch.com\/wp-content\/uploads\/2023\/09\/costumes-et-maquillages-enfants-1024x683.jpg\" alt=\"disfraces y maquillaje para ninos la teste de buch\" class=\"wp-image-218488\" style=\"width:340px;height:191px\" width=\"340\" height=\"191\"\/><\/figure>\n\n\n<p style=\"font-size:14px;text-transform:uppercase\"><strong>disfraces y maquillaje para ni\u00f1os<\/strong><\/p>\n\n\n\n<p style=\"font-size:12px\"><strong>duraci\u00f3n 2h00 &#8211; 10\u20ac\/pers<\/strong><\/p>\n<\/div><a class=\"gutentor-link\" href=\"https:\/\/boutique.tourisme-latestedebuch.com\/visites-guidees\/theatralisee\/visite-de-leglise-de-la-teste-de-buch\" target=\"_blank\" rel=\"noopener noreferrer\"><\/a><\/div>\n\n\n\n<div id=\"col-gm291fe7\" class=\"wp-block-gutentor-m4-col col-gm291fe7 gutentor-single-column  grid-lg-3 grid-md-12 grid-12 g-single-column-link-enabled\"><div id=\"section-gm291fe7\" class=\"section-gm291fe7 gutentor-col-wrap\">\n<figure class=\"wp-block-image size-full is-resized\"><img decoding=\"async\" crossorigin=\"anonymous\" src=\"https:\/\/tourisme-latestedebuch.com\/wp-content\/uploads\/2023\/04\/2-observer-les-coquillages_1_.jpg\" alt=\"Observaci&#xF3;n de moluscos \" class=\"wp-image-211709\" style=\"width:340px;height:191px\" width=\"340\" height=\"191\" srcset=\"https:\/\/tourisme-latestedebuch.com\/wp-content\/uploads\/2023\/04\/2-observer-les-coquillages_1_.jpg 340w, https:\/\/tourisme-latestedebuch.com\/wp-content\/uploads\/2023\/04\/2-observer-les-coquillages_1_-300x169.jpg 300w\" sizes=\"(max-width: 340px) 100vw, 340px\" \/><\/figure>\n\n\n<p style=\"font-size:14px;text-transform:uppercase\"><strong>Observaci\u00f3n de moluscos <\/strong><\/p>\n\n\n\n<p style=\"font-size:12px\"><strong>duraci\u00f3n 2h00 &#8211; 11 \u20ac\/pers<\/strong><\/p>\n<\/div><a class=\"gutentor-link\" href=\"https:\/\/boutique.tourisme-latestedebuch.com\/visites-guidees\/nature\/observer-les-coquillages\" target=\"_blank\" rel=\"noopener noreferrer\"><\/a><\/div>\n<\/div><\/div><\/section>\n\n\n\n<section id=\"gm95bbff2\" class=\"wp-block-gutentor-m3 section-gm95bbff2 gutentor-module gutentor-container-cover\"><div class=\"grid-container\">\n<div class=\"wp-block-buttons is-layout-flex wp-block-buttons-is-layout-flex\">\n<div class=\"wp-block-button has-custom-font-size\" style=\"font-size:16px;text-transform:uppercase\"><a class=\"wp-block-button__link has-vert-color has-white-background-color has-text-color has-background wp-element-button\" href=\"https:\/\/boutique.tourisme-latestedebuch.com\/visites-guidees\/\" style=\"border-radius:100px\" target=\"_blank\" rel=\"noreferrer noopener\"><strong>Acceso a las taquillas<\/strong><\/a><\/div>\n<\/div>\n<\/div><\/section>\n<\/div><\/section>\n\n<section id=\"gm90fdfc5\" class=\"wp-block-gutentor-m4 section-gm90fdfc5 gutentor-module gutentor-advanced-columns gutentor-equal-column-height content-boutique\"><div class=\"grid-container\"><div class=\"grid-row\">\n<div id=\"col-gm7a3b28\" class=\"wp-block-gutentor-m4-col col-gm7a3b28 gutentor-single-column  grid-lg-6 grid-md-12 grid-12\"><div id=\"section-gm7a3b28\" class=\"section-gm7a3b28 gutentor-col-wrap\">\n<section id=\"gm4d86b20\" class=\"wp-block-gutentor-m4 section-gm4d86b20 gutentor-module gutentor-advanced-columns has-color-bg has-custom-bg align-middle boutique\"><div class=\"grid-container\"><div class=\"grid-row\">\n<div id=\"col-gm04d428\" class=\"wp-block-gutentor-m4-col col-gm04d428 gutentor-single-column  grid-lg-6 grid-md-10 grid-6\"><div id=\"section-gm04d428\" class=\"section-gm04d428 gutentor-col-wrap\">\n<section id=\"gmc954b21\" class=\"wp-block-gutentor-m3 section-gmc954b21 gutentor-module gutentor-container-cover\"><div class=\"grid-container\">\n<h2 class=\"wp-block-heading has-white-color has-text-color\"><span>Tienda<\/span> de recuerdos<\/h2>\n\n\n\n<p class=\"has-white-color has-text-color\"><em>Regalos , : algo que das para hacer feliz a otra persona. <\/em>Adem\u00e1s de ser tan amable y acogedora como nuestros habitantes, la Oficina de Turismo de La Teste de Buch se compromete a promocionar a sus dise\u00f1adores y artesanos. Juegos, libros, decoraci\u00f3n&#8230; no faltan ideas para regalar ni productos locales. PD: \u00a1tambi\u00e9n tiene derecho a darse un capricho!<\/p>\n<\/div><\/section>\n<\/div><\/div>\n\n\n\n<div id=\"col-gmd03dfd\" class=\"wp-block-gutentor-m4-col col-gmd03dfd gutentor-single-column  grid-lg-6 grid-md-2 grid-6\"><div id=\"section-gmd03dfd\" class=\"section-gmd03dfd gutentor-col-wrap\">\n<figure class=\"wp-block-image size-full is-resized\"><img decoding=\"async\" crossorigin=\"anonymous\" src=\"https:\/\/tourisme-latestedebuch.com\/wp-content\/uploads\/2023\/03\/produits-boutique.png\" alt=\"Productos de la tienda\" class=\"wp-image-27048\" style=\"width:146px;height:159px\" width=\"146\" height=\"159\"\/><\/figure><\/div><\/div>\n<\/div><\/div><\/section>\n\n\n\n<section id=\"gm968894f\" class=\"wp-block-gutentor-m3 section-gm968894f gutentor-module gutentor-container-cover\"><div class=\"grid-container\">\n<div class=\"wp-block-buttons is-content-justification-center is-layout-flex wp-container-core-buttons-layout-2 wp-block-buttons-is-layout-flex\">\n<div class=\"wp-block-button has-custom-font-size\" style=\"font-size:16px;text-transform:uppercase\"><a class=\"wp-block-button__link has-vert-color has-white-background-color has-text-color has-background wp-element-button\" href=\"https:\/\/boutique.tourisme-latestedebuch.com\/souvenirs\/\" style=\"border-radius:100px\" target=\"_blank\" rel=\"noreferrer noopener\"><strong>Ir a la tienda<\/strong><\/a><\/div>\n<\/div>\n<\/div><\/section>\n<\/div><\/div>\n\n\n\n<div id=\"col-gmb73bab\" class=\"wp-block-gutentor-m4-col col-gmb73bab gutentor-single-column  grid-lg-6 grid-md-12 grid-12\"><div id=\"section-gmb73bab\" class=\"section-gmb73bab gutentor-col-wrap\">\n<section id=\"gm994b3bf\" class=\"wp-block-gutentor-m4 section-gm994b3bf gutentor-module gutentor-advanced-columns has-image-bg has-custom-bg has-gutentor-overlay venirSaison\"><div class=\"grid-container\"><div class=\"grid-row\">\n<div id=\"col-gm760048\" class=\"wp-block-gutentor-m4-col col-gm760048 gutentor-single-column  grid-lg-6 grid-md-6 grid-12\"><div id=\"section-gm760048\" class=\"section-gm760048 gutentor-col-wrap\">\n<h2 class=\"wp-block-heading has-roseclair-color has-text-color\"><span>Llegada<\/span> a La Teste de Buch<\/h2>\n<\/div><\/div>\n\n\n\n<div id=\"col-gmc0dd5a\" class=\"wp-block-gutentor-m4-col col-gmc0dd5a gutentor-single-column  grid-lg-6 grid-md-6 grid-12\"><div id=\"section-gmc0dd5a\" class=\"section-gmc0dd5a gutentor-col-wrap\">\n<div class=\"wp-block-buttons is-content-justification-space-between is-layout-flex wp-container-core-buttons-layout-3 wp-block-buttons-is-layout-flex\">\n<div class=\"wp-block-button eteBtn\" style=\"text-transform:uppercase\"><a class=\"wp-block-button__link has-white-color has-roseclair-background-color has-text-color has-background wp-element-button\" href=\"https:\/\/tourisme-latestedebuch.com\/es\/verano-en-la-teste-de-buch\/\" style=\"border-radius:10px;padding-top:var(--wp--preset--spacing--40);padding-right:var(--wp--preset--spacing--40);padding-bottom:var(--wp--preset--spacing--40);padding-left:var(--wp--preset--spacing--40)\"><strong>En verano<\/strong><\/a><\/div>\n\n\n\n<div class=\"wp-block-button printempsBtn\" style=\"text-transform:uppercase\"><a class=\"wp-block-button__link has-white-color has-roseclair-background-color has-text-color has-background wp-element-button\" href=\"https:\/\/tourisme-latestedebuch.com\/venir-a-la-teste-de-buch-au-printemps\/\" style=\"border-radius:10px;padding-top:var(--wp--preset--spacing--40);padding-right:var(--wp--preset--spacing--40);padding-bottom:var(--wp--preset--spacing--40);padding-left:var(--wp--preset--spacing--40)\"><strong>PRIMAVERA<\/strong><\/a><\/div>\n\n\n\n<div class=\"wp-block-button hiverBtn\" style=\"text-transform:uppercase\"><a class=\"wp-block-button__link has-white-color has-roseclair-background-color has-text-color has-background wp-element-button\" href=\"https:\/\/tourisme-latestedebuch.com\/es\/invierno-en-la-teste-de-buch\/\" style=\"border-radius:10px;padding-top:var(--wp--preset--spacing--40);padding-right:var(--wp--preset--spacing--40);padding-bottom:var(--wp--preset--spacing--40);padding-left:var(--wp--preset--spacing--40)\"><strong>en invierno<\/strong><\/a><\/div>\n<\/div>\n<\/div><\/div>\n<\/div><\/div><\/section>\n<\/div><\/div>\n<\/div><\/div><\/section>\n","protected":false},"excerpt":{"rendered":"","protected":false},"author":1,"featured_media":202539,"parent":0,"menu_order":0,"comment_status":"closed","ping_status":"closed","template":"template-saison.php","meta":{"inline_featured_image":false,"footnotes":""},"categories":[185],"tags":[],"acf":[],"yoast_head":"<!-- This site is optimized with the Yoast SEO plugin v23.0 - https:\/\/yoast.com\/wordpress\/plugins\/seo\/ -->\n<title>Oto\u00f1o en La Teste de Buch - Site de l&#039;Office de tourisme La Teste de Buch<\/title>\n<meta name=\"description\" content=\"En oto\u00f1o, La Teste de Buch es el lugar donde hay que estar en oto\u00f1o: un momento para todo, desde paseos al aire libre hasta eventos y degustaciones.\" \/>\n<meta name=\"robots\" content=\"index, follow, max-snippet:-1, max-image-preview:large, max-video-preview:-1\" \/>\n<link rel=\"canonical\" href=\"https:\/\/tourisme-latestedebuch.com\/es\/otono-en-la-teste-de-buch\/\" \/>\n<meta property=\"og:locale\" content=\"es_ES\" \/>\n<meta property=\"og:type\" content=\"article\" \/>\n<meta property=\"og:title\" content=\"Oto\u00f1o en La Teste de Buch - Site de l&#039;Office de tourisme La Teste de Buch\" \/>\n<meta property=\"og:description\" content=\"En oto\u00f1o, La Teste de Buch es el lugar donde hay que estar en oto\u00f1o: un momento para todo, desde paseos al aire libre hasta eventos y degustaciones.\" \/>\n<meta property=\"og:url\" content=\"https:\/\/tourisme-latestedebuch.com\/es\/otono-en-la-teste-de-buch\/\" \/>\n<meta property=\"og:site_name\" content=\"Site de l&#039;Office de tourisme La Teste de Buch\" \/>\n<meta property=\"article:modified_time\" content=\"2024-04-10T07:50:50+00:00\" \/>\n<meta property=\"og:image\" content=\"https:\/\/tourisme-latestedebuch.com\/wp-content\/uploads\/2023\/03\/Cazaux-50-scaled-e1678961136718.jpg\" \/>\n\t<meta property=\"og:image:width\" content=\"2560\" \/>\n\t<meta property=\"og:image:height\" content=\"1707\" \/>\n\t<meta property=\"og:image:type\" content=\"image\/jpeg\" \/>\n<meta name=\"twitter:card\" content=\"summary_large_image\" \/>\n<meta name=\"twitter:label1\" content=\"Tiempo de lectura\" \/>\n\t<meta name=\"twitter:data1\" content=\"1 minuto\" \/>\n<script type=\"application\/ld+json\" class=\"yoast-schema-graph\">{\"@context\":\"https:\/\/schema.org\",\"@graph\":[{\"@type\":\"WebPage\",\"@id\":\"https:\/\/tourisme-latestedebuch.com\/es\/otono-en-la-teste-de-buch\/\",\"url\":\"https:\/\/tourisme-latestedebuch.com\/es\/otono-en-la-teste-de-buch\/\",\"name\":\"Oto\u00f1o en La Teste de Buch - Site de l&#039;Office de tourisme La Teste de Buch\",\"isPartOf\":{\"@id\":\"https:\/\/tourisme-latestedebuch.com\/#website\"},\"primaryImageOfPage\":{\"@id\":\"https:\/\/tourisme-latestedebuch.com\/es\/otono-en-la-teste-de-buch\/#primaryimage\"},\"image\":{\"@id\":\"https:\/\/tourisme-latestedebuch.com\/es\/otono-en-la-teste-de-buch\/#primaryimage\"},\"thumbnailUrl\":\"https:\/\/tourisme-latestedebuch.com\/wp-content\/uploads\/2023\/03\/Cazaux-50-scaled-e1678961136718.jpg\",\"datePublished\":\"2023-03-16T09:50:48+00:00\",\"dateModified\":\"2024-04-10T07:50:50+00:00\",\"description\":\"En oto\u00f1o, La Teste de Buch es el lugar donde hay que estar en oto\u00f1o: un momento para todo, desde paseos al aire libre hasta eventos y degustaciones.\",\"breadcrumb\":{\"@id\":\"https:\/\/tourisme-latestedebuch.com\/es\/otono-en-la-teste-de-buch\/#breadcrumb\"},\"inLanguage\":\"es\",\"potentialAction\":[{\"@type\":\"ReadAction\",\"target\":[\"https:\/\/tourisme-latestedebuch.com\/es\/otono-en-la-teste-de-buch\/\"]}]},{\"@type\":\"ImageObject\",\"inLanguage\":\"es\",\"@id\":\"https:\/\/tourisme-latestedebuch.com\/es\/otono-en-la-teste-de-buch\/#primaryimage\",\"url\":\"https:\/\/tourisme-latestedebuch.com\/wp-content\/uploads\/2023\/03\/Cazaux-50-scaled-e1678961136718.jpg\",\"contentUrl\":\"https:\/\/tourisme-latestedebuch.com\/wp-content\/uploads\/2023\/03\/Cazaux-50-scaled-e1678961136718.jpg\",\"width\":2560,\"height\":1707,\"caption\":\"Coucher de soleil\"},{\"@type\":\"BreadcrumbList\",\"@id\":\"https:\/\/tourisme-latestedebuch.com\/es\/otono-en-la-teste-de-buch\/#breadcrumb\",\"itemListElement\":[{\"@type\":\"ListItem\",\"position\":1,\"name\":\"Accueil\",\"item\":\"https:\/\/tourisme-latestedebuch.com\/es\/inicio\/\"},{\"@type\":\"ListItem\",\"position\":2,\"name\":\"Oto\u00f1o en La Teste de Buch\"}]},{\"@type\":\"WebSite\",\"@id\":\"https:\/\/tourisme-latestedebuch.com\/#website\",\"url\":\"https:\/\/tourisme-latestedebuch.com\/\",\"name\":\"Site de l&#039;Office de tourisme La Teste de Buch\",\"description\":\"\",\"potentialAction\":[{\"@type\":\"SearchAction\",\"target\":{\"@type\":\"EntryPoint\",\"urlTemplate\":\"https:\/\/tourisme-latestedebuch.com\/?s={search_term_string}\"},\"query-input\":\"required name=search_term_string\"}],\"inLanguage\":\"es\"}]}<\/script>\n<!-- \/ Yoast SEO plugin. -->","yoast_head_json":{"title":"Oto\u00f1o en La Teste de Buch - Site de l&#039;Office de tourisme La Teste de Buch","description":"En oto\u00f1o, La Teste de Buch es el lugar donde hay que estar en oto\u00f1o: un momento para todo, desde paseos al aire libre hasta eventos y degustaciones.","robots":{"index":"index","follow":"follow","max-snippet":"max-snippet:-1","max-image-preview":"max-image-preview:large","max-video-preview":"max-video-preview:-1"},"canonical":"https:\/\/tourisme-latestedebuch.com\/es\/otono-en-la-teste-de-buch\/","og_locale":"es_ES","og_type":"article","og_title":"Oto\u00f1o en La Teste de Buch - Site de l&#039;Office de tourisme La Teste de Buch","og_description":"En oto\u00f1o, La Teste de Buch es el lugar donde hay que estar en oto\u00f1o: un momento para todo, desde paseos al aire libre hasta eventos y degustaciones.","og_url":"https:\/\/tourisme-latestedebuch.com\/es\/otono-en-la-teste-de-buch\/","og_site_name":"Site de l&#039;Office de tourisme La Teste de Buch","article_modified_time":"2024-04-10T07:50:50+00:00","og_image":[{"width":2560,"height":1707,"url":"https:\/\/tourisme-latestedebuch.com\/wp-content\/uploads\/2023\/03\/Cazaux-50-scaled-e1678961136718.jpg","type":"image\/jpeg"}],"twitter_card":"summary_large_image","twitter_misc":{"Tiempo de lectura":"1 minuto"},"schema":{"@context":"https:\/\/schema.org","@graph":[{"@type":"WebPage","@id":"https:\/\/tourisme-latestedebuch.com\/es\/otono-en-la-teste-de-buch\/","url":"https:\/\/tourisme-latestedebuch.com\/es\/otono-en-la-teste-de-buch\/","name":"Oto\u00f1o en La Teste de Buch - Site de l&#039;Office de tourisme La Teste de Buch","isPartOf":{"@id":"https:\/\/tourisme-latestedebuch.com\/#website"},"primaryImageOfPage":{"@id":"https:\/\/tourisme-latestedebuch.com\/es\/otono-en-la-teste-de-buch\/#primaryimage"},"image":{"@id":"https:\/\/tourisme-latestedebuch.com\/es\/otono-en-la-teste-de-buch\/#primaryimage"},"thumbnailUrl":"https:\/\/tourisme-latestedebuch.com\/wp-content\/uploads\/2023\/03\/Cazaux-50-scaled-e1678961136718.jpg","datePublished":"2023-03-16T09:50:48+00:00","dateModified":"2024-04-10T07:50:50+00:00","description":"En oto\u00f1o, La Teste de Buch es el lugar donde hay que estar en oto\u00f1o: un momento para todo, desde paseos al aire libre hasta eventos y degustaciones.","breadcrumb":{"@id":"https:\/\/tourisme-latestedebuch.com\/es\/otono-en-la-teste-de-buch\/#breadcrumb"},"inLanguage":"es","potentialAction":[{"@type":"ReadAction","target":["https:\/\/tourisme-latestedebuch.com\/es\/otono-en-la-teste-de-buch\/"]}]},{"@type":"ImageObject","inLanguage":"es","@id":"https:\/\/tourisme-latestedebuch.com\/es\/otono-en-la-teste-de-buch\/#primaryimage","url":"https:\/\/tourisme-latestedebuch.com\/wp-content\/uploads\/2023\/03\/Cazaux-50-scaled-e1678961136718.jpg","contentUrl":"https:\/\/tourisme-latestedebuch.com\/wp-content\/uploads\/2023\/03\/Cazaux-50-scaled-e1678961136718.jpg","width":2560,"height":1707,"caption":"Coucher de soleil"},{"@type":"BreadcrumbList","@id":"https:\/\/tourisme-latestedebuch.com\/es\/otono-en-la-teste-de-buch\/#breadcrumb","itemListElement":[{"@type":"ListItem","position":1,"name":"Accueil","item":"https:\/\/tourisme-latestedebuch.com\/es\/inicio\/"},{"@type":"ListItem","position":2,"name":"Oto\u00f1o en La Teste de Buch"}]},{"@type":"WebSite","@id":"https:\/\/tourisme-latestedebuch.com\/#website","url":"https:\/\/tourisme-latestedebuch.com\/","name":"Site de l&#039;Office de tourisme La Teste de Buch","description":"","potentialAction":[{"@type":"SearchAction","target":{"@type":"EntryPoint","urlTemplate":"https:\/\/tourisme-latestedebuch.com\/?s={search_term_string}"},"query-input":"required name=search_term_string"}],"inLanguage":"es"}]}},"_links":{"self":[{"href":"https:\/\/tourisme-latestedebuch.com\/es\/wp-json\/wp\/v2\/pages\/262334"}],"collection":[{"href":"https:\/\/tourisme-latestedebuch.com\/es\/wp-json\/wp\/v2\/pages"}],"about":[{"href":"https:\/\/tourisme-latestedebuch.com\/es\/wp-json\/wp\/v2\/types\/page"}],"author":[{"embeddable":true,"href":"https:\/\/tourisme-latestedebuch.com\/es\/wp-json\/wp\/v2\/users\/1"}],"replies":[{"embeddable":true,"href":"https:\/\/tourisme-latestedebuch.com\/es\/wp-json\/wp\/v2\/comments?post=262334"}],"version-history":[{"count":2,"href":"https:\/\/tourisme-latestedebuch.com\/es\/wp-json\/wp\/v2\/pages\/262334\/revisions"}],"predecessor-version":[{"id":264853,"href":"https:\/\/tourisme-latestedebuch.com\/es\/wp-json\/wp\/v2\/pages\/262334\/revisions\/264853"}],"wp:featuredmedia":[{"embeddable":true,"href":"https:\/\/tourisme-latestedebuch.com\/es\/wp-json\/wp\/v2\/media\/202539"}],"wp:attachment":[{"href":"https:\/\/tourisme-latestedebuch.com\/es\/wp-json\/wp\/v2\/media?parent=262334"}],"wp:term":[{"taxonomy":"category","embeddable":true,"href":"https:\/\/tourisme-latestedebuch.com\/es\/wp-json\/wp\/v2\/categories?post=262334"},{"taxonomy":"post_tag","embeddable":true,"href":"https:\/\/tourisme-latestedebuch.com\/es\/wp-json\/wp\/v2\/tags?post=262334"}],"curies":[{"name":"wp","href":"https:\/\/api.w.org\/{rel}","templated":true}]}}