{"id":264857,"date":"2023-03-08T14:42:29","date_gmt":"2023-03-08T13:42:29","guid":{"rendered":"https:\/\/tourisme-latestedebuch.com\/lile-aux-oiseaux\/"},"modified":"2024-04-10T10:00:13","modified_gmt":"2024-04-10T08:00:13","slug":"lile-aux-oiseaux","status":"publish","type":"page","link":"https:\/\/tourisme-latestedebuch.com\/es\/lile-aux-oiseaux\/","title":{"rendered":"L&#8217;\u00eele aux oiseaux"},"content":{"rendered":"\n<section id=\"gm97e2c3f\" class=\"wp-block-gutentor-m0 section-gm97e2c3f gutentor-module gutentor-module-carousel gutentor-slick-a-default-mobile\"><div class=\"grid-container\"><div class=\"gutentor-module-carousel-row\" data-dots=\"false\" data-dotstablet=\"false\" data-dotsmobile=\"false\" data-arrows=\"false\" data-arrowstablet=\"false\" data-arrowsmobile=\"true\" data-infinite=\"false\" data-autoplay=\"false\" data-draggable=\"true\" data-pauseonfocus=\"true\" data-pauseonhover=\"true\" data-autoplayspeed=\"3000\" data-cmondesktop=\"false\" data-cmontablet=\"false\" data-cmonmobile=\"true\" data-nextarrow=\"fas fa-angle-right\" data-prevarrow=\"fas fa-angle-left\" data-arrowspositiondesktop=\"gutentor-slick-a-default-desktop\" data-arrowspositiontablet=\"gutentor-slick-a-default-tablet\" data-arrowspositionmobile=\"gutentor-slick-a-default-mobile\" data-speed=\"300\" data-slideitemdesktop=\"3\" data-slideitemtablet=\"3\" data-slideitemmobile=\"1\" data-slidescroll-desktop=\"3\" data-slidescroll-tablet=\"3\" data-slidescroll-mobile=\"1\">\n<div id=\"col-gm3d322c\" class=\"wp-block-gutentor-m0-col col-gm3d322c gutentor-carousel-item\"><div id=\"section-gm3d322c\" class=\"section-gm3d322c gutentor-col-wrap\">\n<div id=\"section-gbbd389\" class=\"wp-block-gutentor-e3 section-gbbd389 gutentor-element gutentor-element-counter chiffres_lieux\"><div class=\"gutentor-element-counter-box\"><span class=\"gutentor-counter-number\"><span class=\"gutentor-counter-number-prefix\"><\/span><span class=\"gutentor-counter-number-main\" data-start=\"0\" data-end=\"250\">250<\/span><span class=\"gutentor-counter-number-postfix\">ESPECIES DE AVES<\/span><\/span><\/div><\/div>\n<\/div><\/div>\n\n\n\n<div id=\"col-gmc2883c\" class=\"wp-block-gutentor-m0-col col-gmc2883c gutentor-carousel-item\"><div id=\"section-gmc2883c\" class=\"section-gmc2883c gutentor-col-wrap\">\n<div id=\"section-g564406\" class=\"wp-block-gutentor-e3 section-g564406 gutentor-element gutentor-element-counter chiffres_lieux\"><div class=\"gutentor-element-counter-box\"><span class=\"gutentor-counter-number\"><span class=\"gutentor-counter-number-prefix\"><\/span><span class=\"gutentor-counter-number-main\" data-start=\"0\" data-end=\"53\">53<\/span><span class=\"gutentor-counter-number-postfix\">CABANES<\/span><\/span><\/div><\/div>\n<\/div><\/div>\n<\/div><\/div><\/section>\n","protected":false},"excerpt":{"rendered":"<p>Con marea baja, la \u00cele aux Oiseaux es un p\u00e1ramo de mil hect\u00e1reas que se divisa en medio de la Bassin.<\/p>\n","protected":false},"author":1,"featured_media":0,"parent":0,"menu_order":0,"comment_status":"closed","ping_status":"closed","template":"template-lieux.php","meta":{"inline_featured_image":false,"footnotes":""},"categories":[188,185],"tags":[],"acf":[],"yoast_head":"<!-- This site is optimized with the Yoast SEO plugin v23.0 - https:\/\/yoast.com\/wordpress\/plugins\/seo\/ -->\n<title>L&#039;\u00eele aux oiseaux - Site de l&#039;Office de tourisme La Teste de Buch<\/title>\n<meta name=\"description\" content=\"En pleno coraz\u00f3n de la bah\u00eda de Arcachon, la \u00cele aux Oiseaux es un lugar intacto y atemporal. \u00a1Salida en barco desde La Teste de Buch!\" \/>\n<meta name=\"robots\" content=\"index, follow, max-snippet:-1, max-image-preview:large, max-video-preview:-1\" \/>\n<link rel=\"canonical\" href=\"https:\/\/tourisme-latestedebuch.com\/es\/lile-aux-oiseaux\/\" \/>\n<meta property=\"og:locale\" content=\"es_ES\" \/>\n<meta property=\"og:type\" content=\"article\" \/>\n<meta property=\"og:title\" content=\"L&#039;\u00eele aux oiseaux - Site de l&#039;Office de tourisme La Teste de Buch\" \/>\n<meta property=\"og:description\" content=\"En pleno coraz\u00f3n de la bah\u00eda de Arcachon, la \u00cele aux Oiseaux es un lugar intacto y atemporal. \u00a1Salida en barco desde La Teste de Buch!\" \/>\n<meta property=\"og:url\" content=\"https:\/\/tourisme-latestedebuch.com\/es\/lile-aux-oiseaux\/\" \/>\n<meta property=\"og:site_name\" content=\"Site de l&#039;Office de tourisme La Teste de Buch\" \/>\n<meta property=\"article:modified_time\" content=\"2024-04-10T08:00:13+00:00\" \/>\n<meta name=\"twitter:card\" content=\"summary_large_image\" \/>\n<script type=\"application\/ld+json\" class=\"yoast-schema-graph\">{\"@context\":\"https:\/\/schema.org\",\"@graph\":[{\"@type\":\"WebPage\",\"@id\":\"https:\/\/tourisme-latestedebuch.com\/es\/lile-aux-oiseaux\/\",\"url\":\"https:\/\/tourisme-latestedebuch.com\/es\/lile-aux-oiseaux\/\",\"name\":\"L'\u00eele aux oiseaux - Site de l&#039;Office de tourisme La Teste de Buch\",\"isPartOf\":{\"@id\":\"https:\/\/tourisme-latestedebuch.com\/#website\"},\"datePublished\":\"2023-03-08T13:42:29+00:00\",\"dateModified\":\"2024-04-10T08:00:13+00:00\",\"description\":\"En pleno coraz\u00f3n de la bah\u00eda de Arcachon, la \u00cele aux Oiseaux es un lugar intacto y atemporal. \u00a1Salida en barco desde La Teste de Buch!\",\"breadcrumb\":{\"@id\":\"https:\/\/tourisme-latestedebuch.com\/es\/lile-aux-oiseaux\/#breadcrumb\"},\"inLanguage\":\"es\",\"potentialAction\":[{\"@type\":\"ReadAction\",\"target\":[\"https:\/\/tourisme-latestedebuch.com\/es\/lile-aux-oiseaux\/\"]}]},{\"@type\":\"BreadcrumbList\",\"@id\":\"https:\/\/tourisme-latestedebuch.com\/es\/lile-aux-oiseaux\/#breadcrumb\",\"itemListElement\":[{\"@type\":\"ListItem\",\"position\":1,\"name\":\"Accueil\",\"item\":\"https:\/\/tourisme-latestedebuch.com\/es\/inicio\/\"},{\"@type\":\"ListItem\",\"position\":2,\"name\":\"L&#8217;\u00eele aux oiseaux\"}]},{\"@type\":\"WebSite\",\"@id\":\"https:\/\/tourisme-latestedebuch.com\/#website\",\"url\":\"https:\/\/tourisme-latestedebuch.com\/\",\"name\":\"Site de l&#039;Office de tourisme La Teste de Buch\",\"description\":\"\",\"potentialAction\":[{\"@type\":\"SearchAction\",\"target\":{\"@type\":\"EntryPoint\",\"urlTemplate\":\"https:\/\/tourisme-latestedebuch.com\/?s={search_term_string}\"},\"query-input\":\"required name=search_term_string\"}],\"inLanguage\":\"es\"}]}<\/script>\n<!-- \/ Yoast SEO plugin. -->","yoast_head_json":{"title":"L'\u00eele aux oiseaux - Site de l&#039;Office de tourisme La Teste de Buch","description":"En pleno coraz\u00f3n de la bah\u00eda de Arcachon, la \u00cele aux Oiseaux es un lugar intacto y atemporal. \u00a1Salida en barco desde La Teste de Buch!","robots":{"index":"index","follow":"follow","max-snippet":"max-snippet:-1","max-image-preview":"max-image-preview:large","max-video-preview":"max-video-preview:-1"},"canonical":"https:\/\/tourisme-latestedebuch.com\/es\/lile-aux-oiseaux\/","og_locale":"es_ES","og_type":"article","og_title":"L'\u00eele aux oiseaux - Site de l&#039;Office de tourisme La Teste de Buch","og_description":"En pleno coraz\u00f3n de la bah\u00eda de Arcachon, la \u00cele aux Oiseaux es un lugar intacto y atemporal. \u00a1Salida en barco desde La Teste de Buch!","og_url":"https:\/\/tourisme-latestedebuch.com\/es\/lile-aux-oiseaux\/","og_site_name":"Site de l&#039;Office de tourisme La Teste de Buch","article_modified_time":"2024-04-10T08:00:13+00:00","twitter_card":"summary_large_image","schema":{"@context":"https:\/\/schema.org","@graph":[{"@type":"WebPage","@id":"https:\/\/tourisme-latestedebuch.com\/es\/lile-aux-oiseaux\/","url":"https:\/\/tourisme-latestedebuch.com\/es\/lile-aux-oiseaux\/","name":"L'\u00eele aux oiseaux - Site de l&#039;Office de tourisme La Teste de Buch","isPartOf":{"@id":"https:\/\/tourisme-latestedebuch.com\/#website"},"datePublished":"2023-03-08T13:42:29+00:00","dateModified":"2024-04-10T08:00:13+00:00","description":"En pleno coraz\u00f3n de la bah\u00eda de Arcachon, la \u00cele aux Oiseaux es un lugar intacto y atemporal. \u00a1Salida en barco desde La Teste de Buch!","breadcrumb":{"@id":"https:\/\/tourisme-latestedebuch.com\/es\/lile-aux-oiseaux\/#breadcrumb"},"inLanguage":"es","potentialAction":[{"@type":"ReadAction","target":["https:\/\/tourisme-latestedebuch.com\/es\/lile-aux-oiseaux\/"]}]},{"@type":"BreadcrumbList","@id":"https:\/\/tourisme-latestedebuch.com\/es\/lile-aux-oiseaux\/#breadcrumb","itemListElement":[{"@type":"ListItem","position":1,"name":"Accueil","item":"https:\/\/tourisme-latestedebuch.com\/es\/inicio\/"},{"@type":"ListItem","position":2,"name":"L&#8217;\u00eele aux oiseaux"}]},{"@type":"WebSite","@id":"https:\/\/tourisme-latestedebuch.com\/#website","url":"https:\/\/tourisme-latestedebuch.com\/","name":"Site de l&#039;Office de tourisme La Teste de Buch","description":"","potentialAction":[{"@type":"SearchAction","target":{"@type":"EntryPoint","urlTemplate":"https:\/\/tourisme-latestedebuch.com\/?s={search_term_string}"},"query-input":"required name=search_term_string"}],"inLanguage":"es"}]}},"_links":{"self":[{"href":"https:\/\/tourisme-latestedebuch.com\/es\/wp-json\/wp\/v2\/pages\/264857"}],"collection":[{"href":"https:\/\/tourisme-latestedebuch.com\/es\/wp-json\/wp\/v2\/pages"}],"about":[{"href":"https:\/\/tourisme-latestedebuch.com\/es\/wp-json\/wp\/v2\/types\/page"}],"author":[{"embeddable":true,"href":"https:\/\/tourisme-latestedebuch.com\/es\/wp-json\/wp\/v2\/users\/1"}],"replies":[{"embeddable":true,"href":"https:\/\/tourisme-latestedebuch.com\/es\/wp-json\/wp\/v2\/comments?post=264857"}],"version-history":[{"count":1,"href":"https:\/\/tourisme-latestedebuch.com\/es\/wp-json\/wp\/v2\/pages\/264857\/revisions"}],"predecessor-version":[{"id":264858,"href":"https:\/\/tourisme-latestedebuch.com\/es\/wp-json\/wp\/v2\/pages\/264857\/revisions\/264858"}],"wp:attachment":[{"href":"https:\/\/tourisme-latestedebuch.com\/es\/wp-json\/wp\/v2\/media?parent=264857"}],"wp:term":[{"taxonomy":"category","embeddable":true,"href":"https:\/\/tourisme-latestedebuch.com\/es\/wp-json\/wp\/v2\/categories?post=264857"},{"taxonomy":"post_tag","embeddable":true,"href":"https:\/\/tourisme-latestedebuch.com\/es\/wp-json\/wp\/v2\/tags?post=264857"}],"curies":[{"name":"wp","href":"https:\/\/api.w.org\/{rel}","templated":true}]}}