{"id":264860,"date":"2023-03-14T14:10:42","date_gmt":"2023-03-14T13:10:42","guid":{"rendered":"https:\/\/tourisme-latestedebuch.com\/oficina-de-turismo\/"},"modified":"2026-03-11T15:55:06","modified_gmt":"2026-03-11T14:55:06","slug":"oficina-de-turismo","status":"publish","type":"page","link":"https:\/\/tourisme-latestedebuch.com\/es\/oficina-de-turismo\/","title":{"rendered":"Oficina de Turismo"},"content":{"rendered":"\n<section id=\"gm254360b\" class=\"wp-block-gutentor-m4 section-gm254360b gutentor-module gutentor-advanced-columns has-image-bg has-custom-bg has-gutentor-overlay header-page\"><div class=\"grid-container\"><div class=\"grid-row\">\n<div id=\"col-gm36128d\" class=\"wp-block-gutentor-m4-col col-gm36128d gutentor-single-column  grid-lg-12 grid-md-12 grid-12\"><div id=\"section-gm36128d\" class=\"section-gm36128d gutentor-col-wrap\">\n<h1 class=\"wp-block-heading has-text-align-center has-white-color has-text-color\" style=\"font-size:100px;text-transform:uppercase\"><span><strong>OFICINA<\/strong><\/span> <strong>DE TURISMO<\/strong><\/h1>\n<\/div><\/div>\n<\/div><\/div><\/section>\n\n\n\n<section id=\"gm234082a\" class=\"wp-block-gutentor-m4 section-gm234082a gutentor-module gutentor-advanced-columns\"><div class=\"grid-container\"><div class=\"grid-row\">\n<div id=\"col-gm395a0a\" class=\"wp-block-gutentor-m4-col col-gm395a0a gutentor-single-column  grid-lg-12 grid-md-12 grid-12\"><div id=\"section-gm395a0a\" class=\"section-gm395a0a gutentor-col-wrap\">\n<p class=\"has-text-align-center\"><strong><strong>Estamos encantados de recibirle en nuestro hermoso municipio de La Teste de Buch y de poder compartir con usted todas nuestras grandes ideas.<\/strong><\/strong><\/p>\n<\/div><\/div>\n<\/div><\/div><\/section>\n\n\n\n<section id=\"gmf819430\" class=\"wp-block-gutentor-m4 section-gmf819430 gutentor-module gutentor-advanced-columns nousContacter\"><div class=\"grid-container\"><div class=\"grid-row\">\n<div id=\"col-gm6684c3\" class=\"wp-block-gutentor-m4-col col-gm6684c3 gutentor-single-column  grid-lg-6 grid-md-6 grid-12\"><div id=\"section-gm6684c3\" class=\"section-gm6684c3 gutentor-col-wrap\">\n<h2 class=\"wp-block-heading has-vert-color has-text-color\" style=\"margin-bottom:40px\"><span>BIENVENIDO<\/span> A LA TESTE DE BUCH<\/h2>\n\n\n\n<p>El equipo de la <strong>Oficina de Turismo<\/strong> le da la bienvenida a nuestras oficinas, situadas en el 13 bis de la rue Victor Hugo, para compartir con usted todas nuestras <strong>buenas ideas<\/strong> sobre la zona: una escapada en pareja, una semana en familia o un fin de semana a solas&#8230; \u00a1estaremos encantados de darle nuestras mejores ideas para una <strong>estancia memorable<\/strong>!<\/p>\n\n\n\n<p><strong>Esperamos verle all\u00ed.<\/strong><\/p>\n<\/div><\/div>\n\n\n\n<div id=\"col-gm30ebd8\" class=\"wp-block-gutentor-m4-col col-gm30ebd8 gutentor-single-column  grid-lg-6 grid-md-6 grid-12 contact\"><div id=\"section-gm30ebd8\" class=\"section-gm30ebd8 gutentor-col-wrap\">\n<h3 class=\"wp-block-heading has-rose-color has-text-color\">Cont\u00e1ctenos<\/h3>\n\n\n\n<section id=\"gm1538b99\" class=\"wp-block-gutentor-m4 section-gm1538b99 gutentor-module gutentor-advanced-columns\"><div class=\"grid-container\"><div class=\"grid-row\">\n<div id=\"col-gmb5c2c7\" class=\"wp-block-gutentor-m4-col col-gmb5c2c7 gutentor-single-column  grid-lg-6 grid-md-12 grid-12\"><div id=\"section-gmb5c2c7\" class=\"section-gmb5c2c7 gutentor-col-wrap\">\n<p style=\"text-transform:uppercase\"><strong>Direcci\u00f3n <\/strong><\/p>\n\n\n\n<p class=\"spanContact\">13 bis rue Victor Hugo \u2013 BP 30553<br>33260 La Teste de Buch<\/p>\n\n\n\n<p><strong>TELEPHONO <\/strong><\/p>\n\n\n\n<p class=\"spanContact\"><a href=\"tel:+33556546314\">+33 5 56 54 63 14<\/a><\/p>\n\n\n\n<p><strong>EMAIL<\/strong><\/p>\n\n\n\n<p class=\"spanContact\"><a href=\"mailto:info@tourisme-latestedebuch.com\">info@tourisme-latestedebuch.com<\/a><\/p>\n<\/div><\/div>\n\n\n\n<div id=\"col-gm830b20\" class=\"wp-block-gutentor-m4-col col-gm830b20 gutentor-single-column  grid-lg-6 grid-md-12 grid-12\"><div id=\"section-gm830b20\" class=\"section-gm830b20 gutentor-col-wrap\">\n<p><strong>HORARIOS<\/strong><\/p>\n\n\n\n<p class=\"spanContact\"><strong>Todo el a\u00f1o :<\/strong><\/p>\n\n\n\n<p class=\"spanContact\">De lunes a s\u00e1bado, de 9.00 a 12.30 h. y de 14.00 a 17.30 h.<\/p>\n\n\n\n<p class=\"spanContact\"><strong>Julio-agosto:<\/strong><\/p>\n\n\n\n<p class=\"spanContact\">De lunes a s\u00e1bado, de 9.00 a 18.30<br>Domingos y festivos De 9.30 a 13.00 horas<\/p>\n<\/div><\/div>\n<\/div><\/div><\/section>\n<\/div><\/div>\n<\/div><\/div><\/section>\n\n\n\n<section id=\"gm27e0baa\" class=\"wp-block-gutentor-m4 section-gm27e0baa gutentor-module gutentor-advanced-columns has-image-bg has-custom-bg\"><div class=\"grid-container\"><div class=\"grid-row\">\n<div id=\"col-gm703e97\" class=\"wp-block-gutentor-m4-col col-gm703e97 gutentor-single-column  grid-lg-12 grid-md-12 grid-12\"><div id=\"section-gm703e97\" class=\"section-gm703e97 gutentor-col-wrap\"><\/div><\/div>\n<\/div><\/div><\/section>\n\n\n\n<section id=\"gm832efeb\" class=\"wp-block-gutentor-m4 section-gm832efeb gutentor-module gutentor-advanced-columns\"><div class=\"grid-container\"><div class=\"grid-row\">\n<div id=\"col-gm78c64c\" class=\"wp-block-gutentor-m4-col col-gm78c64c gutentor-single-column  grid-lg-12 grid-md-12 grid-12\"><div id=\"section-gm78c64c\" class=\"section-gm78c64c gutentor-col-wrap\">\n<h2 class=\"wp-block-heading has-vert-color has-text-color\" style=\"margin-bottom:40px\"><span>SERVICIOS<\/span> DE LA OFICINA DE TURISMO<\/h2>\n<\/div><\/div>\n<\/div><\/div><\/section>\n\n\n\n<section id=\"gmed83b1a\" class=\"wp-block-gutentor-m4 section-gmed83b1a gutentor-module gutentor-advanced-columns\"><div class=\"grid-container\"><div class=\"grid-row\">\n<div id=\"col-gmd30f2d\" class=\"wp-block-gutentor-m4-col col-gmd30f2d gutentor-single-column  grid-lg-4 grid-md-4 grid-12\"><div id=\"section-gmd30f2d\" class=\"section-gmd30f2d gutentor-col-wrap has-color-bg has-custom-bg\">\n<h3 class=\"wp-block-heading\">La tienda<\/h3>\n\n\n\n<section id=\"gm678c1fe\" class=\"wp-block-gutentor-m4 section-gm678c1fe gutentor-module gutentor-advanced-columns\"><div class=\"grid-container\"><div class=\"grid-row\">\n<div id=\"col-gma1bf3d\" class=\"wp-block-gutentor-m4-col col-gma1bf3d gutentor-single-column  grid-lg-7 grid-md-12 grid-12\"><div id=\"section-gma1bf3d\" class=\"section-gma1bf3d gutentor-col-wrap\">\n<p>Descubra una selecci\u00f3n de productos 100% fabricados en Francia por artesanos y dise\u00f1adores locales. Encontrar\u00e1 una selecci\u00f3n en nuestra tienda en l\u00ednea y muchas novedades en nuestra tienda f\u00edsica. <\/p>\n<\/div><\/div>\n\n\n\n<div id=\"col-gm6236ff\" class=\"wp-block-gutentor-m4-col col-gm6236ff gutentor-single-column  grid-lg-5 grid-md-12 grid-12\"><div id=\"section-gm6236ff\" class=\"section-gm6236ff gutentor-col-wrap\">\n<figure class=\"wp-block-image size-full\"><img decoding=\"async\" width=\"146\" height=\"159\" crossorigin=\"anonymous\" src=\"https:\/\/tourisme-latestedebuch.com\/wp-content\/uploads\/2023\/03\/produits-boutique.png\" alt=\"Productos de la tienda\" class=\"wp-image-27048\"\/><\/figure>\n<\/div><\/div>\n<\/div><\/div><\/section>\n\n\n\n<div class=\"wp-block-buttons btnCommuneHover is-layout-flex wp-block-buttons-is-layout-flex\">\n<div class=\"wp-block-button has-custom-width wp-block-button__width-100 has-custom-font-size\" style=\"font-size:16px;text-transform:uppercase\"><a class=\"wp-block-button__link has-vert-color has-white-background-color has-text-color has-background wp-element-button\" href=\"https:\/\/boutique.tourisme-latestedebuch.com\/souvenirs\" style=\"border-radius:50px\" target=\"_blank\" rel=\"noreferrer noopener\"><strong>Descubrir<\/strong><\/a><\/div>\n<\/div>\n<\/div><\/div>\n\n\n\n<div id=\"col-gm90ed0f\" class=\"wp-block-gutentor-m4-col col-gm90ed0f gutentor-single-column  grid-lg-4 grid-md-4 grid-12\"><div id=\"section-gm90ed0f\" class=\"section-gm90ed0f gutentor-col-wrap has-image-bg has-custom-bg\">\n<h3 class=\"wp-block-heading\">Visitas guiadas y venta de entradas<\/h3>\n\n\n\n<section id=\"gm30cfc35\" class=\"wp-block-gutentor-m4 section-gm30cfc35 gutentor-module gutentor-advanced-columns\"><div class=\"grid-container\"><div class=\"grid-row\">\n<div id=\"col-gm36a26b\" class=\"wp-block-gutentor-m4-col col-gm36a26b gutentor-single-column  grid-lg-12 grid-md-12 grid-12\"><div id=\"section-gm36a26b\" class=\"section-gm36a26b gutentor-col-wrap\">\n<p>Descubra la regi\u00f3n de una forma diferente con las visitas guiadas de la Oficina de Turismo: naturaleza, cultura, teatralizadas, gastron\u00f3micas o l\u00fadicas. Reserve sus actividades en l\u00ednea<\/p>\n\n\n\n<p>Venta de entradas para : <\/p>\n\n\n\n<ul>\n<li>El Zoo Bassin d\u2019Arcachon<\/li>\n\n\n\n<li>La Coccinelle<\/li>\n\n\n\n<li>Aqualand<\/li>\n\n\n\n<li>Visita a la f\u00e1brica de cerveza MIRA<\/li>\n\n\n\n<li>Visita a la planta SVABA, que transforma las algas en abono<\/li>\n<\/ul>\n<\/div><\/div>\n<\/div><\/div><\/section>\n\n\n\n<div class=\"wp-block-buttons btnCommuneHover is-layout-flex wp-block-buttons-is-layout-flex\">\n<div class=\"wp-block-button has-custom-width wp-block-button__width-100 has-custom-font-size\" style=\"font-size:16px;text-transform:uppercase\"><a class=\"wp-block-button__link has-vert-color has-white-background-color has-text-color has-background wp-element-button\" href=\"https:\/\/boutique.tourisme-latestedebuch.com\/visites-guidees\" style=\"border-radius:50px\" target=\"_blank\" rel=\"noreferrer noopener\"><strong>Descubrir<\/strong><\/a><\/div>\n<\/div>\n<\/div><\/div>\n\n\n\n<div id=\"col-gm35f779\" class=\"wp-block-gutentor-m4-col col-gm35f779 gutentor-single-column  grid-lg-4 grid-md-4 grid-12\"><div id=\"section-gm35f779\" class=\"section-gm35f779 gutentor-col-wrap has-image-bg has-custom-bg\">\n<h3 class=\"wp-block-heading\">Clasificaci\u00f3n de los alojamientos amueblados<\/h3>\n\n\n\n<p>Si desea clasificar o renovar la clasificaci\u00f3n de su alojamiento, debe recurrir a los servicios de un organismo autorizado para clasificar alojamientos tur\u00edsticos amueblados, cuyo objetivo es informar a los clientes sobre el nivel de confort, equipamiento y servicios ofrecidos.<\/p>\n\n\n\n<p>Nuestros equipos est\u00e1n a su disposici\u00f3n para ayudarle a obtener esta clasificaci\u00f3n, que garantiza la calidad de su vivienda de alquiler en una escala de 1 a 5 estrellas, conforme a las normas nacionales.<\/p>\n\n\n\n<div class=\"wp-block-buttons btnCommuneHover is-layout-flex wp-block-buttons-is-layout-flex\">\n<div class=\"wp-block-button has-custom-width wp-block-button__width-100 has-custom-font-size\" style=\"font-size:16px;text-transform:uppercase\"><a class=\"wp-block-button__link has-vert-color has-white-background-color has-text-color has-background wp-element-button\" href=\"https:\/\/tourisme-latestedebuch.com\/classement-des-meubles\/\" style=\"border-radius:50px\"><strong>Descubrir<\/strong><\/a><\/div>\n<\/div>\n<\/div><\/div>\n<\/div><\/div><\/section>\n\n\n\n<section id=\"gm3c31d3a\" class=\"wp-block-gutentor-m3 section-gm3c31d3a gutentor-module gutentor-container-cover\"><div class=\"grid-container\">\n<h2 class=\"wp-block-heading has-roseclair-color has-text-color\"><span>Qu\u00e9 hacer<\/span> en La Teste de Buch<\/h2>\n<\/div><\/section>\n\n\n\n<section id=\"gmcab2ab4\" class=\"wp-block-gutentor-m4 section-gmcab2ab4 gutentor-module gutentor-advanced-columns  d-md-none d-lg-block d-none\"><div class=\"grid-container\"><div class=\"grid-row\">\n<div id=\"col-gm6e224e\" class=\"wp-block-gutentor-m4-col col-gm6e224e gutentor-single-column  grid-lg-12 grid-md-12 grid-12\"><div id=\"section-gm6e224e\" class=\"section-gm6e224e gutentor-col-wrap\">\n<div class=\"wp-block-buttons is-content-justification-right is-layout-flex wp-container-core-buttons-layout-4 wp-block-buttons-is-layout-flex\">\n<div class=\"wp-block-button has-custom-font-size is-style-outline\" style=\"font-size:16px;text-transform:uppercase\"><a class=\"wp-block-button__link has-rose-color has-white-background-color has-text-color has-background wp-element-button\" href=\"https:\/\/tourisme-latestedebuch.com\/que-faire\" style=\"border-radius:67px\"><strong>Todos los eventos<\/strong><\/a><\/div>\n<\/div>\n<\/div><\/div>\n<\/div><\/div><\/section>\n\n\n\n<section id=\"gm90027dd\" class=\"wp-block-gutentor-m4 section-gm90027dd gutentor-module gutentor-advanced-columns content-agenda-home\"><div class=\"grid-container\"><div class=\"grid-row\">\n<div id=\"col-gm2edec1\" class=\"wp-block-gutentor-m4-col col-gm2edec1 gutentor-single-column  grid-lg-6 grid-md-12 grid-12\"><div id=\"section-gm2edec1\" class=\"section-gm2edec1 gutentor-col-wrap\"><p>[bs-grid type=\u00bbmanifestations\u00bb order=\u00bbDESC\u00bb orderby=\u00bbdate\u00bb posts=\u00bb1&#8243;]<\/p>\n<\/div><\/div>\n\n\n\n<div id=\"col-gmf3533b\" class=\"wp-block-gutentor-m4-col col-gmf3533b gutentor-single-column  grid-lg-6 grid-md-12 grid-12\"><div id=\"section-gmf3533b\" class=\"section-gmf3533b gutentor-col-wrap\"><p>[bs-list type=\u00bbmanifestations\u00bb order=\u00bbDESC\u00bb orderby=\u00bbdate\u00bb posts=\u00bb3&#8243; offset=\u00bb1&#8243;]<\/p>\n<\/div><\/div>\n<\/div><\/div><\/section>\n\n\n\n<section id=\"gm2def19c\" class=\"wp-block-gutentor-m4 section-gm2def19c gutentor-module gutentor-advanced-columns d-lg-none\"><div class=\"grid-container\"><div class=\"grid-row\">\n<div id=\"col-gm29a77d\" class=\"wp-block-gutentor-m4-col col-gm29a77d gutentor-single-column  grid-lg-12 grid-md-12 grid-12\"><div id=\"section-gm29a77d\" class=\"section-gm29a77d gutentor-col-wrap\">\n<div class=\"wp-block-buttons is-content-justification-center is-layout-flex wp-container-core-buttons-layout-5 wp-block-buttons-is-layout-flex\">\n<div class=\"wp-block-button has-custom-font-size is-style-outline\" style=\"font-size:16px;text-transform:uppercase\"><a class=\"wp-block-button__link has-rose-color has-white-background-color has-text-color has-background wp-element-button\" href=\"https:\/\/tourisme-latestedebuch.com\/que-faire\" style=\"border-radius:67px\"><strong>Todos los eventos<\/strong><\/a><\/div>\n<\/div>\n<\/div><\/div>\n<\/div><\/div><\/section>\n","protected":false},"excerpt":{"rendered":"","protected":false},"author":1,"featured_media":0,"parent":0,"menu_order":0,"comment_status":"closed","ping_status":"closed","template":"template-full-width.php","meta":{"inline_featured_image":false,"footnotes":""},"categories":[],"tags":[],"acf":[],"yoast_head":"<!-- This site is optimized with the Yoast SEO plugin v23.0 - https:\/\/yoast.com\/wordpress\/plugins\/seo\/ -->\n<title>Bienvenido a la Oficina de Turismo de La Teste de Buch<\/title>\n<meta name=\"description\" content=\"Est\u00e1bamos deseando verle. El equipo de la Oficina de Turismo le da la bienvenida a nuestras nuevas instalaciones, para compartir con usted todas nuestras buenas ideas.\" \/>\n<meta name=\"robots\" content=\"index, follow, max-snippet:-1, max-image-preview:large, max-video-preview:-1\" \/>\n<link rel=\"canonical\" href=\"https:\/\/tourisme-latestedebuch.com\/es\/oficina-de-turismo\/\" \/>\n<meta property=\"og:locale\" content=\"es_ES\" \/>\n<meta property=\"og:type\" content=\"article\" \/>\n<meta property=\"og:title\" content=\"Bienvenido a la Oficina de Turismo de La Teste de Buch\" \/>\n<meta property=\"og:description\" content=\"Est\u00e1bamos deseando verle. El equipo de la Oficina de Turismo le da la bienvenida a nuestras nuevas instalaciones, para compartir con usted todas nuestras buenas ideas.\" \/>\n<meta property=\"og:url\" content=\"https:\/\/tourisme-latestedebuch.com\/es\/oficina-de-turismo\/\" \/>\n<meta property=\"og:site_name\" content=\"Site de l&#039;Office de tourisme La Teste de Buch\" \/>\n<meta property=\"article:modified_time\" content=\"2026-03-11T14:55:06+00:00\" \/>\n<meta property=\"og:image\" content=\"https:\/\/tourisme-latestedebuch.com\/wp-content\/uploads\/2023\/03\/produits-boutique.png\" \/>\n<meta name=\"twitter:card\" content=\"summary_large_image\" \/>\n<meta name=\"twitter:label1\" content=\"Tiempo de lectura\" \/>\n\t<meta name=\"twitter:data1\" content=\"3 minutos\" \/>\n<script type=\"application\/ld+json\" class=\"yoast-schema-graph\">{\"@context\":\"https:\/\/schema.org\",\"@graph\":[{\"@type\":\"WebPage\",\"@id\":\"https:\/\/tourisme-latestedebuch.com\/es\/oficina-de-turismo\/\",\"url\":\"https:\/\/tourisme-latestedebuch.com\/es\/oficina-de-turismo\/\",\"name\":\"Bienvenido a la Oficina de Turismo de La Teste de Buch\",\"isPartOf\":{\"@id\":\"https:\/\/tourisme-latestedebuch.com\/#website\"},\"primaryImageOfPage\":{\"@id\":\"https:\/\/tourisme-latestedebuch.com\/es\/oficina-de-turismo\/#primaryimage\"},\"image\":{\"@id\":\"https:\/\/tourisme-latestedebuch.com\/es\/oficina-de-turismo\/#primaryimage\"},\"thumbnailUrl\":\"https:\/\/tourisme-latestedebuch.com\/wp-content\/uploads\/2023\/03\/produits-boutique.png\",\"datePublished\":\"2023-03-14T13:10:42+00:00\",\"dateModified\":\"2026-03-11T14:55:06+00:00\",\"description\":\"Est\u00e1bamos deseando verle. El equipo de la Oficina de Turismo le da la bienvenida a nuestras nuevas instalaciones, para compartir con usted todas nuestras buenas ideas.\",\"breadcrumb\":{\"@id\":\"https:\/\/tourisme-latestedebuch.com\/es\/oficina-de-turismo\/#breadcrumb\"},\"inLanguage\":\"es\",\"potentialAction\":[{\"@type\":\"ReadAction\",\"target\":[\"https:\/\/tourisme-latestedebuch.com\/es\/oficina-de-turismo\/\"]}]},{\"@type\":\"ImageObject\",\"inLanguage\":\"es\",\"@id\":\"https:\/\/tourisme-latestedebuch.com\/es\/oficina-de-turismo\/#primaryimage\",\"url\":\"https:\/\/tourisme-latestedebuch.com\/wp-content\/uploads\/2023\/03\/produits-boutique.png\",\"contentUrl\":\"https:\/\/tourisme-latestedebuch.com\/wp-content\/uploads\/2023\/03\/produits-boutique.png\"},{\"@type\":\"BreadcrumbList\",\"@id\":\"https:\/\/tourisme-latestedebuch.com\/es\/oficina-de-turismo\/#breadcrumb\",\"itemListElement\":[{\"@type\":\"ListItem\",\"position\":1,\"name\":\"Accueil\",\"item\":\"https:\/\/tourisme-latestedebuch.com\/es\/inicio\/\"},{\"@type\":\"ListItem\",\"position\":2,\"name\":\"Oficina de Turismo\"}]},{\"@type\":\"WebSite\",\"@id\":\"https:\/\/tourisme-latestedebuch.com\/#website\",\"url\":\"https:\/\/tourisme-latestedebuch.com\/\",\"name\":\"Site de l&#039;Office de tourisme La Teste de Buch\",\"description\":\"\",\"potentialAction\":[{\"@type\":\"SearchAction\",\"target\":{\"@type\":\"EntryPoint\",\"urlTemplate\":\"https:\/\/tourisme-latestedebuch.com\/?s={search_term_string}\"},\"query-input\":\"required name=search_term_string\"}],\"inLanguage\":\"es\"}]}<\/script>\n<!-- \/ Yoast SEO plugin. -->","yoast_head_json":{"title":"Bienvenido a la Oficina de Turismo de La Teste de Buch","description":"Est\u00e1bamos deseando verle. El equipo de la Oficina de Turismo le da la bienvenida a nuestras nuevas instalaciones, para compartir con usted todas nuestras buenas ideas.","robots":{"index":"index","follow":"follow","max-snippet":"max-snippet:-1","max-image-preview":"max-image-preview:large","max-video-preview":"max-video-preview:-1"},"canonical":"https:\/\/tourisme-latestedebuch.com\/es\/oficina-de-turismo\/","og_locale":"es_ES","og_type":"article","og_title":"Bienvenido a la Oficina de Turismo de La Teste de Buch","og_description":"Est\u00e1bamos deseando verle. El equipo de la Oficina de Turismo le da la bienvenida a nuestras nuevas instalaciones, para compartir con usted todas nuestras buenas ideas.","og_url":"https:\/\/tourisme-latestedebuch.com\/es\/oficina-de-turismo\/","og_site_name":"Site de l&#039;Office de tourisme La Teste de Buch","article_modified_time":"2026-03-11T14:55:06+00:00","og_image":[{"url":"https:\/\/tourisme-latestedebuch.com\/wp-content\/uploads\/2023\/03\/produits-boutique.png"}],"twitter_card":"summary_large_image","twitter_misc":{"Tiempo de lectura":"3 minutos"},"schema":{"@context":"https:\/\/schema.org","@graph":[{"@type":"WebPage","@id":"https:\/\/tourisme-latestedebuch.com\/es\/oficina-de-turismo\/","url":"https:\/\/tourisme-latestedebuch.com\/es\/oficina-de-turismo\/","name":"Bienvenido a la Oficina de Turismo de La Teste de Buch","isPartOf":{"@id":"https:\/\/tourisme-latestedebuch.com\/#website"},"primaryImageOfPage":{"@id":"https:\/\/tourisme-latestedebuch.com\/es\/oficina-de-turismo\/#primaryimage"},"image":{"@id":"https:\/\/tourisme-latestedebuch.com\/es\/oficina-de-turismo\/#primaryimage"},"thumbnailUrl":"https:\/\/tourisme-latestedebuch.com\/wp-content\/uploads\/2023\/03\/produits-boutique.png","datePublished":"2023-03-14T13:10:42+00:00","dateModified":"2026-03-11T14:55:06+00:00","description":"Est\u00e1bamos deseando verle. El equipo de la Oficina de Turismo le da la bienvenida a nuestras nuevas instalaciones, para compartir con usted todas nuestras buenas ideas.","breadcrumb":{"@id":"https:\/\/tourisme-latestedebuch.com\/es\/oficina-de-turismo\/#breadcrumb"},"inLanguage":"es","potentialAction":[{"@type":"ReadAction","target":["https:\/\/tourisme-latestedebuch.com\/es\/oficina-de-turismo\/"]}]},{"@type":"ImageObject","inLanguage":"es","@id":"https:\/\/tourisme-latestedebuch.com\/es\/oficina-de-turismo\/#primaryimage","url":"https:\/\/tourisme-latestedebuch.com\/wp-content\/uploads\/2023\/03\/produits-boutique.png","contentUrl":"https:\/\/tourisme-latestedebuch.com\/wp-content\/uploads\/2023\/03\/produits-boutique.png"},{"@type":"BreadcrumbList","@id":"https:\/\/tourisme-latestedebuch.com\/es\/oficina-de-turismo\/#breadcrumb","itemListElement":[{"@type":"ListItem","position":1,"name":"Accueil","item":"https:\/\/tourisme-latestedebuch.com\/es\/inicio\/"},{"@type":"ListItem","position":2,"name":"Oficina de Turismo"}]},{"@type":"WebSite","@id":"https:\/\/tourisme-latestedebuch.com\/#website","url":"https:\/\/tourisme-latestedebuch.com\/","name":"Site de l&#039;Office de tourisme La Teste de Buch","description":"","potentialAction":[{"@type":"SearchAction","target":{"@type":"EntryPoint","urlTemplate":"https:\/\/tourisme-latestedebuch.com\/?s={search_term_string}"},"query-input":"required name=search_term_string"}],"inLanguage":"es"}]}},"_links":{"self":[{"href":"https:\/\/tourisme-latestedebuch.com\/es\/wp-json\/wp\/v2\/pages\/264860"}],"collection":[{"href":"https:\/\/tourisme-latestedebuch.com\/es\/wp-json\/wp\/v2\/pages"}],"about":[{"href":"https:\/\/tourisme-latestedebuch.com\/es\/wp-json\/wp\/v2\/types\/page"}],"author":[{"embeddable":true,"href":"https:\/\/tourisme-latestedebuch.com\/es\/wp-json\/wp\/v2\/users\/1"}],"replies":[{"embeddable":true,"href":"https:\/\/tourisme-latestedebuch.com\/es\/wp-json\/wp\/v2\/comments?post=264860"}],"version-history":[{"count":2,"href":"https:\/\/tourisme-latestedebuch.com\/es\/wp-json\/wp\/v2\/pages\/264860\/revisions"}],"predecessor-version":[{"id":389194,"href":"https:\/\/tourisme-latestedebuch.com\/es\/wp-json\/wp\/v2\/pages\/264860\/revisions\/389194"}],"wp:attachment":[{"href":"https:\/\/tourisme-latestedebuch.com\/es\/wp-json\/wp\/v2\/media?parent=264860"}],"wp:term":[{"taxonomy":"category","embeddable":true,"href":"https:\/\/tourisme-latestedebuch.com\/es\/wp-json\/wp\/v2\/categories?post=264860"},{"taxonomy":"post_tag","embeddable":true,"href":"https:\/\/tourisme-latestedebuch.com\/es\/wp-json\/wp\/v2\/tags?post=264860"}],"curies":[{"name":"wp","href":"https:\/\/api.w.org\/{rel}","templated":true}]}}