{"id":264868,"date":"2023-03-10T15:10:59","date_gmt":"2023-03-10T14:10:59","guid":{"rendered":"https:\/\/tourisme-latestedebuch.com\/la-ciudad\/"},"modified":"2026-03-11T16:01:01","modified_gmt":"2026-03-11T15:01:01","slug":"la-ciudad","status":"publish","type":"page","link":"https:\/\/tourisme-latestedebuch.com\/es\/la-ciudad\/","title":{"rendered":"La ciudad"},"content":{"rendered":"\n<section id=\"gma3c8f90\" class=\"wp-block-gutentor-m4 section-gma3c8f90 gutentor-module gutentor-advanced-columns has-image-bg has-custom-bg has-gutentor-overlay header-page\"><div class=\"grid-container\"><div class=\"grid-row\">\n<div id=\"col-gm09ab29\" class=\"wp-block-gutentor-m4-col col-gm09ab29 gutentor-single-column  grid-lg-12 grid-md-12 grid-12\"><div id=\"section-gm09ab29\" class=\"section-gm09ab29 gutentor-col-wrap\">\n<h1 class=\"wp-block-heading has-text-align-center has-white-color has-text-color\" style=\"font-size:100px;text-transform:uppercase\"><span><strong>LAS COMUNIDADES<\/strong><\/span> <strong>DE LA TESTE DE buch<\/strong><\/h1>\n<\/div><\/div>\n<\/div><\/div><\/section>\n\n\n\n<section id=\"gm6455322\" class=\"wp-block-gutentor-m4 section-gm6455322 gutentor-module gutentor-advanced-columns gutentor-equal-column-height\"><div class=\"grid-container\"><div class=\"grid-row\">\n<div id=\"col-gmaebb16\" class=\"wp-block-gutentor-m4-col col-gmaebb16 gutentor-single-column  grid-lg-6 grid-md-6 grid-12\"><div id=\"section-gmaebb16\" class=\"section-gmaebb16 gutentor-col-wrap\">\n<h2 class=\"wp-block-heading has-vert-color has-text-color\" style=\"margin-bottom:40px\"><span>CONOCER<\/span> LA TESTE DE BUCH<\/h2>\n\n\n\n<p>La Teste-de-Buch es una de las mayores ciudades de Francia, con una superficie de 26.000 hect\u00e1reas repartidas entre el bosque, el lago de Cazaux, la duna del Pilat, la bah\u00eda de Arcachon y la propia ciudad.<\/p>\n\n\n\n<p>Su territorio procede directamente de los antiguos captalats del Pays de Buch en la Edad Media, y la ciudad de Arcachon se construy\u00f3 sobre el municipio antes de convertirse en una entidad independiente. En la actualidad, el municipio est\u00e1 formado por tres distritos:<\/p>\n<\/div><\/div>\n\n\n\n<div id=\"col-gm902962\" class=\"wp-block-gutentor-m4-col col-gm902962 gutentor-single-column  grid-lg-6 grid-md-6 grid-12\"><div id=\"section-gm902962\" class=\"section-gm902962 gutentor-col-wrap\">\n<section id=\"gm7d22ce5\" class=\"wp-block-gutentor-m4 section-gm7d22ce5 gutentor-module gutentor-advanced-columns has-color-bg has-custom-bg gutentor-equal-column-height boutique\"><div class=\"grid-container\"><div class=\"grid-row\">\n<div id=\"col-gm8eddca\" class=\"wp-block-gutentor-m4-col col-gm8eddca gutentor-single-column  grid-lg-6 grid-md-10 grid-6\"><div id=\"section-gm8eddca\" class=\"section-gm8eddca gutentor-col-wrap\">\n<section id=\"gm0720a5e\" class=\"wp-block-gutentor-m3 section-gm0720a5e gutentor-module gutentor-container-cover\"><div class=\"grid-container\">\n<h2 class=\"wp-block-heading has-white-color has-text-color\"><span>Tienda<\/span> de recuerdos<\/h2>\n\n\n\n<p class=\"has-white-color has-text-color\">La Oficina de Turismo ha seleccionado a artesanos y dise\u00f1adores locales para ayudarle a (re)descubrir el saber hacer y los productos locales: decoraci\u00f3n, accesorios, juegos, libros y muchos otros regalos para sus seres queridos&#8230; \u00a1O para usted mismo, por supuesto!<\/p>\n<\/div><\/section>\n<\/div><\/div>\n\n\n\n<div id=\"col-gm6bbbb9\" class=\"wp-block-gutentor-m4-col col-gm6bbbb9 gutentor-single-column  grid-lg-6 grid-md-2 grid-6\"><div id=\"section-gm6bbbb9\" class=\"section-gm6bbbb9 gutentor-col-wrap\">\n<figure class=\"wp-block-image size-full is-resized\"><img decoding=\"async\" width=\"146\" height=\"159\" crossorigin=\"anonymous\" src=\"https:\/\/tourisme-latestedebuch.com\/wp-content\/uploads\/2023\/03\/produits-boutique.png\" alt=\"Productos de la tienda\" class=\"wp-image-27048\" style=\"width:146px;height:159px\"\/><\/figure>\n<\/div><\/div>\n<\/div><\/div><\/section>\n\n\n\n<section id=\"gm0de2e60\" class=\"wp-block-gutentor-m3 section-gm0de2e60 gutentor-module gutentor-container-cover\"><div class=\"grid-container\">\n<div class=\"wp-block-buttons is-content-justification-center is-layout-flex wp-container-core-buttons-layout-1 wp-block-buttons-is-layout-flex\">\n<div class=\"wp-block-button has-custom-font-size\" style=\"font-size:16px;text-transform:uppercase\"><a class=\"wp-block-button__link has-vert-color has-white-background-color has-text-color has-background wp-element-button\" href=\"https:\/\/boutique.tourisme-latestedebuch.com\/souvenirs\/\" style=\"border-radius:100px\" target=\"_blank\" rel=\"noreferrer noopener\"><strong>Ir a la tienda<\/strong><\/a><\/div>\n<\/div>\n<\/div><\/section>\n<\/div><\/div>\n<\/div><\/div><\/section>\n\n\n\n<section id=\"gm7a126f2\" class=\"wp-block-gutentor-m4 section-gm7a126f2 gutentor-module gutentor-advanced-columns communeList\"><div class=\"grid-container\"><div class=\"grid-row\">\n<div id=\"col-gm5d5d2d\" class=\"wp-block-gutentor-m4-col col-gm5d5d2d gutentor-single-column  grid-lg-4 grid-md-4 grid-12\"><div id=\"section-gm5d5d2d\" class=\"section-gm5d5d2d gutentor-col-wrap has-image-bg has-custom-bg has-gutentor-overlay\">\n<h3 class=\"wp-block-heading has-text-align-center has-white-color has-text-color\">EL CENTRO DE LA CIUDAD<\/h3>\n\n\n\n<p class=\"has-text-align-center has-white-color has-text-color\"><strong>El coraz\u00f3n de la ciudad de La Teste tiene muchas facetas. Su mercado cubierto es un buen ejemplo<\/strong>.<\/p>\n\n\n\n<div class=\"wp-block-buttons btnCommuneHover is-content-justification-center is-layout-flex wp-container-core-buttons-layout-2 wp-block-buttons-is-layout-flex\" style=\"margin-top:20px\">\n<div class=\"wp-block-button has-custom-font-size\" style=\"font-size:14px\"><a class=\"wp-block-button__link has-gris-color has-white-background-color has-text-color has-background wp-element-button\" href=\"https:\/\/tourisme-latestedebuch.com\/la-commune\/la-teste-centre\/\" style=\"border-radius:50px\"><strong>VISITE EL CENTRO<\/strong><\/a><\/div>\n<\/div>\n<\/div><\/div>\n\n\n\n<div id=\"col-gm7efc94\" class=\"wp-block-gutentor-m4-col col-gm7efc94 gutentor-single-column  grid-lg-4 grid-md-4 grid-12\"><div id=\"section-gm7efc94\" class=\"section-gm7efc94 gutentor-col-wrap has-image-bg has-custom-bg has-gutentor-overlay\">\n<h3 class=\"wp-block-heading has-text-align-center has-white-color has-text-color\">CAZAUX Y SU LAGO<\/h3>\n\n\n\n<p class=\"has-text-align-center has-white-color has-text-color\"><strong>Al sur del municipio se encuentra el segundo lago de agua dulce m\u00e1s grande de Francia.<\/strong><\/p>\n\n\n\n<div class=\"wp-block-buttons btnCommuneHover is-content-justification-center is-layout-flex wp-container-core-buttons-layout-3 wp-block-buttons-is-layout-flex\" style=\"margin-top:20px\">\n<div class=\"wp-block-button has-custom-font-size\" style=\"font-size:14px\"><a class=\"wp-block-button__link has-gris-color has-white-background-color has-text-color has-background wp-element-button\" href=\"https:\/\/tourisme-latestedebuch.com\/la-commune\/cazaux\/\" style=\"border-radius:50px\"><strong>VISITA CAZAUX<\/strong><\/a><\/div>\n<\/div>\n<\/div><\/div>\n\n\n\n<div id=\"col-gmabeda4\" class=\"wp-block-gutentor-m4-col col-gmabeda4 gutentor-single-column  grid-lg-4 grid-md-4 grid-12\"><div id=\"section-gmabeda4\" class=\"section-gmabeda4 gutentor-col-wrap has-image-bg has-custom-bg has-gutentor-overlay\">\n<h3 class=\"wp-block-heading has-text-align-center has-white-color has-text-color\">PYLA SUR MER<\/h3>\n\n\n\n<p class=\"has-text-align-center has-white-color has-text-color\"><strong>Fue en 1915 cuando naci\u00f3 la estaci\u00f3n balnearia, gracias a la ambici\u00f3n de un hombre, Daniel Meller.<\/strong><\/p>\n\n\n\n<div class=\"wp-block-buttons btnCommuneHover is-content-justification-center is-layout-flex wp-container-core-buttons-layout-4 wp-block-buttons-is-layout-flex\" style=\"margin-top:20px\">\n<div class=\"wp-block-button has-custom-font-size\" style=\"font-size:14px\"><a class=\"wp-block-button__link has-gris-color has-white-background-color has-text-color has-background wp-element-button\" href=\"https:\/\/tourisme-latestedebuch.com\/la-commune\/le-pyla-sur-mer\/\" style=\"border-radius:50px\"><strong>VISITE PYLA SUR MER<\/strong><\/a><\/div>\n<\/div>\n<\/div><\/div>\n<\/div><\/div><\/section>\n\n\n\n<section id=\"gmd039ddb\" class=\"wp-block-gutentor-m3 section-gmd039ddb gutentor-module gutentor-container-cover communeCarteAll\"><div class=\"grid-container\">\n<\/div><\/section>\n\n\n\n<section id=\"gmb8c6443\" class=\"wp-block-gutentor-m3 section-gmb8c6443 gutentor-module gutentor-container-cover has-image-bg has-custom-bg experiences\"><div class=\"grid-container\">\n<section id=\"gm3e2bfab\" class=\"wp-block-gutentor-m3 section-gm3e2bfab gutentor-module gutentor-container-cover\"><div class=\"grid-container\">\n<h2 class=\"wp-block-heading has-vert-color has-text-color\"><span>Experiencias<\/span> inolvidables<\/h2>\n<\/div><\/section>\n\n\n\n<section id=\"gmef0d2eb\" class=\"wp-block-gutentor-m4 section-gmef0d2eb gutentor-module gutentor-advanced-columns has-image-bg has-custom-bg content-experiences\"><div class=\"grid-container\"><div class=\"grid-row\">\n<div id=\"col-gm0dc79b\" class=\"wp-block-gutentor-m4-col col-gm0dc79b gutentor-single-column  grid-lg-3 grid-md-12 grid-12 g-single-column-link-enabled\"><div id=\"section-gm0dc79b\" class=\"section-gm0dc79b gutentor-col-wrap\">\n<figure class=\"wp-block-image size-full is-resized\"><img decoding=\"async\" width=\"340\" height=\"191\" crossorigin=\"anonymous\" src=\"https:\/\/tourisme-latestedebuch.com\/wp-content\/uploads\/2023\/04\/1-Me_ditation-et-Plantes-Me_dicinales.jpg\" alt=\"Meditaci\u00f3n y plantas medicinales\" class=\"wp-image-211700\" style=\"width:340px;height:191px\" srcset=\"https:\/\/tourisme-latestedebuch.com\/wp-content\/uploads\/2023\/04\/1-Me_ditation-et-Plantes-Me_dicinales.jpg 340w, https:\/\/tourisme-latestedebuch.com\/wp-content\/uploads\/2023\/04\/1-Me_ditation-et-Plantes-Me_dicinales-300x169.jpg 300w\" sizes=\"(max-width: 340px) 100vw, 340px\" \/><\/figure>\n\n\n\n<p style=\"font-size:14px;text-transform:uppercase\"><strong>Meditaci\u00f3n y plantas medicinales<\/strong><\/p>\n\n\n\n<p style=\"font-size:12px\"><strong>duraci\u00f3n 2h00 &#8211; 10\u20ac\/pers<\/strong><\/p>\n<\/div><a class=\"gutentor-link\" href=\"https:\/\/boutique.tourisme-latestedebuch.com\/visites-guidees\/nature\/meditation-et-plantes-medicinales\" target=\"_blank\" rel=\"noopener noreferrer\"><\/a><\/div>\n\n\n\n<div id=\"col-gm37e6e0\" class=\"wp-block-gutentor-m4-col col-gm37e6e0 gutentor-single-column  grid-lg-3 grid-md-12 grid-12 g-single-column-link-enabled\"><div id=\"section-gm37e6e0\" class=\"section-gm37e6e0 gutentor-col-wrap\">\n<figure class=\"wp-block-image size-full is-resized\"><img decoding=\"async\" width=\"340\" height=\"191\" crossorigin=\"anonymous\" src=\"https:\/\/tourisme-latestedebuch.com\/wp-content\/uploads\/2023\/04\/2-de_couvrir-les-oiseaux-du-bassin.jpg\" alt=\"Descubra las aves de la cuenca \" class=\"wp-image-211703\" style=\"width:340px;height:191px\" srcset=\"https:\/\/tourisme-latestedebuch.com\/wp-content\/uploads\/2023\/04\/2-de_couvrir-les-oiseaux-du-bassin.jpg 340w, https:\/\/tourisme-latestedebuch.com\/wp-content\/uploads\/2023\/04\/2-de_couvrir-les-oiseaux-du-bassin-300x169.jpg 300w\" sizes=\"(max-width: 340px) 100vw, 340px\" \/><\/figure>\n\n\n\n<p style=\"font-size:14px;text-transform:uppercase\"><strong>Descubra las aves de la cuenca <\/strong><\/p>\n\n\n\n<p style=\"font-size:12px\"><strong>duraci\u00f3n 2h00 &#8211; 11 \u20ac\/pers<\/strong><\/p>\n<\/div><a class=\"gutentor-link\" href=\"https:\/\/boutique.tourisme-latestedebuch.com\/visites-guidees\/nature\/decouvrir-les-oiseaux-du-bassin\" target=\"_blank\" rel=\"noopener noreferrer\"><\/a><\/div>\n\n\n\n<div id=\"col-gmdcc94e\" class=\"wp-block-gutentor-m4-col col-gmdcc94e gutentor-single-column  grid-lg-3 grid-md-12 grid-12 g-single-column-link-enabled\"><div id=\"section-gmdcc94e\" class=\"section-gmdcc94e gutentor-col-wrap\">\n<figure class=\"wp-block-image size-full is-resized\"><img decoding=\"async\" width=\"340\" height=\"191\" crossorigin=\"anonymous\" src=\"https:\/\/tourisme-latestedebuch.com\/wp-content\/uploads\/2023\/04\/2-Visite-de-l_E_glise-de-La-Teste.jpg\" alt=\"Visita teatralizada a la iglesia de La Teste de Buch\" class=\"wp-image-211706\" style=\"width:340px;height:191px\" srcset=\"https:\/\/tourisme-latestedebuch.com\/wp-content\/uploads\/2023\/04\/2-Visite-de-l_E_glise-de-La-Teste.jpg 340w, https:\/\/tourisme-latestedebuch.com\/wp-content\/uploads\/2023\/04\/2-Visite-de-l_E_glise-de-La-Teste-300x169.jpg 300w\" sizes=\"(max-width: 340px) 100vw, 340px\" \/><\/figure>\n\n\n\n<p style=\"font-size:14px;text-transform:uppercase\"><strong>Visita teatralizada a la iglesia de La Teste de Buch<\/strong><\/p>\n\n\n\n<p style=\"font-size:12px\"><strong>duraci\u00f3n 2h00 &#8211; 10\u20ac\/pers<\/strong><\/p>\n<\/div><a class=\"gutentor-link\" href=\"https:\/\/boutique.tourisme-latestedebuch.com\/visites-guidees\/theatralisee\/visite-de-leglise-de-la-teste-de-buch\" target=\"_blank\" rel=\"noopener noreferrer\"><\/a><\/div>\n\n\n\n<div id=\"col-gm972fbf\" class=\"wp-block-gutentor-m4-col col-gm972fbf gutentor-single-column  grid-lg-3 grid-md-12 grid-12 g-single-column-link-enabled\"><div id=\"section-gm972fbf\" class=\"section-gm972fbf gutentor-col-wrap\">\n<figure class=\"wp-block-image size-full is-resized\"><img decoding=\"async\" width=\"340\" height=\"191\" crossorigin=\"anonymous\" src=\"https:\/\/tourisme-latestedebuch.com\/wp-content\/uploads\/2023\/04\/2-observer-les-coquillages_1_.jpg\" alt=\"Observaci\u00f3n de moluscos \" class=\"wp-image-211709\" style=\"width:340px;height:191px\" srcset=\"https:\/\/tourisme-latestedebuch.com\/wp-content\/uploads\/2023\/04\/2-observer-les-coquillages_1_.jpg 340w, https:\/\/tourisme-latestedebuch.com\/wp-content\/uploads\/2023\/04\/2-observer-les-coquillages_1_-300x169.jpg 300w\" sizes=\"(max-width: 340px) 100vw, 340px\" \/><\/figure>\n\n\n\n<p style=\"font-size:14px;text-transform:uppercase\"><strong>Observaci\u00f3n de moluscos <\/strong><\/p>\n\n\n\n<p style=\"font-size:12px\"><strong>duraci\u00f3n 2h00 &#8211; 11 \u20ac\/pers<\/strong><\/p>\n<\/div><a class=\"gutentor-link\" href=\"https:\/\/boutique.tourisme-latestedebuch.com\/visites-guidees\/nature\/observer-les-coquillages\" target=\"_blank\" rel=\"noopener noreferrer\"><\/a><\/div>\n<\/div><\/div><\/section>\n\n\n\n<section id=\"gmb3f3be3\" class=\"wp-block-gutentor-m3 section-gmb3f3be3 gutentor-module gutentor-container-cover\"><div class=\"grid-container\">\n<div class=\"wp-block-buttons is-layout-flex wp-block-buttons-is-layout-flex\">\n<div class=\"wp-block-button has-custom-font-size\" style=\"font-size:16px;text-transform:uppercase\"><a class=\"wp-block-button__link has-vert-color has-white-background-color has-text-color has-background wp-element-button\" href=\"https:\/\/boutique.tourisme-latestedebuch.com\/visites-guidees\/\" style=\"border-radius:100px\" target=\"_blank\" rel=\"noreferrer noopener\"><strong>Acceso a las taquillas<\/strong><\/a><\/div>\n<\/div>\n<\/div><\/section>\n<\/div><\/section>\n\n\n\n<section id=\"gm2aef56d\" class=\"wp-block-gutentor-m4 section-gm2aef56d gutentor-module gutentor-advanced-columns has-image-bg has-custom-bg has-gutentor-overlay venir\"><div class=\"grid-container\"><div class=\"grid-row\">\n<div id=\"col-gm38f44e\" class=\"wp-block-gutentor-m4-col col-gm38f44e gutentor-single-column  grid-lg-12 grid-md-12 grid-12\"><div id=\"section-gm38f44e\" class=\"section-gm38f44e gutentor-col-wrap\">\n<h2 class=\"wp-block-heading has-roseclair-color has-text-color\"><span>Llegada<\/span> a La Teste de Buch<\/h2>\n\n\n\n<div class=\"wp-block-buttons is-content-justification-space-between is-layout-flex wp-container-core-buttons-layout-6 wp-block-buttons-is-layout-flex\">\n<div class=\"wp-block-button\" style=\"text-transform:uppercase\"><a class=\"wp-block-button__link has-white-color has-roseclair-background-color has-text-color has-background wp-element-button\" href=\"https:\/\/tourisme-latestedebuch.com\/venir-a-la-teste-de-buch-au-printemps\/\" style=\"border-radius:10px;padding-top:var(--wp--preset--spacing--40);padding-right:var(--wp--preset--spacing--40);padding-bottom:var(--wp--preset--spacing--40);padding-left:var(--wp--preset--spacing--40)\"><strong>En primavera<\/strong><\/a><\/div>\n\n\n\n<div class=\"wp-block-button\" style=\"text-transform:uppercase\"><a class=\"wp-block-button__link has-white-color has-roseclair-background-color has-text-color has-background wp-element-button\" href=\"https:\/\/tourisme-latestedebuch.com\/es\/otono-en-la-teste-de-buch\/\" style=\"border-radius:10px;padding-top:var(--wp--preset--spacing--40);padding-right:var(--wp--preset--spacing--40);padding-bottom:var(--wp--preset--spacing--40);padding-left:var(--wp--preset--spacing--40)\"><strong>En oto\u00f1o<\/strong><\/a><\/div>\n\n\n\n<div class=\"wp-block-button\" style=\"text-transform:uppercase\"><a class=\"wp-block-button__link has-white-color has-roseclair-background-color has-text-color has-background wp-element-button\" href=\"https:\/\/tourisme-latestedebuch.com\/es\/invierno-en-la-teste-de-buch\/\" style=\"border-radius:10px;padding-top:var(--wp--preset--spacing--40);padding-right:var(--wp--preset--spacing--40);padding-bottom:var(--wp--preset--spacing--40);padding-left:var(--wp--preset--spacing--40)\"><strong>En invierno<\/strong><\/a><\/div>\n\n\n\n<div class=\"wp-block-button\" style=\"text-transform:uppercase\"><a class=\"wp-block-button__link has-white-color has-roseclair-background-color has-text-color has-background wp-element-button\" href=\"https:\/\/tourisme-latestedebuch.com\/es\/verano-en-la-teste-de-buch\/\" style=\"border-radius:10px;padding-top:var(--wp--preset--spacing--40);padding-right:var(--wp--preset--spacing--40);padding-bottom:var(--wp--preset--spacing--40);padding-left:var(--wp--preset--spacing--40)\"><strong>En verano<\/strong><\/a><\/div>\n<\/div>\n<\/div><\/div>\n<\/div><\/div><\/section>\n","protected":false},"excerpt":{"rendered":"","protected":false},"author":1,"featured_media":0,"parent":0,"menu_order":0,"comment_status":"closed","ping_status":"closed","template":"template-full-width.php","meta":{"inline_featured_image":false,"footnotes":""},"categories":[],"tags":[],"acf":[],"yoast_head":"<!-- This site is optimized with the Yoast SEO plugin v23.0 - https:\/\/yoast.com\/wordpress\/plugins\/seo\/ -->\n<title>La ciudad - Site de l&#039;Office de tourisme La Teste de Buch<\/title>\n<meta name=\"robots\" content=\"index, follow, max-snippet:-1, max-image-preview:large, max-video-preview:-1\" \/>\n<link rel=\"canonical\" href=\"https:\/\/tourisme-latestedebuch.com\/es\/la-ciudad\/\" \/>\n<meta property=\"og:locale\" content=\"es_ES\" \/>\n<meta property=\"og:type\" content=\"article\" \/>\n<meta property=\"og:title\" content=\"La ciudad - Site de l&#039;Office de tourisme La Teste de Buch\" \/>\n<meta property=\"og:url\" content=\"https:\/\/tourisme-latestedebuch.com\/es\/la-ciudad\/\" \/>\n<meta property=\"og:site_name\" content=\"Site de l&#039;Office de tourisme La Teste de Buch\" \/>\n<meta property=\"article:modified_time\" content=\"2026-03-11T15:01:01+00:00\" \/>\n<meta property=\"og:image\" content=\"https:\/\/tourisme-latestedebuch.com\/wp-content\/uploads\/2023\/03\/produits-boutique.png\" \/>\n<meta name=\"twitter:card\" content=\"summary_large_image\" \/>\n<meta name=\"twitter:label1\" content=\"Tiempo de lectura\" \/>\n\t<meta name=\"twitter:data1\" content=\"3 minutos\" \/>\n<script type=\"application\/ld+json\" class=\"yoast-schema-graph\">{\"@context\":\"https:\/\/schema.org\",\"@graph\":[{\"@type\":\"WebPage\",\"@id\":\"https:\/\/tourisme-latestedebuch.com\/es\/la-ciudad\/\",\"url\":\"https:\/\/tourisme-latestedebuch.com\/es\/la-ciudad\/\",\"name\":\"La ciudad - Site de l&#039;Office de tourisme La Teste de Buch\",\"isPartOf\":{\"@id\":\"https:\/\/tourisme-latestedebuch.com\/#website\"},\"primaryImageOfPage\":{\"@id\":\"https:\/\/tourisme-latestedebuch.com\/es\/la-ciudad\/#primaryimage\"},\"image\":{\"@id\":\"https:\/\/tourisme-latestedebuch.com\/es\/la-ciudad\/#primaryimage\"},\"thumbnailUrl\":\"https:\/\/tourisme-latestedebuch.com\/wp-content\/uploads\/2023\/03\/produits-boutique.png\",\"datePublished\":\"2023-03-10T14:10:59+00:00\",\"dateModified\":\"2026-03-11T15:01:01+00:00\",\"breadcrumb\":{\"@id\":\"https:\/\/tourisme-latestedebuch.com\/es\/la-ciudad\/#breadcrumb\"},\"inLanguage\":\"es\",\"potentialAction\":[{\"@type\":\"ReadAction\",\"target\":[\"https:\/\/tourisme-latestedebuch.com\/es\/la-ciudad\/\"]}]},{\"@type\":\"ImageObject\",\"inLanguage\":\"es\",\"@id\":\"https:\/\/tourisme-latestedebuch.com\/es\/la-ciudad\/#primaryimage\",\"url\":\"https:\/\/tourisme-latestedebuch.com\/wp-content\/uploads\/2023\/03\/produits-boutique.png\",\"contentUrl\":\"https:\/\/tourisme-latestedebuch.com\/wp-content\/uploads\/2023\/03\/produits-boutique.png\"},{\"@type\":\"BreadcrumbList\",\"@id\":\"https:\/\/tourisme-latestedebuch.com\/es\/la-ciudad\/#breadcrumb\",\"itemListElement\":[{\"@type\":\"ListItem\",\"position\":1,\"name\":\"Accueil\",\"item\":\"https:\/\/tourisme-latestedebuch.com\/es\/inicio\/\"},{\"@type\":\"ListItem\",\"position\":2,\"name\":\"La ciudad\"}]},{\"@type\":\"WebSite\",\"@id\":\"https:\/\/tourisme-latestedebuch.com\/#website\",\"url\":\"https:\/\/tourisme-latestedebuch.com\/\",\"name\":\"Site de l&#039;Office de tourisme La Teste de Buch\",\"description\":\"\",\"potentialAction\":[{\"@type\":\"SearchAction\",\"target\":{\"@type\":\"EntryPoint\",\"urlTemplate\":\"https:\/\/tourisme-latestedebuch.com\/?s={search_term_string}\"},\"query-input\":\"required name=search_term_string\"}],\"inLanguage\":\"es\"}]}<\/script>\n<!-- \/ Yoast SEO plugin. -->","yoast_head_json":{"title":"La ciudad - Site de l&#039;Office de tourisme La Teste de Buch","robots":{"index":"index","follow":"follow","max-snippet":"max-snippet:-1","max-image-preview":"max-image-preview:large","max-video-preview":"max-video-preview:-1"},"canonical":"https:\/\/tourisme-latestedebuch.com\/es\/la-ciudad\/","og_locale":"es_ES","og_type":"article","og_title":"La ciudad - Site de l&#039;Office de tourisme La Teste de Buch","og_url":"https:\/\/tourisme-latestedebuch.com\/es\/la-ciudad\/","og_site_name":"Site de l&#039;Office de tourisme La Teste de Buch","article_modified_time":"2026-03-11T15:01:01+00:00","og_image":[{"url":"https:\/\/tourisme-latestedebuch.com\/wp-content\/uploads\/2023\/03\/produits-boutique.png"}],"twitter_card":"summary_large_image","twitter_misc":{"Tiempo de lectura":"3 minutos"},"schema":{"@context":"https:\/\/schema.org","@graph":[{"@type":"WebPage","@id":"https:\/\/tourisme-latestedebuch.com\/es\/la-ciudad\/","url":"https:\/\/tourisme-latestedebuch.com\/es\/la-ciudad\/","name":"La ciudad - Site de l&#039;Office de tourisme La Teste de Buch","isPartOf":{"@id":"https:\/\/tourisme-latestedebuch.com\/#website"},"primaryImageOfPage":{"@id":"https:\/\/tourisme-latestedebuch.com\/es\/la-ciudad\/#primaryimage"},"image":{"@id":"https:\/\/tourisme-latestedebuch.com\/es\/la-ciudad\/#primaryimage"},"thumbnailUrl":"https:\/\/tourisme-latestedebuch.com\/wp-content\/uploads\/2023\/03\/produits-boutique.png","datePublished":"2023-03-10T14:10:59+00:00","dateModified":"2026-03-11T15:01:01+00:00","breadcrumb":{"@id":"https:\/\/tourisme-latestedebuch.com\/es\/la-ciudad\/#breadcrumb"},"inLanguage":"es","potentialAction":[{"@type":"ReadAction","target":["https:\/\/tourisme-latestedebuch.com\/es\/la-ciudad\/"]}]},{"@type":"ImageObject","inLanguage":"es","@id":"https:\/\/tourisme-latestedebuch.com\/es\/la-ciudad\/#primaryimage","url":"https:\/\/tourisme-latestedebuch.com\/wp-content\/uploads\/2023\/03\/produits-boutique.png","contentUrl":"https:\/\/tourisme-latestedebuch.com\/wp-content\/uploads\/2023\/03\/produits-boutique.png"},{"@type":"BreadcrumbList","@id":"https:\/\/tourisme-latestedebuch.com\/es\/la-ciudad\/#breadcrumb","itemListElement":[{"@type":"ListItem","position":1,"name":"Accueil","item":"https:\/\/tourisme-latestedebuch.com\/es\/inicio\/"},{"@type":"ListItem","position":2,"name":"La ciudad"}]},{"@type":"WebSite","@id":"https:\/\/tourisme-latestedebuch.com\/#website","url":"https:\/\/tourisme-latestedebuch.com\/","name":"Site de l&#039;Office de tourisme La Teste de Buch","description":"","potentialAction":[{"@type":"SearchAction","target":{"@type":"EntryPoint","urlTemplate":"https:\/\/tourisme-latestedebuch.com\/?s={search_term_string}"},"query-input":"required name=search_term_string"}],"inLanguage":"es"}]}},"_links":{"self":[{"href":"https:\/\/tourisme-latestedebuch.com\/es\/wp-json\/wp\/v2\/pages\/264868"}],"collection":[{"href":"https:\/\/tourisme-latestedebuch.com\/es\/wp-json\/wp\/v2\/pages"}],"about":[{"href":"https:\/\/tourisme-latestedebuch.com\/es\/wp-json\/wp\/v2\/types\/page"}],"author":[{"embeddable":true,"href":"https:\/\/tourisme-latestedebuch.com\/es\/wp-json\/wp\/v2\/users\/1"}],"replies":[{"embeddable":true,"href":"https:\/\/tourisme-latestedebuch.com\/es\/wp-json\/wp\/v2\/comments?post=264868"}],"version-history":[{"count":4,"href":"https:\/\/tourisme-latestedebuch.com\/es\/wp-json\/wp\/v2\/pages\/264868\/revisions"}],"predecessor-version":[{"id":389199,"href":"https:\/\/tourisme-latestedebuch.com\/es\/wp-json\/wp\/v2\/pages\/264868\/revisions\/389199"}],"wp:attachment":[{"href":"https:\/\/tourisme-latestedebuch.com\/es\/wp-json\/wp\/v2\/media?parent=264868"}],"wp:term":[{"taxonomy":"category","embeddable":true,"href":"https:\/\/tourisme-latestedebuch.com\/es\/wp-json\/wp\/v2\/categories?post=264868"},{"taxonomy":"post_tag","embeddable":true,"href":"https:\/\/tourisme-latestedebuch.com\/es\/wp-json\/wp\/v2\/tags?post=264868"}],"curies":[{"name":"wp","href":"https:\/\/api.w.org\/{rel}","templated":true}]}}