{"id":264873,"date":"2023-03-14T10:27:05","date_gmt":"2023-03-14T09:27:05","guid":{"rendered":"https:\/\/tourisme-latestedebuch.com\/la-ciudad\/cazaux\/"},"modified":"2024-04-10T10:37:26","modified_gmt":"2024-04-10T08:37:26","slug":"cazaux","status":"publish","type":"page","link":"https:\/\/tourisme-latestedebuch.com\/es\/la-ciudad\/cazaux\/","title":{"rendered":"Cazaux"},"content":{"rendered":"\n<section id=\"gmc39c148\" class=\"wp-block-gutentor-m4 section-gmc39c148 gutentor-module gutentor-advanced-columns has-image-bg has-custom-bg has-gutentor-overlay header-page\"><div class=\"grid-container\"><div class=\"grid-row\">\n<div id=\"col-gmfa9bc2\" class=\"wp-block-gutentor-m4-col col-gmfa9bc2 gutentor-single-column  grid-lg-12 grid-md-12 grid-12\"><div id=\"section-gmfa9bc2\" class=\"section-gmfa9bc2 gutentor-col-wrap\">\n<h1 class=\"wp-block-heading has-text-align-center has-white-color has-text-color\" style=\"font-size:100px;text-transform:uppercase\"><strong><span>CAZAUX<\/span> y su lago<\/strong><\/h1>\n<\/div><\/div>\n<\/div><\/div><\/section>\n\n<section id=\"gmacbf3db\" class=\"wp-block-gutentor-m4 section-gmacbf3db gutentor-module gutentor-advanced-columns gutentor-equal-column-height\"><div class=\"grid-container\"><div class=\"grid-row\">\n<div id=\"col-gme8a949\" class=\"wp-block-gutentor-m4-col col-gme8a949 gutentor-single-column  grid-lg-6 grid-md-6 grid-12\"><div id=\"section-gme8a949\" class=\"section-gme8a949 gutentor-col-wrap\">\n<h2 class=\"wp-block-heading has-vert-color has-text-color\" style=\"margin-bottom:20px\"><span>EL SEGUNDO MAYOR<\/span> LAGO DE AGUA DULCE DE FRANCIA<\/h2>\n\n\n\n<p><strong>UN LUGAR TRANQUILO RODEADO DE BOSQUE, SIN HORMIG\u00d3N, LA ORILLA DEL LAGO S\u00d3LO ADMITE MADERA.<\/strong><\/p>\n\n\n\n<p>El lugar forma parte de la red Natura 2000, que pretende integrar la naturaleza en un desarrollo econ\u00f3mico responsable. Aqu\u00ed encontrar\u00e1 dos playas vigiladas y otras sin vigilancia, algunos restaurantes estupendos con vistas, actividades n\u00e1uticas y el placer de un paraje virgen para unas vacaciones tranquilas en armon\u00eda con la naturaleza.<\/p>\n<\/div><\/div>\n\n\n\n<div id=\"col-gm1efaf9\" class=\"wp-block-gutentor-m4-col col-gm1efaf9 gutentor-single-column  grid-lg-6 grid-md-6 grid-12\"><div id=\"section-gm1efaf9\" class=\"section-gm1efaf9 gutentor-col-wrap\">\n<section id=\"gm184610c\" class=\"wp-block-gutentor-m4 section-gm184610c gutentor-module gutentor-advanced-columns has-color-bg has-custom-bg gutentor-equal-column-height boutique\"><div class=\"grid-container\"><div class=\"grid-row\">\n<div id=\"col-gm2652f0\" class=\"wp-block-gutentor-m4-col col-gm2652f0 gutentor-single-column  grid-lg-6 grid-md-10 grid-6\"><div id=\"section-gm2652f0\" class=\"section-gm2652f0 gutentor-col-wrap\">\n<section id=\"gma5780f5\" class=\"wp-block-gutentor-m3 section-gma5780f5 gutentor-module gutentor-container-cover\"><div class=\"grid-container\">\n<h2 class=\"wp-block-heading has-white-color has-text-color\"><span>Tienda<\/span> de recuerdos<\/h2>\n\n\n\n<p class=\"has-white-color has-text-color\">La Oficina de Turismo ha seleccionado a artesanos y dise\u00f1adores locales para ayudarle a (re)descubrir el saber hacer y los productos locales: decoraci\u00f3n, accesorios, juegos, libros y muchos otros regalos para sus seres queridos&#8230; \u00a1O para usted mismo, por supuesto!<\/p>\n<\/div><\/section>\n<\/div><\/div>\n\n\n\n<div id=\"col-gmf3c54a\" class=\"wp-block-gutentor-m4-col col-gmf3c54a gutentor-single-column  grid-lg-6 grid-md-2 grid-6\"><div id=\"section-gmf3c54a\" class=\"section-gmf3c54a gutentor-col-wrap\">\n<figure class=\"wp-block-image size-full is-resized\"><img decoding=\"async\" crossorigin=\"anonymous\" src=\"https:\/\/tourisme-latestedebuch.com\/wp-content\/uploads\/2023\/03\/produits-boutique.png\" alt=\"Productos de la tienda\" class=\"wp-image-27048\" width=\"146\" height=\"159\"\/><\/figure><\/div><\/div>\n<\/div><\/div><\/section>\n\n\n\n<section id=\"gm4583697\" class=\"wp-block-gutentor-m3 section-gm4583697 gutentor-module gutentor-container-cover\"><div class=\"grid-container\">\n<div class=\"wp-block-buttons is-content-justification-center is-layout-flex wp-container-core-buttons-layout-1 wp-block-buttons-is-layout-flex\">\n<div class=\"wp-block-button has-custom-font-size\" style=\"font-size:16px;text-transform:uppercase\"><a class=\"wp-block-button__link has-vert-color has-white-background-color has-text-color has-background wp-element-button\" href=\"https:\/\/boutique.tourisme-latestedebuch.com\/souvenirs\/\" style=\"border-radius:100px\" target=\"_blank\" rel=\"noreferrer noopener\"><strong>Ir a la tienda<\/strong><\/a><\/div>\n<\/div>\n<\/div><\/section>\n<\/div><\/div>\n<\/div><\/div><\/section>\n\n<section id=\"gm8d9b62c\" class=\"wp-block-gutentor-m4 section-gm8d9b62c gutentor-module gutentor-advanced-columns has-image-bg has-custom-bg bgCommune\"><div class=\"grid-container\"><div class=\"grid-row\">\n<div id=\"col-gm5c28b9\" class=\"wp-block-gutentor-m4-col col-gm5c28b9 gutentor-single-column  grid-lg-6 grid-md-12 grid-12\"><div id=\"section-gm5c28b9\" class=\"section-gm5c28b9 gutentor-col-wrap has-color-bg has-custom-bg\">\n<h3 class=\"wp-block-heading has-black-color has-text-color\" style=\"text-transform:uppercase\"><strong>LAGO CAZAUX<\/strong><\/h3>\n\n\n\n<p style=\"margin-top:15px\">\u00bfBusca tranquilidad y naturaleza? Rumbo al lago Cazaux. Segundo lago de agua dulce de Francia, famoso por su tranquilidad y protegido del viento por su bosque, cuenta con playas de arena fina y calas salvajes&#8230;<\/p>\n\n\n\n<div class=\"wp-block-buttons btnCommune is-layout-flex wp-block-buttons-is-layout-flex\">\n<div class=\"wp-block-button has-custom-font-size\" style=\"font-size:16px\"><a class=\"wp-block-button__link has-white-color has-rose-background-color has-text-color has-background wp-element-button\" href=\"https:\/\/tourisme-latestedebuch.com\/le-lac-de-cazaux\/\" style=\"border-radius:50px\"><strong>PASEO ALREDEDOR DEL LAGO<\/strong><\/a><\/div>\n<\/div>\n<\/div><\/div>\n\n\n\n<div id=\"col-gmf02f43\" class=\"wp-block-gutentor-m4-col col-gmf02f43 gutentor-single-column  grid-lg-6 grid-md-12 grid-12\"><div id=\"section-gmf02f43\" class=\"section-gmf02f43 gutentor-col-wrap has-color-bg has-custom-bg\">\n<h3 class=\"wp-block-heading has-gris-color has-text-color\" style=\"text-transform:uppercase\"><strong>PLAYA DE LAOUGA<\/strong><\/h3>\n\n\n\n<p>Las aguas del lago de Cazaux tienen fama de ser tranquilas e ideales para el ba\u00f1o de grandes y peque\u00f1os. La playa de Laouga es un peque\u00f1o para\u00edso resguardado del mundo urbano. Protegida por pinos, ofrece un ba\u00f1o seguro y un agradable momento tumbado en la fina arena (aparcamiento gratuito, aseos p\u00fablicos, mesas de picnic).<\/p>\n<\/div><\/div>\n<\/div><\/div><\/section>\n\n<section id=\"gm128a8e2\" class=\"wp-block-gutentor-m4 section-gm128a8e2 gutentor-module gutentor-advanced-columns\"><div class=\"grid-container\"><div class=\"grid-row\">\n<div id=\"col-gmc30c50\" class=\"wp-block-gutentor-m4-col col-gmc30c50 gutentor-single-column  grid-lg-6 grid-md-12 grid-12\"><div id=\"section-gmc30c50\" class=\"section-gmc30c50 gutentor-col-wrap\">\n<h2 class=\"wp-block-heading has-vert-color has-text-color\" style=\"margin-bottom:50px\"><span>INFORMACI\u00d3N<\/span> PR\u00c1CTICA<\/h2>\n\n\n\n<section id=\"322460\" class=\"section-322460 gutentor-module gutentor-module-accordion gutentor-module-accordion-enable-toggle\"><div class=\"grid-container\">\n<div id=\"518c5d\" class=\"wp-block-gutentor-m6-item section-518c5d gutentor-module gutentor-module-accordion-item\"><div class=\"gutentor-module-accordion-panel g-a-panel-322460\"><div tabindex=\"0\" class=\"gm-ah-322460 gutentor-module-accordion-item-heading gutentor-module-icon-position-right\"><span class=\"gutentor-module-accordion-panel-handler\" role=\"button\"><span class=\"gutentor-module-accordion-panel-handler-label\"><strong>ACC\u00c8S<\/strong><\/span><span class=\"gutentor-module-accordion-icon\"><i class=\"gm-aio-322460 gutentor-module-accordion-icon-open fas fa-plus\"><\/i><i class=\"gm-aic-322460 gutentor-module-accordion-icon-close fas fa-minus\"><\/i><\/span><\/span><\/div><div class=\"gm-ab-322460 gutentor-module-accordion-body\">\n<div id=\"section-g66e139\" class=\"wp-block-gutentor-e0 section-g66e139 gutentor-element gutentor-element-advanced-text\"><div class=\"gutentor-text-wrap\"><p class=\"gutentor-text\">Desde la A660, dir\u00edjase hacia Cazaux por la Route de la Teste, D112, a la izquierda en la 3\u00aa rotonda viniendo de Burdeos.<br><br><strong>En autob\u00fas:<\/strong> l\u00ednea 5 <\/p><\/div><\/div>\n<\/div><\/div><\/div>\n<\/div><\/section>\n<\/div><\/div>\n\n\n\n<div id=\"col-gm5401f3\" class=\"wp-block-gutentor-m4-col col-gm5401f3 gutentor-single-column  grid-lg-6 grid-md-12 grid-12 sliderCommune\"><div id=\"section-gm5401f3\" class=\"section-gm5401f3 gutentor-col-wrap\">\n<section id=\"gmaa96d1d\" class=\"wp-block-gutentor-m0 section-gmaa96d1d gutentor-module gutentor-module-carousel gutentor-slick-a-default-desktop gutentor-slick-a-default-tablet gutentor-slick-a-default-mobile sliderCommune\"><div class=\"grid-container\"><div class=\"gutentor-module-carousel-row\" data-dots=\"true\" data-dotstablet=\"true\" data-dotsmobile=\"true\" data-arrows=\"true\" data-arrowstablet=\"true\" data-arrowsmobile=\"true\" data-infinite=\"true\" data-autoplay=\"false\" data-draggable=\"true\" data-pauseonfocus=\"true\" data-pauseonhover=\"true\" data-autoplayspeed=\"3000\" data-cmondesktop=\"false\" data-cmontablet=\"false\" data-cmonmobile=\"false\" data-nextarrow=\"fas fa-angle-right\" data-prevarrow=\"fas fa-angle-left\" data-arrowspositiondesktop=\"gutentor-slick-a-default-desktop\" data-arrowspositiontablet=\"gutentor-slick-a-default-tablet\" data-arrowspositionmobile=\"gutentor-slick-a-default-mobile\" data-speed=\"300\" data-slideitemdesktop=\"3\" data-slideitemtablet=\"2\" data-slideitemmobile=\"1\" data-slidescroll-desktop=\"1\" data-slidescroll-tablet=\"1\" data-slidescroll-mobile=\"1\">\n<div id=\"col-gm916518\" class=\"wp-block-gutentor-m0-col col-gm916518 gutentor-carousel-item\"><div id=\"section-gm916518\" class=\"section-gm916518 gutentor-col-wrap\">\n<div id=\"section-g5a02a4\" class=\"wp-block-gutentor-e6 section-g5a02a4 gutentor-element gutentor-element-image\"><div class=\"gutentor-element-image-box\"><div class=\"gutentor-image-thumb\"><img decoding=\"async\" crossorigin=\"anonymous\" class=\"normal-image\" src=\"https:\/\/tourisme-latestedebuch.com\/wp-content\/uploads\/2023\/03\/Cazaux-1920x1080-1.jpeg\" alt=\"Cazaux\"><\/div><\/div><\/div>\n<\/div><\/div>\n\n\n\n<div id=\"col-gma411be\" class=\"wp-block-gutentor-m0-col col-gma411be gutentor-carousel-item\"><div id=\"section-gma411be\" class=\"section-gma411be gutentor-col-wrap\">\n<div id=\"section-g909d1e\" class=\"wp-block-gutentor-e6 section-g909d1e gutentor-element gutentor-element-image\"><div class=\"gutentor-element-image-box\"><div class=\"gutentor-image-thumb\"><img decoding=\"async\" crossorigin=\"anonymous\" class=\"normal-image\" src=\"https:\/\/tourisme-latestedebuch.com\/wp-content\/uploads\/2023\/03\/Cazaux-Plage-Laouga-1920x1080-3.jpeg\" alt=\"Cazaux\"><\/div><\/div><\/div>\n<\/div><\/div>\n\n\n\n<div id=\"col-gm542f73\" class=\"wp-block-gutentor-m0-col col-gm542f73 gutentor-carousel-item\"><div id=\"section-gm542f73\" class=\"section-gm542f73 gutentor-col-wrap\">\n<div id=\"section-g1f86d5\" class=\"wp-block-gutentor-e6 section-g1f86d5 gutentor-element gutentor-element-image\"><div class=\"gutentor-element-image-box\"><div class=\"gutentor-image-thumb\"><img decoding=\"async\" crossorigin=\"anonymous\" class=\"normal-image\" src=\"https:\/\/tourisme-latestedebuch.com\/wp-content\/uploads\/2023\/03\/Plage-de-Cazaux-3.jpeg\" alt=\"Cazaux\"><\/div><\/div><\/div>\n<\/div><\/div>\n\n\n\n<div id=\"col-gmccb6c7\" class=\"wp-block-gutentor-m0-col col-gmccb6c7 gutentor-carousel-item\"><div id=\"section-gmccb6c7\" class=\"section-gmccb6c7 gutentor-col-wrap\">\n<div id=\"section-gc74892\" class=\"wp-block-gutentor-e6 section-gc74892 gutentor-element gutentor-element-image\"><div class=\"gutentor-element-image-box\"><div class=\"gutentor-image-thumb\"><img decoding=\"async\" crossorigin=\"anonymous\" class=\"normal-image\" src=\"https:\/\/tourisme-latestedebuch.com\/wp-content\/uploads\/2023\/03\/Cazaux-50-scaled-e1678961136718.jpg\" alt=\"Puesta de sol\"><\/div><\/div><\/div>\n<\/div><\/div>\n<\/div><\/div><\/section>\n<\/div><\/div>\n<\/div><\/div><\/section>\n\n<section id=\"gm0735736\" class=\"wp-block-gutentor-m3 section-gm0735736 gutentor-module gutentor-container-cover has-image-bg has-custom-bg experiences\"><div class=\"grid-container\">\n<section id=\"gm57c7df9\" class=\"wp-block-gutentor-m3 section-gm57c7df9 gutentor-module gutentor-container-cover\"><div class=\"grid-container\">\n<h2 class=\"wp-block-heading has-vert-color has-text-color\"><span>Experiencias<\/span> inolvidables<\/h2>\n<\/div><\/section>\n\n\n\n<section id=\"gm0463f03\" class=\"wp-block-gutentor-m4 section-gm0463f03 gutentor-module gutentor-advanced-columns has-image-bg has-custom-bg content-experiences\"><div class=\"grid-container\"><div class=\"grid-row\">\n<div id=\"col-gm688aa4\" class=\"wp-block-gutentor-m4-col col-gm688aa4 gutentor-single-column  grid-lg-3 grid-md-12 grid-12 g-single-column-link-enabled\"><div id=\"section-gm688aa4\" class=\"section-gm688aa4 gutentor-col-wrap\">\n<figure class=\"wp-block-image size-full is-resized\"><img decoding=\"async\" crossorigin=\"anonymous\" src=\"https:\/\/tourisme-latestedebuch.com\/wp-content\/uploads\/2023\/04\/1-Me_ditation-et-Plantes-Me_dicinales.jpg\" alt=\"Meditaci&#xF3;n y plantas medicinales\" class=\"wp-image-211700\" width=\"340\" height=\"191\" srcset=\"https:\/\/tourisme-latestedebuch.com\/wp-content\/uploads\/2023\/04\/1-Me_ditation-et-Plantes-Me_dicinales.jpg 340w, https:\/\/tourisme-latestedebuch.com\/wp-content\/uploads\/2023\/04\/1-Me_ditation-et-Plantes-Me_dicinales-300x169.jpg 300w\" sizes=\"(max-width: 340px) 100vw, 340px\" \/><\/figure>\n\n\n<p style=\"font-size:14px;text-transform:uppercase\"><strong>Meditaci\u00f3n y plantas medicinales<\/strong><\/p>\n\n\n\n<p style=\"font-size:12px\"><strong>duraci\u00f3n 2h00 &#8211; 10\u20ac\/pers<\/strong><\/p>\n<\/div><a class=\"gutentor-link\" href=\"https:\/\/boutique.tourisme-latestedebuch.com\/visites-guidees\/nature\/meditation-et-plantes-medicinales\" target=\"_blank\" rel=\"noopener noreferrer\"><\/a><\/div>\n\n\n\n<div id=\"col-gm5d807c\" class=\"wp-block-gutentor-m4-col col-gm5d807c gutentor-single-column  grid-lg-3 grid-md-12 grid-12 g-single-column-link-enabled\"><div id=\"section-gm5d807c\" class=\"section-gm5d807c gutentor-col-wrap\">\n<figure class=\"wp-block-image size-full is-resized\"><img decoding=\"async\" crossorigin=\"anonymous\" src=\"https:\/\/tourisme-latestedebuch.com\/wp-content\/uploads\/2023\/04\/2-de_couvrir-les-oiseaux-du-bassin.jpg\" alt=\"Descubra las aves de la cuenca \" class=\"wp-image-211703\" width=\"340\" height=\"191\" srcset=\"https:\/\/tourisme-latestedebuch.com\/wp-content\/uploads\/2023\/04\/2-de_couvrir-les-oiseaux-du-bassin.jpg 340w, https:\/\/tourisme-latestedebuch.com\/wp-content\/uploads\/2023\/04\/2-de_couvrir-les-oiseaux-du-bassin-300x169.jpg 300w\" sizes=\"(max-width: 340px) 100vw, 340px\" \/><\/figure>\n\n\n<p style=\"font-size:14px;text-transform:uppercase\"><strong>Descubra las aves de la cuenca <\/strong><\/p>\n\n\n\n<p style=\"font-size:12px\"><strong>duraci\u00f3n 2h00 &#8211; 11 \u20ac\/pers<\/strong><\/p>\n<\/div><a class=\"gutentor-link\" href=\"https:\/\/boutique.tourisme-latestedebuch.com\/visites-guidees\/nature\/decouvrir-les-oiseaux-du-bassin\" target=\"_blank\" rel=\"noopener noreferrer\"><\/a><\/div>\n\n\n\n<div id=\"col-gm746c38\" class=\"wp-block-gutentor-m4-col col-gm746c38 gutentor-single-column  grid-lg-3 grid-md-12 grid-12 g-single-column-link-enabled\"><div id=\"section-gm746c38\" class=\"section-gm746c38 gutentor-col-wrap\">\n<figure class=\"wp-block-image size-full is-resized\"><img decoding=\"async\" crossorigin=\"anonymous\" src=\"https:\/\/tourisme-latestedebuch.com\/wp-content\/uploads\/2023\/04\/2-Visite-de-l_E_glise-de-La-Teste.jpg\" alt=\"Visita teatralizada a la iglesia de La Teste de Buch\" class=\"wp-image-211706\" width=\"340\" height=\"191\" srcset=\"https:\/\/tourisme-latestedebuch.com\/wp-content\/uploads\/2023\/04\/2-Visite-de-l_E_glise-de-La-Teste.jpg 340w, https:\/\/tourisme-latestedebuch.com\/wp-content\/uploads\/2023\/04\/2-Visite-de-l_E_glise-de-La-Teste-300x169.jpg 300w\" sizes=\"(max-width: 340px) 100vw, 340px\" \/><\/figure>\n\n\n<p style=\"font-size:14px;text-transform:uppercase\"><strong>Visita teatralizada a la iglesia de La Teste de Buch<\/strong><\/p>\n\n\n\n<p style=\"font-size:12px\"><strong>duraci\u00f3n 2h00 &#8211; 10\u20ac\/pers<\/strong><\/p>\n<\/div><a class=\"gutentor-link\" href=\"https:\/\/boutique.tourisme-latestedebuch.com\/visites-guidees\/theatralisee\/visite-de-leglise-de-la-teste-de-buch\" target=\"_blank\" rel=\"noopener noreferrer\"><\/a><\/div>\n\n\n\n<div id=\"col-gm40fab6\" class=\"wp-block-gutentor-m4-col col-gm40fab6 gutentor-single-column  grid-lg-3 grid-md-12 grid-12 g-single-column-link-enabled\"><div id=\"section-gm40fab6\" class=\"section-gm40fab6 gutentor-col-wrap\">\n<figure class=\"wp-block-image size-full is-resized\"><img decoding=\"async\" crossorigin=\"anonymous\" src=\"https:\/\/tourisme-latestedebuch.com\/wp-content\/uploads\/2023\/04\/2-observer-les-coquillages_1_.jpg\" alt=\"Observaci&#xF3;n de moluscos \" class=\"wp-image-211709\" width=\"340\" height=\"191\" srcset=\"https:\/\/tourisme-latestedebuch.com\/wp-content\/uploads\/2023\/04\/2-observer-les-coquillages_1_.jpg 340w, https:\/\/tourisme-latestedebuch.com\/wp-content\/uploads\/2023\/04\/2-observer-les-coquillages_1_-300x169.jpg 300w\" sizes=\"(max-width: 340px) 100vw, 340px\" \/><\/figure>\n\n\n<p style=\"font-size:14px;text-transform:uppercase\"><strong>Observaci\u00f3n de moluscos <\/strong><\/p>\n\n\n\n<p style=\"font-size:12px\"><strong>duraci\u00f3n 2h00 &#8211; 11 \u20ac\/pers<\/strong><\/p>\n<\/div><a class=\"gutentor-link\" href=\"https:\/\/boutique.tourisme-latestedebuch.com\/visites-guidees\/nature\/observer-les-coquillages\" target=\"_blank\" rel=\"noopener noreferrer\"><\/a><\/div>\n<\/div><\/div><\/section>\n\n\n\n<section id=\"gmc7d35f6\" class=\"wp-block-gutentor-m3 section-gmc7d35f6 gutentor-module gutentor-container-cover\"><div class=\"grid-container\">\n<div class=\"wp-block-buttons is-layout-flex wp-block-buttons-is-layout-flex\">\n<div class=\"wp-block-button has-custom-font-size\" style=\"font-size:16px;text-transform:uppercase\"><a class=\"wp-block-button__link has-vert-color has-white-background-color has-text-color has-background wp-element-button\" href=\"https:\/\/boutique.tourisme-latestedebuch.com\/visites-guidees\/\" style=\"border-radius:100px\" target=\"_blank\" rel=\"noreferrer noopener\"><strong>Acceso a las taquillas<\/strong><\/a><\/div>\n<\/div>\n<\/div><\/section>\n<\/div><\/section>\n","protected":false},"excerpt":{"rendered":"","protected":false},"author":1,"featured_media":0,"parent":264868,"menu_order":0,"comment_status":"closed","ping_status":"closed","template":"template-full-width.php","meta":{"inline_featured_image":false,"footnotes":""},"categories":[],"tags":[],"acf":[],"yoast_head":"<!-- This site is optimized with the Yoast SEO plugin v23.0 - https:\/\/yoast.com\/wordpress\/plugins\/seo\/ -->\n<title>Cazaux - Site de l&#039;Office de tourisme La Teste de Buch<\/title>\n<meta name=\"robots\" content=\"index, follow, max-snippet:-1, max-image-preview:large, max-video-preview:-1\" \/>\n<link rel=\"canonical\" href=\"https:\/\/tourisme-latestedebuch.com\/es\/la-ciudad\/cazaux\/\" \/>\n<meta property=\"og:locale\" content=\"es_ES\" \/>\n<meta property=\"og:type\" content=\"article\" \/>\n<meta property=\"og:title\" content=\"Cazaux - Site de l&#039;Office de tourisme La Teste de Buch\" \/>\n<meta property=\"og:url\" content=\"https:\/\/tourisme-latestedebuch.com\/es\/la-ciudad\/cazaux\/\" \/>\n<meta property=\"og:site_name\" content=\"Site de l&#039;Office de tourisme La Teste de Buch\" \/>\n<meta property=\"article:modified_time\" content=\"2024-04-10T08:37:26+00:00\" \/>\n<meta property=\"og:image\" content=\"https:\/\/tourisme-latestedebuch.com\/wp-content\/uploads\/2023\/03\/produits-boutique.png\" \/>\n<meta name=\"twitter:card\" content=\"summary_large_image\" \/>\n<meta name=\"twitter:label1\" content=\"Tiempo de lectura\" \/>\n\t<meta name=\"twitter:data1\" content=\"2 minutos\" \/>\n<script type=\"application\/ld+json\" class=\"yoast-schema-graph\">{\"@context\":\"https:\/\/schema.org\",\"@graph\":[{\"@type\":\"WebPage\",\"@id\":\"https:\/\/tourisme-latestedebuch.com\/es\/la-ciudad\/cazaux\/\",\"url\":\"https:\/\/tourisme-latestedebuch.com\/es\/la-ciudad\/cazaux\/\",\"name\":\"Cazaux - Site de l&#039;Office de tourisme La Teste de Buch\",\"isPartOf\":{\"@id\":\"https:\/\/tourisme-latestedebuch.com\/#website\"},\"primaryImageOfPage\":{\"@id\":\"https:\/\/tourisme-latestedebuch.com\/es\/la-ciudad\/cazaux\/#primaryimage\"},\"image\":{\"@id\":\"https:\/\/tourisme-latestedebuch.com\/es\/la-ciudad\/cazaux\/#primaryimage\"},\"thumbnailUrl\":\"https:\/\/tourisme-latestedebuch.com\/wp-content\/uploads\/2023\/03\/produits-boutique.png\",\"datePublished\":\"2023-03-14T09:27:05+00:00\",\"dateModified\":\"2024-04-10T08:37:26+00:00\",\"breadcrumb\":{\"@id\":\"https:\/\/tourisme-latestedebuch.com\/es\/la-ciudad\/cazaux\/#breadcrumb\"},\"inLanguage\":\"es\",\"potentialAction\":[{\"@type\":\"ReadAction\",\"target\":[\"https:\/\/tourisme-latestedebuch.com\/es\/la-ciudad\/cazaux\/\"]}]},{\"@type\":\"ImageObject\",\"inLanguage\":\"es\",\"@id\":\"https:\/\/tourisme-latestedebuch.com\/es\/la-ciudad\/cazaux\/#primaryimage\",\"url\":\"https:\/\/tourisme-latestedebuch.com\/wp-content\/uploads\/2023\/03\/produits-boutique.png\",\"contentUrl\":\"https:\/\/tourisme-latestedebuch.com\/wp-content\/uploads\/2023\/03\/produits-boutique.png\"},{\"@type\":\"BreadcrumbList\",\"@id\":\"https:\/\/tourisme-latestedebuch.com\/es\/la-ciudad\/cazaux\/#breadcrumb\",\"itemListElement\":[{\"@type\":\"ListItem\",\"position\":1,\"name\":\"Accueil\",\"item\":\"https:\/\/tourisme-latestedebuch.com\/es\/inicio\/\"},{\"@type\":\"ListItem\",\"position\":2,\"name\":\"La ciudad\",\"item\":\"https:\/\/tourisme-latestedebuch.com\/es\/la-ciudad\/\"},{\"@type\":\"ListItem\",\"position\":3,\"name\":\"Cazaux\"}]},{\"@type\":\"WebSite\",\"@id\":\"https:\/\/tourisme-latestedebuch.com\/#website\",\"url\":\"https:\/\/tourisme-latestedebuch.com\/\",\"name\":\"Site de l&#039;Office de tourisme La Teste de Buch\",\"description\":\"\",\"potentialAction\":[{\"@type\":\"SearchAction\",\"target\":{\"@type\":\"EntryPoint\",\"urlTemplate\":\"https:\/\/tourisme-latestedebuch.com\/?s={search_term_string}\"},\"query-input\":\"required name=search_term_string\"}],\"inLanguage\":\"es\"}]}<\/script>\n<!-- \/ Yoast SEO plugin. -->","yoast_head_json":{"title":"Cazaux - Site de l&#039;Office de tourisme La Teste de Buch","robots":{"index":"index","follow":"follow","max-snippet":"max-snippet:-1","max-image-preview":"max-image-preview:large","max-video-preview":"max-video-preview:-1"},"canonical":"https:\/\/tourisme-latestedebuch.com\/es\/la-ciudad\/cazaux\/","og_locale":"es_ES","og_type":"article","og_title":"Cazaux - Site de l&#039;Office de tourisme La Teste de Buch","og_url":"https:\/\/tourisme-latestedebuch.com\/es\/la-ciudad\/cazaux\/","og_site_name":"Site de l&#039;Office de tourisme La Teste de Buch","article_modified_time":"2024-04-10T08:37:26+00:00","og_image":[{"url":"https:\/\/tourisme-latestedebuch.com\/wp-content\/uploads\/2023\/03\/produits-boutique.png"}],"twitter_card":"summary_large_image","twitter_misc":{"Tiempo de lectura":"2 minutos"},"schema":{"@context":"https:\/\/schema.org","@graph":[{"@type":"WebPage","@id":"https:\/\/tourisme-latestedebuch.com\/es\/la-ciudad\/cazaux\/","url":"https:\/\/tourisme-latestedebuch.com\/es\/la-ciudad\/cazaux\/","name":"Cazaux - Site de l&#039;Office de tourisme La Teste de Buch","isPartOf":{"@id":"https:\/\/tourisme-latestedebuch.com\/#website"},"primaryImageOfPage":{"@id":"https:\/\/tourisme-latestedebuch.com\/es\/la-ciudad\/cazaux\/#primaryimage"},"image":{"@id":"https:\/\/tourisme-latestedebuch.com\/es\/la-ciudad\/cazaux\/#primaryimage"},"thumbnailUrl":"https:\/\/tourisme-latestedebuch.com\/wp-content\/uploads\/2023\/03\/produits-boutique.png","datePublished":"2023-03-14T09:27:05+00:00","dateModified":"2024-04-10T08:37:26+00:00","breadcrumb":{"@id":"https:\/\/tourisme-latestedebuch.com\/es\/la-ciudad\/cazaux\/#breadcrumb"},"inLanguage":"es","potentialAction":[{"@type":"ReadAction","target":["https:\/\/tourisme-latestedebuch.com\/es\/la-ciudad\/cazaux\/"]}]},{"@type":"ImageObject","inLanguage":"es","@id":"https:\/\/tourisme-latestedebuch.com\/es\/la-ciudad\/cazaux\/#primaryimage","url":"https:\/\/tourisme-latestedebuch.com\/wp-content\/uploads\/2023\/03\/produits-boutique.png","contentUrl":"https:\/\/tourisme-latestedebuch.com\/wp-content\/uploads\/2023\/03\/produits-boutique.png"},{"@type":"BreadcrumbList","@id":"https:\/\/tourisme-latestedebuch.com\/es\/la-ciudad\/cazaux\/#breadcrumb","itemListElement":[{"@type":"ListItem","position":1,"name":"Accueil","item":"https:\/\/tourisme-latestedebuch.com\/es\/inicio\/"},{"@type":"ListItem","position":2,"name":"La ciudad","item":"https:\/\/tourisme-latestedebuch.com\/es\/la-ciudad\/"},{"@type":"ListItem","position":3,"name":"Cazaux"}]},{"@type":"WebSite","@id":"https:\/\/tourisme-latestedebuch.com\/#website","url":"https:\/\/tourisme-latestedebuch.com\/","name":"Site de l&#039;Office de tourisme La Teste de Buch","description":"","potentialAction":[{"@type":"SearchAction","target":{"@type":"EntryPoint","urlTemplate":"https:\/\/tourisme-latestedebuch.com\/?s={search_term_string}"},"query-input":"required name=search_term_string"}],"inLanguage":"es"}]}},"_links":{"self":[{"href":"https:\/\/tourisme-latestedebuch.com\/es\/wp-json\/wp\/v2\/pages\/264873"}],"collection":[{"href":"https:\/\/tourisme-latestedebuch.com\/es\/wp-json\/wp\/v2\/pages"}],"about":[{"href":"https:\/\/tourisme-latestedebuch.com\/es\/wp-json\/wp\/v2\/types\/page"}],"author":[{"embeddable":true,"href":"https:\/\/tourisme-latestedebuch.com\/es\/wp-json\/wp\/v2\/users\/1"}],"replies":[{"embeddable":true,"href":"https:\/\/tourisme-latestedebuch.com\/es\/wp-json\/wp\/v2\/comments?post=264873"}],"version-history":[{"count":1,"href":"https:\/\/tourisme-latestedebuch.com\/es\/wp-json\/wp\/v2\/pages\/264873\/revisions"}],"predecessor-version":[{"id":264874,"href":"https:\/\/tourisme-latestedebuch.com\/es\/wp-json\/wp\/v2\/pages\/264873\/revisions\/264874"}],"up":[{"embeddable":true,"href":"https:\/\/tourisme-latestedebuch.com\/es\/wp-json\/wp\/v2\/pages\/264868"}],"wp:attachment":[{"href":"https:\/\/tourisme-latestedebuch.com\/es\/wp-json\/wp\/v2\/media?parent=264873"}],"wp:term":[{"taxonomy":"category","embeddable":true,"href":"https:\/\/tourisme-latestedebuch.com\/es\/wp-json\/wp\/v2\/categories?post=264873"},{"taxonomy":"post_tag","embeddable":true,"href":"https:\/\/tourisme-latestedebuch.com\/es\/wp-json\/wp\/v2\/tags?post=264873"}],"curies":[{"name":"wp","href":"https:\/\/api.w.org\/{rel}","templated":true}]}}