{"id":264885,"date":"2023-03-06T10:45:15","date_gmt":"2023-03-06T09:45:15","guid":{"rendered":"https:\/\/tourisme-latestedebuch.com\/la-dune-du-pilat\/"},"modified":"2024-04-10T11:47:53","modified_gmt":"2024-04-10T09:47:53","slug":"la-dune-du-pilat","status":"publish","type":"page","link":"https:\/\/tourisme-latestedebuch.com\/es\/la-dune-du-pilat\/","title":{"rendered":"La Dune du Pilat"},"content":{"rendered":"\n<section id=\"gm99bca64\" class=\"wp-block-gutentor-m0 section-gm99bca64 gutentor-module gutentor-module-carousel gutentor-slick-a-default-tablet gutentor-slick-a-default-mobile\"><div class=\"grid-container\"><div class=\"gutentor-module-carousel-row\" data-dots=\"false\" data-dotstablet=\"false\" data-dotsmobile=\"false\" data-arrows=\"false\" data-arrowstablet=\"true\" data-arrowsmobile=\"true\" data-infinite=\"false\" data-autoplay=\"false\" data-draggable=\"true\" data-pauseonfocus=\"true\" data-pauseonhover=\"true\" data-autoplayspeed=\"3000\" data-cmondesktop=\"false\" data-cmontablet=\"false\" data-cmonmobile=\"true\" data-nextarrow=\"fas fa-angle-right\" data-prevarrow=\"fas fa-angle-left\" data-arrowspositiondesktop=\"gutentor-slick-a-default-desktop\" data-arrowspositiontablet=\"gutentor-slick-a-default-tablet\" data-arrowspositionmobile=\"gutentor-slick-a-default-mobile\" data-speed=\"300\" data-slideitemdesktop=\"3\" data-slideitemtablet=\"1\" data-slideitemmobile=\"1\" data-slidescroll-desktop=\"3\" data-slidescroll-tablet=\"1\" data-slidescroll-mobile=\"1\">\n<div id=\"col-gm8f0283\" class=\"wp-block-gutentor-m0-col col-gm8f0283 gutentor-carousel-item\"><div id=\"section-gm8f0283\" class=\"section-gm8f0283 gutentor-col-wrap\">\n          \n\n          <div id=\"section-g456e73\" class=\"wp-block-gutentor-e3 section-g456e73 gutentor-element gutentor-element-counter chiffres_lieux\">\n            <div class=\"gutentor-element-counter-box\">\n              <span class=\"gutentor-counter-number\"><span class=\"gutentor-counter-number-prefix\"><\/span><span class=\"gutentor-counter-number-main\" data-start=\"0\" data-end=\"106\">106<\/span><span class=\"gutentor-counter-number-postfix\">M ALTO<\/span><\/span>\n            <\/div>\n          <\/div>\n          \n\n        \n<\/div><\/div>\n\n\n\n<div id=\"col-gm213956\" class=\"wp-block-gutentor-m0-col col-gm213956 gutentor-carousel-item\"><div id=\"section-gm213956\" class=\"section-gm213956 gutentor-col-wrap\">\n          \n\n          <div id=\"section-g0d5797\" class=\"wp-block-gutentor-e3 section-g0d5797 gutentor-element gutentor-element-counter chiffres_lieux\">\n            <div class=\"gutentor-element-counter-box\">\n              <span class=\"gutentor-counter-number\"><span class=\"gutentor-counter-number-prefix\"><\/span><span class=\"gutentor-counter-number-main\" data-start=\"0\" data-end=\"54\">54<\/span><span class=\"gutentor-counter-number-postfix\">MILLONES DE M3 DE GRANOS DE ARENA<\/span><\/span>\n            <\/div>\n          <\/div>\n          \n\n        \n<\/div><\/div>\n<\/div><\/div><\/section>\n","protected":false},"excerpt":{"rendered":"<p>D\u00e9jese abrumar por la magia del Grand Site Nada m\u00e1s llegar, quedar\u00e1 impresionado por su enorme tama\u00f1o (106 m de altura, 2,9 km de longitud y 55 millones de m3 de granos de arena)&#8230; \u00a1y no espere estar solo!<\/p>\n","protected":false},"author":1,"featured_media":152309,"parent":0,"menu_order":0,"comment_status":"closed","ping_status":"closed","template":"template-lieux.php","meta":{"inline_featured_image":false,"footnotes":""},"categories":[192,188,185,191],"tags":[],"acf":[],"yoast_head":"<!-- This site is optimized with the Yoast SEO plugin v23.0 - https:\/\/yoast.com\/wordpress\/plugins\/seo\/ -->\n<title>La Dune du Pilat - Site de l&#039;Office de tourisme La Teste de Buch<\/title>\n<meta name=\"description\" content=\"Descubra la majestuosa Duna del Pilat, una de las maravillas naturales de la bah\u00eda de Arcachon. Disfrute de impresionantes vistas panor\u00e1micas desde lo alto de la mayor duna de Europa.\" \/>\n<meta name=\"robots\" content=\"index, follow, max-snippet:-1, max-image-preview:large, max-video-preview:-1\" \/>\n<link rel=\"canonical\" href=\"https:\/\/tourisme-latestedebuch.com\/es\/la-dune-du-pilat\/\" \/>\n<meta property=\"og:locale\" content=\"es_ES\" \/>\n<meta property=\"og:type\" content=\"article\" \/>\n<meta property=\"og:title\" content=\"La Dune du Pilat - Site de l&#039;Office de tourisme La Teste de Buch\" \/>\n<meta property=\"og:description\" content=\"Descubra la majestuosa Duna del Pilat, una de las maravillas naturales de la bah\u00eda de Arcachon. Disfrute de impresionantes vistas panor\u00e1micas desde lo alto de la mayor duna de Europa.\" \/>\n<meta property=\"og:url\" content=\"https:\/\/tourisme-latestedebuch.com\/es\/la-dune-du-pilat\/\" \/>\n<meta property=\"og:site_name\" content=\"Site de l&#039;Office de tourisme La Teste de Buch\" \/>\n<meta property=\"article:modified_time\" content=\"2024-04-10T09:47:53+00:00\" \/>\n<meta property=\"og:image\" content=\"https:\/\/tourisme-latestedebuch.com\/wp-content\/uploads\/2023\/03\/dune-du-pilat-la-teste-de-buch.jpeg\" \/>\n\t<meta property=\"og:image:width\" content=\"500\" \/>\n\t<meta property=\"og:image:height\" content=\"750\" \/>\n\t<meta property=\"og:image:type\" content=\"image\/jpeg\" \/>\n<meta name=\"twitter:card\" content=\"summary_large_image\" \/>\n<script type=\"application\/ld+json\" class=\"yoast-schema-graph\">{\"@context\":\"https:\/\/schema.org\",\"@graph\":[{\"@type\":\"WebPage\",\"@id\":\"https:\/\/tourisme-latestedebuch.com\/es\/la-dune-du-pilat\/\",\"url\":\"https:\/\/tourisme-latestedebuch.com\/es\/la-dune-du-pilat\/\",\"name\":\"La Dune du Pilat - Site de l&#039;Office de tourisme La Teste de Buch\",\"isPartOf\":{\"@id\":\"https:\/\/tourisme-latestedebuch.com\/#website\"},\"primaryImageOfPage\":{\"@id\":\"https:\/\/tourisme-latestedebuch.com\/es\/la-dune-du-pilat\/#primaryimage\"},\"image\":{\"@id\":\"https:\/\/tourisme-latestedebuch.com\/es\/la-dune-du-pilat\/#primaryimage\"},\"thumbnailUrl\":\"https:\/\/tourisme-latestedebuch.com\/wp-content\/uploads\/2023\/03\/dune-du-pilat-la-teste-de-buch.jpeg\",\"datePublished\":\"2023-03-06T09:45:15+00:00\",\"dateModified\":\"2024-04-10T09:47:53+00:00\",\"description\":\"Descubra la majestuosa Duna del Pilat, una de las maravillas naturales de la bah\u00eda de Arcachon. Disfrute de impresionantes vistas panor\u00e1micas desde lo alto de la mayor duna de Europa.\",\"breadcrumb\":{\"@id\":\"https:\/\/tourisme-latestedebuch.com\/es\/la-dune-du-pilat\/#breadcrumb\"},\"inLanguage\":\"es\",\"potentialAction\":[{\"@type\":\"ReadAction\",\"target\":[\"https:\/\/tourisme-latestedebuch.com\/es\/la-dune-du-pilat\/\"]}]},{\"@type\":\"ImageObject\",\"inLanguage\":\"es\",\"@id\":\"https:\/\/tourisme-latestedebuch.com\/es\/la-dune-du-pilat\/#primaryimage\",\"url\":\"https:\/\/tourisme-latestedebuch.com\/wp-content\/uploads\/2023\/03\/dune-du-pilat-la-teste-de-buch.jpeg\",\"contentUrl\":\"https:\/\/tourisme-latestedebuch.com\/wp-content\/uploads\/2023\/03\/dune-du-pilat-la-teste-de-buch.jpeg\",\"width\":500,\"height\":750,\"caption\":\"dune du pila\"},{\"@type\":\"BreadcrumbList\",\"@id\":\"https:\/\/tourisme-latestedebuch.com\/es\/la-dune-du-pilat\/#breadcrumb\",\"itemListElement\":[{\"@type\":\"ListItem\",\"position\":1,\"name\":\"Accueil\",\"item\":\"https:\/\/tourisme-latestedebuch.com\/es\/inicio\/\"},{\"@type\":\"ListItem\",\"position\":2,\"name\":\"La Dune du Pilat\"}]},{\"@type\":\"WebSite\",\"@id\":\"https:\/\/tourisme-latestedebuch.com\/#website\",\"url\":\"https:\/\/tourisme-latestedebuch.com\/\",\"name\":\"Site de l&#039;Office de tourisme La Teste de Buch\",\"description\":\"\",\"potentialAction\":[{\"@type\":\"SearchAction\",\"target\":{\"@type\":\"EntryPoint\",\"urlTemplate\":\"https:\/\/tourisme-latestedebuch.com\/?s={search_term_string}\"},\"query-input\":\"required name=search_term_string\"}],\"inLanguage\":\"es\"}]}<\/script>\n<!-- \/ Yoast SEO plugin. -->","yoast_head_json":{"title":"La Dune du Pilat - Site de l&#039;Office de tourisme La Teste de Buch","description":"Descubra la majestuosa Duna del Pilat, una de las maravillas naturales de la bah\u00eda de Arcachon. Disfrute de impresionantes vistas panor\u00e1micas desde lo alto de la mayor duna de Europa.","robots":{"index":"index","follow":"follow","max-snippet":"max-snippet:-1","max-image-preview":"max-image-preview:large","max-video-preview":"max-video-preview:-1"},"canonical":"https:\/\/tourisme-latestedebuch.com\/es\/la-dune-du-pilat\/","og_locale":"es_ES","og_type":"article","og_title":"La Dune du Pilat - Site de l&#039;Office de tourisme La Teste de Buch","og_description":"Descubra la majestuosa Duna del Pilat, una de las maravillas naturales de la bah\u00eda de Arcachon. Disfrute de impresionantes vistas panor\u00e1micas desde lo alto de la mayor duna de Europa.","og_url":"https:\/\/tourisme-latestedebuch.com\/es\/la-dune-du-pilat\/","og_site_name":"Site de l&#039;Office de tourisme La Teste de Buch","article_modified_time":"2024-04-10T09:47:53+00:00","og_image":[{"width":500,"height":750,"url":"https:\/\/tourisme-latestedebuch.com\/wp-content\/uploads\/2023\/03\/dune-du-pilat-la-teste-de-buch.jpeg","type":"image\/jpeg"}],"twitter_card":"summary_large_image","schema":{"@context":"https:\/\/schema.org","@graph":[{"@type":"WebPage","@id":"https:\/\/tourisme-latestedebuch.com\/es\/la-dune-du-pilat\/","url":"https:\/\/tourisme-latestedebuch.com\/es\/la-dune-du-pilat\/","name":"La Dune du Pilat - Site de l&#039;Office de tourisme La Teste de Buch","isPartOf":{"@id":"https:\/\/tourisme-latestedebuch.com\/#website"},"primaryImageOfPage":{"@id":"https:\/\/tourisme-latestedebuch.com\/es\/la-dune-du-pilat\/#primaryimage"},"image":{"@id":"https:\/\/tourisme-latestedebuch.com\/es\/la-dune-du-pilat\/#primaryimage"},"thumbnailUrl":"https:\/\/tourisme-latestedebuch.com\/wp-content\/uploads\/2023\/03\/dune-du-pilat-la-teste-de-buch.jpeg","datePublished":"2023-03-06T09:45:15+00:00","dateModified":"2024-04-10T09:47:53+00:00","description":"Descubra la majestuosa Duna del Pilat, una de las maravillas naturales de la bah\u00eda de Arcachon. Disfrute de impresionantes vistas panor\u00e1micas desde lo alto de la mayor duna de Europa.","breadcrumb":{"@id":"https:\/\/tourisme-latestedebuch.com\/es\/la-dune-du-pilat\/#breadcrumb"},"inLanguage":"es","potentialAction":[{"@type":"ReadAction","target":["https:\/\/tourisme-latestedebuch.com\/es\/la-dune-du-pilat\/"]}]},{"@type":"ImageObject","inLanguage":"es","@id":"https:\/\/tourisme-latestedebuch.com\/es\/la-dune-du-pilat\/#primaryimage","url":"https:\/\/tourisme-latestedebuch.com\/wp-content\/uploads\/2023\/03\/dune-du-pilat-la-teste-de-buch.jpeg","contentUrl":"https:\/\/tourisme-latestedebuch.com\/wp-content\/uploads\/2023\/03\/dune-du-pilat-la-teste-de-buch.jpeg","width":500,"height":750,"caption":"dune du pila"},{"@type":"BreadcrumbList","@id":"https:\/\/tourisme-latestedebuch.com\/es\/la-dune-du-pilat\/#breadcrumb","itemListElement":[{"@type":"ListItem","position":1,"name":"Accueil","item":"https:\/\/tourisme-latestedebuch.com\/es\/inicio\/"},{"@type":"ListItem","position":2,"name":"La Dune du Pilat"}]},{"@type":"WebSite","@id":"https:\/\/tourisme-latestedebuch.com\/#website","url":"https:\/\/tourisme-latestedebuch.com\/","name":"Site de l&#039;Office de tourisme La Teste de Buch","description":"","potentialAction":[{"@type":"SearchAction","target":{"@type":"EntryPoint","urlTemplate":"https:\/\/tourisme-latestedebuch.com\/?s={search_term_string}"},"query-input":"required name=search_term_string"}],"inLanguage":"es"}]}},"_links":{"self":[{"href":"https:\/\/tourisme-latestedebuch.com\/es\/wp-json\/wp\/v2\/pages\/264885"}],"collection":[{"href":"https:\/\/tourisme-latestedebuch.com\/es\/wp-json\/wp\/v2\/pages"}],"about":[{"href":"https:\/\/tourisme-latestedebuch.com\/es\/wp-json\/wp\/v2\/types\/page"}],"author":[{"embeddable":true,"href":"https:\/\/tourisme-latestedebuch.com\/es\/wp-json\/wp\/v2\/users\/1"}],"replies":[{"embeddable":true,"href":"https:\/\/tourisme-latestedebuch.com\/es\/wp-json\/wp\/v2\/comments?post=264885"}],"version-history":[{"count":1,"href":"https:\/\/tourisme-latestedebuch.com\/es\/wp-json\/wp\/v2\/pages\/264885\/revisions"}],"predecessor-version":[{"id":264886,"href":"https:\/\/tourisme-latestedebuch.com\/es\/wp-json\/wp\/v2\/pages\/264885\/revisions\/264886"}],"wp:featuredmedia":[{"embeddable":true,"href":"https:\/\/tourisme-latestedebuch.com\/es\/wp-json\/wp\/v2\/media\/152309"}],"wp:attachment":[{"href":"https:\/\/tourisme-latestedebuch.com\/es\/wp-json\/wp\/v2\/media?parent=264885"}],"wp:term":[{"taxonomy":"category","embeddable":true,"href":"https:\/\/tourisme-latestedebuch.com\/es\/wp-json\/wp\/v2\/categories?post=264885"},{"taxonomy":"post_tag","embeddable":true,"href":"https:\/\/tourisme-latestedebuch.com\/es\/wp-json\/wp\/v2\/tags?post=264885"}],"curies":[{"name":"wp","href":"https:\/\/api.w.org\/{rel}","templated":true}]}}