{"id":264888,"date":"2023-03-08T16:41:30","date_gmt":"2023-03-08T15:41:30","guid":{"rendered":"https:\/\/tourisme-latestedebuch.com\/el-bosque-de-usuarios\/"},"modified":"2023-03-08T16:41:30","modified_gmt":"2023-03-08T15:41:30","slug":"el-bosque-de-usuarios","status":"publish","type":"page","link":"https:\/\/tourisme-latestedebuch.com\/es\/el-bosque-de-usuarios\/","title":{"rendered":"El bosque de usuarios"},"content":{"rendered":"","protected":false},"excerpt":{"rendered":"<p>No te lo puedes perder. Este bosque de 2.000 a\u00f1os de antig\u00fcedad se extiende desde la Duna del Pilat hasta el lago de Cazaux, donde se funde con el bosque de las Landas de Gascu\u00f1a.<\/p>\n","protected":false},"author":1,"featured_media":0,"parent":0,"menu_order":0,"comment_status":"closed","ping_status":"closed","template":"template-lieux.php","meta":{"inline_featured_image":false,"footnotes":""},"categories":[188],"tags":[],"acf":[],"yoast_head":"<!-- This site is optimized with the Yoast SEO plugin v23.0 - https:\/\/yoast.com\/wordpress\/plugins\/seo\/ -->\n<title>El bosque de usuarios - Site de l&#039;Office de tourisme La Teste de Buch<\/title>\n<meta name=\"robots\" content=\"index, follow, max-snippet:-1, max-image-preview:large, max-video-preview:-1\" \/>\n<link rel=\"canonical\" href=\"https:\/\/tourisme-latestedebuch.com\/el-bosque-de-usuarios\/\" \/>\n<meta property=\"og:locale\" content=\"es_ES\" \/>\n<meta property=\"og:type\" content=\"article\" \/>\n<meta property=\"og:title\" content=\"El bosque de usuarios - Site de l&#039;Office de tourisme La Teste de Buch\" \/>\n<meta property=\"og:description\" content=\"No te lo puedes perder. Este bosque de 2.000 a\u00f1os de antig\u00fcedad se extiende desde la Duna del Pilat hasta el lago de Cazaux, donde se funde con el bosque de las Landas de Gascu\u00f1a.\" \/>\n<meta property=\"og:url\" content=\"https:\/\/tourisme-latestedebuch.com\/el-bosque-de-usuarios\/\" \/>\n<meta property=\"og:site_name\" content=\"Site de l&#039;Office de tourisme La Teste de Buch\" \/>\n<meta name=\"twitter:card\" content=\"summary_large_image\" \/>\n<script type=\"application\/ld+json\" class=\"yoast-schema-graph\">{\"@context\":\"https:\/\/schema.org\",\"@graph\":[{\"@type\":\"WebPage\",\"@id\":\"https:\/\/tourisme-latestedebuch.com\/el-bosque-de-usuarios\/\",\"url\":\"https:\/\/tourisme-latestedebuch.com\/el-bosque-de-usuarios\/\",\"name\":\"El bosque de usuarios - Site de l&#039;Office de tourisme La Teste de Buch\",\"isPartOf\":{\"@id\":\"https:\/\/tourisme-latestedebuch.com\/#website\"},\"datePublished\":\"2023-03-08T15:41:30+00:00\",\"dateModified\":\"2023-03-08T15:41:30+00:00\",\"breadcrumb\":{\"@id\":\"https:\/\/tourisme-latestedebuch.com\/el-bosque-de-usuarios\/#breadcrumb\"},\"inLanguage\":\"es\",\"potentialAction\":[{\"@type\":\"ReadAction\",\"target\":[\"https:\/\/tourisme-latestedebuch.com\/el-bosque-de-usuarios\/\"]}]},{\"@type\":\"BreadcrumbList\",\"@id\":\"https:\/\/tourisme-latestedebuch.com\/el-bosque-de-usuarios\/#breadcrumb\",\"itemListElement\":[{\"@type\":\"ListItem\",\"position\":1,\"name\":\"Accueil\",\"item\":\"https:\/\/tourisme-latestedebuch.com\/es\/inicio\/\"},{\"@type\":\"ListItem\",\"position\":2,\"name\":\"El bosque de usuarios\"}]},{\"@type\":\"WebSite\",\"@id\":\"https:\/\/tourisme-latestedebuch.com\/#website\",\"url\":\"https:\/\/tourisme-latestedebuch.com\/\",\"name\":\"Site de l&#039;Office de tourisme La Teste de Buch\",\"description\":\"\",\"potentialAction\":[{\"@type\":\"SearchAction\",\"target\":{\"@type\":\"EntryPoint\",\"urlTemplate\":\"https:\/\/tourisme-latestedebuch.com\/?s={search_term_string}\"},\"query-input\":\"required name=search_term_string\"}],\"inLanguage\":\"es\"}]}<\/script>\n<!-- \/ Yoast SEO plugin. -->","yoast_head_json":{"title":"El bosque de usuarios - Site de l&#039;Office de tourisme La Teste de Buch","robots":{"index":"index","follow":"follow","max-snippet":"max-snippet:-1","max-image-preview":"max-image-preview:large","max-video-preview":"max-video-preview:-1"},"canonical":"https:\/\/tourisme-latestedebuch.com\/el-bosque-de-usuarios\/","og_locale":"es_ES","og_type":"article","og_title":"El bosque de usuarios - Site de l&#039;Office de tourisme La Teste de Buch","og_description":"No te lo puedes perder. Este bosque de 2.000 a\u00f1os de antig\u00fcedad se extiende desde la Duna del Pilat hasta el lago de Cazaux, donde se funde con el bosque de las Landas de Gascu\u00f1a.","og_url":"https:\/\/tourisme-latestedebuch.com\/el-bosque-de-usuarios\/","og_site_name":"Site de l&#039;Office de tourisme La Teste de Buch","twitter_card":"summary_large_image","schema":{"@context":"https:\/\/schema.org","@graph":[{"@type":"WebPage","@id":"https:\/\/tourisme-latestedebuch.com\/el-bosque-de-usuarios\/","url":"https:\/\/tourisme-latestedebuch.com\/el-bosque-de-usuarios\/","name":"El bosque de usuarios - Site de l&#039;Office de tourisme La Teste de Buch","isPartOf":{"@id":"https:\/\/tourisme-latestedebuch.com\/#website"},"datePublished":"2023-03-08T15:41:30+00:00","dateModified":"2023-03-08T15:41:30+00:00","breadcrumb":{"@id":"https:\/\/tourisme-latestedebuch.com\/el-bosque-de-usuarios\/#breadcrumb"},"inLanguage":"es","potentialAction":[{"@type":"ReadAction","target":["https:\/\/tourisme-latestedebuch.com\/el-bosque-de-usuarios\/"]}]},{"@type":"BreadcrumbList","@id":"https:\/\/tourisme-latestedebuch.com\/el-bosque-de-usuarios\/#breadcrumb","itemListElement":[{"@type":"ListItem","position":1,"name":"Accueil","item":"https:\/\/tourisme-latestedebuch.com\/es\/inicio\/"},{"@type":"ListItem","position":2,"name":"El bosque de usuarios"}]},{"@type":"WebSite","@id":"https:\/\/tourisme-latestedebuch.com\/#website","url":"https:\/\/tourisme-latestedebuch.com\/","name":"Site de l&#039;Office de tourisme La Teste de Buch","description":"","potentialAction":[{"@type":"SearchAction","target":{"@type":"EntryPoint","urlTemplate":"https:\/\/tourisme-latestedebuch.com\/?s={search_term_string}"},"query-input":"required name=search_term_string"}],"inLanguage":"es"}]}},"_links":{"self":[{"href":"https:\/\/tourisme-latestedebuch.com\/es\/wp-json\/wp\/v2\/pages\/264888"}],"collection":[{"href":"https:\/\/tourisme-latestedebuch.com\/es\/wp-json\/wp\/v2\/pages"}],"about":[{"href":"https:\/\/tourisme-latestedebuch.com\/es\/wp-json\/wp\/v2\/types\/page"}],"author":[{"embeddable":true,"href":"https:\/\/tourisme-latestedebuch.com\/es\/wp-json\/wp\/v2\/users\/1"}],"replies":[{"embeddable":true,"href":"https:\/\/tourisme-latestedebuch.com\/es\/wp-json\/wp\/v2\/comments?post=264888"}],"version-history":[{"count":0,"href":"https:\/\/tourisme-latestedebuch.com\/es\/wp-json\/wp\/v2\/pages\/264888\/revisions"}],"wp:attachment":[{"href":"https:\/\/tourisme-latestedebuch.com\/es\/wp-json\/wp\/v2\/media?parent=264888"}],"wp:term":[{"taxonomy":"category","embeddable":true,"href":"https:\/\/tourisme-latestedebuch.com\/es\/wp-json\/wp\/v2\/categories?post=264888"},{"taxonomy":"post_tag","embeddable":true,"href":"https:\/\/tourisme-latestedebuch.com\/es\/wp-json\/wp\/v2\/tags?post=264888"}],"curies":[{"name":"wp","href":"https:\/\/api.w.org\/{rel}","templated":true}]}}