{"id":264894,"date":"2023-03-08T15:48:02","date_gmt":"2023-03-08T14:48:02","guid":{"rendered":"https:\/\/tourisme-latestedebuch.com\/el-edificio-testerin\/"},"modified":"2023-03-08T15:48:02","modified_gmt":"2023-03-08T14:48:02","slug":"el-edificio-testerin","status":"publish","type":"page","link":"https:\/\/tourisme-latestedebuch.com\/es\/el-edificio-testerin\/","title":{"rendered":"El edificio testerin"},"content":{"rendered":"","protected":false},"excerpt":{"rendered":"<p>Paseando por el centro de La Teste de Buch Al pasear por el centro de la ciudad, no puede dejar de fijarse en algunos edificios antiguos<\/p>\n","protected":false},"author":1,"featured_media":0,"parent":0,"menu_order":0,"comment_status":"closed","ping_status":"closed","template":"template-lieux.php","meta":{"inline_featured_image":false,"footnotes":""},"categories":[192,188],"tags":[],"acf":[],"yoast_head":"<!-- This site is optimized with the Yoast SEO plugin v23.0 - https:\/\/yoast.com\/wordpress\/plugins\/seo\/ -->\n<title>El edificio testerin - Site de l&#039;Office de tourisme La Teste de Buch<\/title>\n<meta name=\"description\" content=\"La Teste de Buch tiene mucho que ofrecer: el puerto ostr\u00edcola, los Pr\u00e9s Sal\u00e9s, la Dune du Pilat... y \u00bfpor qu\u00e9 no empezar por el centro de la ciudad y sus atracciones tradicionales?\" \/>\n<meta name=\"robots\" content=\"index, follow, max-snippet:-1, max-image-preview:large, max-video-preview:-1\" \/>\n<link rel=\"canonical\" href=\"https:\/\/tourisme-latestedebuch.com\/es\/el-edificio-testerin\/\" \/>\n<meta property=\"og:locale\" content=\"es_ES\" \/>\n<meta property=\"og:type\" content=\"article\" \/>\n<meta property=\"og:title\" content=\"El edificio testerin - Site de l&#039;Office de tourisme La Teste de Buch\" \/>\n<meta property=\"og:description\" content=\"La Teste de Buch tiene mucho que ofrecer: el puerto ostr\u00edcola, los Pr\u00e9s Sal\u00e9s, la Dune du Pilat... y \u00bfpor qu\u00e9 no empezar por el centro de la ciudad y sus atracciones tradicionales?\" \/>\n<meta property=\"og:url\" content=\"https:\/\/tourisme-latestedebuch.com\/es\/el-edificio-testerin\/\" \/>\n<meta property=\"og:site_name\" content=\"Site de l&#039;Office de tourisme La Teste de Buch\" \/>\n<meta name=\"twitter:card\" content=\"summary_large_image\" \/>\n<script type=\"application\/ld+json\" class=\"yoast-schema-graph\">{\"@context\":\"https:\/\/schema.org\",\"@graph\":[{\"@type\":\"WebPage\",\"@id\":\"https:\/\/tourisme-latestedebuch.com\/es\/el-edificio-testerin\/\",\"url\":\"https:\/\/tourisme-latestedebuch.com\/es\/el-edificio-testerin\/\",\"name\":\"El edificio testerin - Site de l&#039;Office de tourisme La Teste de Buch\",\"isPartOf\":{\"@id\":\"https:\/\/tourisme-latestedebuch.com\/#website\"},\"datePublished\":\"2023-03-08T14:48:02+00:00\",\"dateModified\":\"2023-03-08T14:48:02+00:00\",\"description\":\"La Teste de Buch tiene mucho que ofrecer: el puerto ostr\u00edcola, los Pr\u00e9s Sal\u00e9s, la Dune du Pilat... y \u00bfpor qu\u00e9 no empezar por el centro de la ciudad y sus atracciones tradicionales?\",\"breadcrumb\":{\"@id\":\"https:\/\/tourisme-latestedebuch.com\/es\/el-edificio-testerin\/#breadcrumb\"},\"inLanguage\":\"es\",\"potentialAction\":[{\"@type\":\"ReadAction\",\"target\":[\"https:\/\/tourisme-latestedebuch.com\/es\/el-edificio-testerin\/\"]}]},{\"@type\":\"BreadcrumbList\",\"@id\":\"https:\/\/tourisme-latestedebuch.com\/es\/el-edificio-testerin\/#breadcrumb\",\"itemListElement\":[{\"@type\":\"ListItem\",\"position\":1,\"name\":\"Accueil\",\"item\":\"https:\/\/tourisme-latestedebuch.com\/es\/inicio\/\"},{\"@type\":\"ListItem\",\"position\":2,\"name\":\"El edificio testerin\"}]},{\"@type\":\"WebSite\",\"@id\":\"https:\/\/tourisme-latestedebuch.com\/#website\",\"url\":\"https:\/\/tourisme-latestedebuch.com\/\",\"name\":\"Site de l&#039;Office de tourisme La Teste de Buch\",\"description\":\"\",\"potentialAction\":[{\"@type\":\"SearchAction\",\"target\":{\"@type\":\"EntryPoint\",\"urlTemplate\":\"https:\/\/tourisme-latestedebuch.com\/?s={search_term_string}\"},\"query-input\":\"required name=search_term_string\"}],\"inLanguage\":\"es\"}]}<\/script>\n<!-- \/ Yoast SEO plugin. -->","yoast_head_json":{"title":"El edificio testerin - Site de l&#039;Office de tourisme La Teste de Buch","description":"La Teste de Buch tiene mucho que ofrecer: el puerto ostr\u00edcola, los Pr\u00e9s Sal\u00e9s, la Dune du Pilat... y \u00bfpor qu\u00e9 no empezar por el centro de la ciudad y sus atracciones tradicionales?","robots":{"index":"index","follow":"follow","max-snippet":"max-snippet:-1","max-image-preview":"max-image-preview:large","max-video-preview":"max-video-preview:-1"},"canonical":"https:\/\/tourisme-latestedebuch.com\/es\/el-edificio-testerin\/","og_locale":"es_ES","og_type":"article","og_title":"El edificio testerin - Site de l&#039;Office de tourisme La Teste de Buch","og_description":"La Teste de Buch tiene mucho que ofrecer: el puerto ostr\u00edcola, los Pr\u00e9s Sal\u00e9s, la Dune du Pilat... y \u00bfpor qu\u00e9 no empezar por el centro de la ciudad y sus atracciones tradicionales?","og_url":"https:\/\/tourisme-latestedebuch.com\/es\/el-edificio-testerin\/","og_site_name":"Site de l&#039;Office de tourisme La Teste de Buch","twitter_card":"summary_large_image","schema":{"@context":"https:\/\/schema.org","@graph":[{"@type":"WebPage","@id":"https:\/\/tourisme-latestedebuch.com\/es\/el-edificio-testerin\/","url":"https:\/\/tourisme-latestedebuch.com\/es\/el-edificio-testerin\/","name":"El edificio testerin - Site de l&#039;Office de tourisme La Teste de Buch","isPartOf":{"@id":"https:\/\/tourisme-latestedebuch.com\/#website"},"datePublished":"2023-03-08T14:48:02+00:00","dateModified":"2023-03-08T14:48:02+00:00","description":"La Teste de Buch tiene mucho que ofrecer: el puerto ostr\u00edcola, los Pr\u00e9s Sal\u00e9s, la Dune du Pilat... y \u00bfpor qu\u00e9 no empezar por el centro de la ciudad y sus atracciones tradicionales?","breadcrumb":{"@id":"https:\/\/tourisme-latestedebuch.com\/es\/el-edificio-testerin\/#breadcrumb"},"inLanguage":"es","potentialAction":[{"@type":"ReadAction","target":["https:\/\/tourisme-latestedebuch.com\/es\/el-edificio-testerin\/"]}]},{"@type":"BreadcrumbList","@id":"https:\/\/tourisme-latestedebuch.com\/es\/el-edificio-testerin\/#breadcrumb","itemListElement":[{"@type":"ListItem","position":1,"name":"Accueil","item":"https:\/\/tourisme-latestedebuch.com\/es\/inicio\/"},{"@type":"ListItem","position":2,"name":"El edificio testerin"}]},{"@type":"WebSite","@id":"https:\/\/tourisme-latestedebuch.com\/#website","url":"https:\/\/tourisme-latestedebuch.com\/","name":"Site de l&#039;Office de tourisme La Teste de Buch","description":"","potentialAction":[{"@type":"SearchAction","target":{"@type":"EntryPoint","urlTemplate":"https:\/\/tourisme-latestedebuch.com\/?s={search_term_string}"},"query-input":"required name=search_term_string"}],"inLanguage":"es"}]}},"_links":{"self":[{"href":"https:\/\/tourisme-latestedebuch.com\/es\/wp-json\/wp\/v2\/pages\/264894"}],"collection":[{"href":"https:\/\/tourisme-latestedebuch.com\/es\/wp-json\/wp\/v2\/pages"}],"about":[{"href":"https:\/\/tourisme-latestedebuch.com\/es\/wp-json\/wp\/v2\/types\/page"}],"author":[{"embeddable":true,"href":"https:\/\/tourisme-latestedebuch.com\/es\/wp-json\/wp\/v2\/users\/1"}],"replies":[{"embeddable":true,"href":"https:\/\/tourisme-latestedebuch.com\/es\/wp-json\/wp\/v2\/comments?post=264894"}],"version-history":[{"count":0,"href":"https:\/\/tourisme-latestedebuch.com\/es\/wp-json\/wp\/v2\/pages\/264894\/revisions"}],"wp:attachment":[{"href":"https:\/\/tourisme-latestedebuch.com\/es\/wp-json\/wp\/v2\/media?parent=264894"}],"wp:term":[{"taxonomy":"category","embeddable":true,"href":"https:\/\/tourisme-latestedebuch.com\/es\/wp-json\/wp\/v2\/categories?post=264894"},{"taxonomy":"post_tag","embeddable":true,"href":"https:\/\/tourisme-latestedebuch.com\/es\/wp-json\/wp\/v2\/tags?post=264894"}],"curies":[{"name":"wp","href":"https:\/\/api.w.org\/{rel}","templated":true}]}}