{"id":264964,"date":"2023-03-08T16:14:13","date_gmt":"2023-03-08T15:14:13","guid":{"rendered":"https:\/\/tourisme-latestedebuch.com\/les-cabanes-tchanquees\/"},"modified":"2026-04-08T10:13:19","modified_gmt":"2026-04-08T08:13:19","slug":"les-cabanes-tchanquees","status":"publish","type":"page","link":"https:\/\/tourisme-latestedebuch.com\/es\/les-cabanes-tchanquees\/","title":{"rendered":"Les cabanes tchanqu\u00e9es"},"content":{"rendered":"\n<section id=\"gm5edfbb9\" class=\"wp-block-gutentor-m0 section-gm5edfbb9 gutentor-module gutentor-module-carousel gutentor-slick-a-default-mobile\"><div class=\"grid-container\"><div class=\"gutentor-module-carousel-row\" data-dots=\"false\" data-dotstablet=\"false\" data-dotsmobile=\"false\" data-arrows=\"false\" data-arrowstablet=\"false\" data-arrowsmobile=\"true\" data-infinite=\"false\" data-autoplay=\"false\" data-draggable=\"true\" data-pauseonfocus=\"true\" data-pauseonhover=\"true\" data-autoplayspeed=\"3000\" data-cmondesktop=\"false\" data-cmontablet=\"false\" data-cmonmobile=\"true\" data-nextarrow=\"fas fa-angle-right\" data-prevarrow=\"fas fa-angle-left\" data-arrowspositiondesktop=\"gutentor-slick-a-default-desktop\" data-arrowspositiontablet=\"gutentor-slick-a-default-tablet\" data-arrowspositionmobile=\"gutentor-slick-a-default-mobile\" data-speed=\"300\" data-slideitemdesktop=\"3\" data-slideitemtablet=\"3\" data-slideitemmobile=\"1\" data-slidescroll-desktop=\"3\" data-slidescroll-tablet=\"3\" data-slidescroll-mobile=\"1\">\n<div id=\"col-gmbd73e4\" class=\"wp-block-gutentor-m0-col col-gmbd73e4 gutentor-carousel-item\"><div id=\"section-gmbd73e4\" class=\"section-gmbd73e4 gutentor-col-wrap\">\n<div id=\"section-gc73d3c\" class=\"wp-block-gutentor-e3 section-gc73d3c gutentor-element gutentor-element-counter chiffres_lieux\"><div class=\"gutentor-element-counter-box\"><span class=\"gutentor-counter-number\"><span class=\"gutentor-counter-number-prefix\"><\/span><span class=\"gutentor-counter-number-main\" data-start=\"0\" data-end=\"53\">53<\/span><span class=\"gutentor-counter-number-postfix\">CABANES<\/span><\/span><\/div><\/div>\n<\/div><\/div>\n<\/div><\/div><\/section>\n","protected":false},"excerpt":{"rendered":"<p>Las cincuenta y tres caba\u00f1as de la \u00cele aux Oiseaux incluyen las famosas Cabanes Tchanqu\u00e9es.<\/p>\n","protected":false},"author":1,"featured_media":152461,"parent":0,"menu_order":0,"comment_status":"closed","ping_status":"closed","template":"template-lieux.php","meta":{"inline_featured_image":false,"footnotes":""},"categories":[188,191],"tags":[],"acf":[],"yoast_head":"<!-- This site is optimized with the Yoast SEO plugin v23.0 - https:\/\/yoast.com\/wordpress\/plugins\/seo\/ -->\n<title>Les cabanes tchanqu\u00e9es - Site de l&#039;Office de tourisme La Teste de Buch<\/title>\n<meta name=\"description\" content=\"\u00bfHa o\u00eddo hablar de Cabanes Tchanqu\u00e9es? Estas 2 caba\u00f1as sobre pilotes est\u00e1n encaramadas en plena bah\u00eda de Arcachon, en la Ile aux Oiseaux.\" \/>\n<meta name=\"robots\" content=\"index, follow, max-snippet:-1, max-image-preview:large, max-video-preview:-1\" \/>\n<link rel=\"canonical\" href=\"https:\/\/tourisme-latestedebuch.com\/es\/les-cabanes-tchanquees\/\" \/>\n<meta property=\"og:locale\" content=\"es_ES\" \/>\n<meta property=\"og:type\" content=\"article\" \/>\n<meta property=\"og:title\" content=\"Les cabanes tchanqu\u00e9es - Site de l&#039;Office de tourisme La Teste de Buch\" \/>\n<meta property=\"og:description\" content=\"\u00bfHa o\u00eddo hablar de Cabanes Tchanqu\u00e9es? Estas 2 caba\u00f1as sobre pilotes est\u00e1n encaramadas en plena bah\u00eda de Arcachon, en la Ile aux Oiseaux.\" \/>\n<meta property=\"og:url\" content=\"https:\/\/tourisme-latestedebuch.com\/es\/les-cabanes-tchanquees\/\" \/>\n<meta property=\"og:site_name\" content=\"Site de l&#039;Office de tourisme La Teste de Buch\" \/>\n<meta property=\"article:modified_time\" content=\"2026-04-08T08:13:19+00:00\" \/>\n<meta property=\"og:image\" content=\"https:\/\/tourisme-latestedebuch.com\/wp-content\/uploads\/2023\/03\/CabanesTchanquees-3-\u00a9-Patrice-Hauser-2000-1920x1080-1.jpeg\" \/>\n\t<meta property=\"og:image:width\" content=\"1920\" \/>\n\t<meta property=\"og:image:height\" content=\"1080\" \/>\n\t<meta property=\"og:image:type\" content=\"image\/jpeg\" \/>\n<meta name=\"twitter:card\" content=\"summary_large_image\" \/>\n<meta name=\"twitter:label1\" content=\"Tiempo de lectura\" \/>\n\t<meta name=\"twitter:data1\" content=\"1 minuto\" \/>\n<script type=\"application\/ld+json\" class=\"yoast-schema-graph\">{\"@context\":\"https:\/\/schema.org\",\"@graph\":[{\"@type\":\"WebPage\",\"@id\":\"https:\/\/tourisme-latestedebuch.com\/es\/les-cabanes-tchanquees\/\",\"url\":\"https:\/\/tourisme-latestedebuch.com\/es\/les-cabanes-tchanquees\/\",\"name\":\"Les cabanes tchanqu\u00e9es - Site de l&#039;Office de tourisme La Teste de Buch\",\"isPartOf\":{\"@id\":\"https:\/\/tourisme-latestedebuch.com\/#website\"},\"primaryImageOfPage\":{\"@id\":\"https:\/\/tourisme-latestedebuch.com\/es\/les-cabanes-tchanquees\/#primaryimage\"},\"image\":{\"@id\":\"https:\/\/tourisme-latestedebuch.com\/es\/les-cabanes-tchanquees\/#primaryimage\"},\"thumbnailUrl\":\"https:\/\/tourisme-latestedebuch.com\/wp-content\/uploads\/2023\/03\/CabanesTchanquees-3-\u00a9-Patrice-Hauser-2000-1920x1080-1.jpeg\",\"datePublished\":\"2023-03-08T15:14:13+00:00\",\"dateModified\":\"2026-04-08T08:13:19+00:00\",\"description\":\"\u00bfHa o\u00eddo hablar de Cabanes Tchanqu\u00e9es? Estas 2 caba\u00f1as sobre pilotes est\u00e1n encaramadas en plena bah\u00eda de Arcachon, en la Ile aux Oiseaux.\",\"breadcrumb\":{\"@id\":\"https:\/\/tourisme-latestedebuch.com\/es\/les-cabanes-tchanquees\/#breadcrumb\"},\"inLanguage\":\"es\",\"potentialAction\":[{\"@type\":\"ReadAction\",\"target\":[\"https:\/\/tourisme-latestedebuch.com\/es\/les-cabanes-tchanquees\/\"]}]},{\"@type\":\"ImageObject\",\"inLanguage\":\"es\",\"@id\":\"https:\/\/tourisme-latestedebuch.com\/es\/les-cabanes-tchanquees\/#primaryimage\",\"url\":\"https:\/\/tourisme-latestedebuch.com\/wp-content\/uploads\/2023\/03\/CabanesTchanquees-3-\u00a9-Patrice-Hauser-2000-1920x1080-1.jpeg\",\"contentUrl\":\"https:\/\/tourisme-latestedebuch.com\/wp-content\/uploads\/2023\/03\/CabanesTchanquees-3-\u00a9-Patrice-Hauser-2000-1920x1080-1.jpeg\",\"width\":1920,\"height\":1080,\"caption\":\"cabane tchanqu\u00e9e aux volets blanchs\"},{\"@type\":\"BreadcrumbList\",\"@id\":\"https:\/\/tourisme-latestedebuch.com\/es\/les-cabanes-tchanquees\/#breadcrumb\",\"itemListElement\":[{\"@type\":\"ListItem\",\"position\":1,\"name\":\"Accueil\",\"item\":\"https:\/\/tourisme-latestedebuch.com\/es\/inicio\/\"},{\"@type\":\"ListItem\",\"position\":2,\"name\":\"Les cabanes tchanqu\u00e9es\"}]},{\"@type\":\"WebSite\",\"@id\":\"https:\/\/tourisme-latestedebuch.com\/#website\",\"url\":\"https:\/\/tourisme-latestedebuch.com\/\",\"name\":\"Site de l&#039;Office de tourisme La Teste de Buch\",\"description\":\"\",\"potentialAction\":[{\"@type\":\"SearchAction\",\"target\":{\"@type\":\"EntryPoint\",\"urlTemplate\":\"https:\/\/tourisme-latestedebuch.com\/?s={search_term_string}\"},\"query-input\":\"required name=search_term_string\"}],\"inLanguage\":\"es\"}]}<\/script>\n<!-- \/ Yoast SEO plugin. -->","yoast_head_json":{"title":"Les cabanes tchanqu\u00e9es - Site de l&#039;Office de tourisme La Teste de Buch","description":"\u00bfHa o\u00eddo hablar de Cabanes Tchanqu\u00e9es? Estas 2 caba\u00f1as sobre pilotes est\u00e1n encaramadas en plena bah\u00eda de Arcachon, en la Ile aux Oiseaux.","robots":{"index":"index","follow":"follow","max-snippet":"max-snippet:-1","max-image-preview":"max-image-preview:large","max-video-preview":"max-video-preview:-1"},"canonical":"https:\/\/tourisme-latestedebuch.com\/es\/les-cabanes-tchanquees\/","og_locale":"es_ES","og_type":"article","og_title":"Les cabanes tchanqu\u00e9es - Site de l&#039;Office de tourisme La Teste de Buch","og_description":"\u00bfHa o\u00eddo hablar de Cabanes Tchanqu\u00e9es? Estas 2 caba\u00f1as sobre pilotes est\u00e1n encaramadas en plena bah\u00eda de Arcachon, en la Ile aux Oiseaux.","og_url":"https:\/\/tourisme-latestedebuch.com\/es\/les-cabanes-tchanquees\/","og_site_name":"Site de l&#039;Office de tourisme La Teste de Buch","article_modified_time":"2026-04-08T08:13:19+00:00","og_image":[{"width":1920,"height":1080,"url":"https:\/\/tourisme-latestedebuch.com\/wp-content\/uploads\/2023\/03\/CabanesTchanquees-3-\u00a9-Patrice-Hauser-2000-1920x1080-1.jpeg","type":"image\/jpeg"}],"twitter_card":"summary_large_image","twitter_misc":{"Tiempo de lectura":"1 minuto"},"schema":{"@context":"https:\/\/schema.org","@graph":[{"@type":"WebPage","@id":"https:\/\/tourisme-latestedebuch.com\/es\/les-cabanes-tchanquees\/","url":"https:\/\/tourisme-latestedebuch.com\/es\/les-cabanes-tchanquees\/","name":"Les cabanes tchanqu\u00e9es - Site de l&#039;Office de tourisme La Teste de Buch","isPartOf":{"@id":"https:\/\/tourisme-latestedebuch.com\/#website"},"primaryImageOfPage":{"@id":"https:\/\/tourisme-latestedebuch.com\/es\/les-cabanes-tchanquees\/#primaryimage"},"image":{"@id":"https:\/\/tourisme-latestedebuch.com\/es\/les-cabanes-tchanquees\/#primaryimage"},"thumbnailUrl":"https:\/\/tourisme-latestedebuch.com\/wp-content\/uploads\/2023\/03\/CabanesTchanquees-3-\u00a9-Patrice-Hauser-2000-1920x1080-1.jpeg","datePublished":"2023-03-08T15:14:13+00:00","dateModified":"2026-04-08T08:13:19+00:00","description":"\u00bfHa o\u00eddo hablar de Cabanes Tchanqu\u00e9es? Estas 2 caba\u00f1as sobre pilotes est\u00e1n encaramadas en plena bah\u00eda de Arcachon, en la Ile aux Oiseaux.","breadcrumb":{"@id":"https:\/\/tourisme-latestedebuch.com\/es\/les-cabanes-tchanquees\/#breadcrumb"},"inLanguage":"es","potentialAction":[{"@type":"ReadAction","target":["https:\/\/tourisme-latestedebuch.com\/es\/les-cabanes-tchanquees\/"]}]},{"@type":"ImageObject","inLanguage":"es","@id":"https:\/\/tourisme-latestedebuch.com\/es\/les-cabanes-tchanquees\/#primaryimage","url":"https:\/\/tourisme-latestedebuch.com\/wp-content\/uploads\/2023\/03\/CabanesTchanquees-3-\u00a9-Patrice-Hauser-2000-1920x1080-1.jpeg","contentUrl":"https:\/\/tourisme-latestedebuch.com\/wp-content\/uploads\/2023\/03\/CabanesTchanquees-3-\u00a9-Patrice-Hauser-2000-1920x1080-1.jpeg","width":1920,"height":1080,"caption":"cabane tchanqu\u00e9e aux volets blanchs"},{"@type":"BreadcrumbList","@id":"https:\/\/tourisme-latestedebuch.com\/es\/les-cabanes-tchanquees\/#breadcrumb","itemListElement":[{"@type":"ListItem","position":1,"name":"Accueil","item":"https:\/\/tourisme-latestedebuch.com\/es\/inicio\/"},{"@type":"ListItem","position":2,"name":"Les cabanes tchanqu\u00e9es"}]},{"@type":"WebSite","@id":"https:\/\/tourisme-latestedebuch.com\/#website","url":"https:\/\/tourisme-latestedebuch.com\/","name":"Site de l&#039;Office de tourisme La Teste de Buch","description":"","potentialAction":[{"@type":"SearchAction","target":{"@type":"EntryPoint","urlTemplate":"https:\/\/tourisme-latestedebuch.com\/?s={search_term_string}"},"query-input":"required name=search_term_string"}],"inLanguage":"es"}]}},"_links":{"self":[{"href":"https:\/\/tourisme-latestedebuch.com\/es\/wp-json\/wp\/v2\/pages\/264964"}],"collection":[{"href":"https:\/\/tourisme-latestedebuch.com\/es\/wp-json\/wp\/v2\/pages"}],"about":[{"href":"https:\/\/tourisme-latestedebuch.com\/es\/wp-json\/wp\/v2\/types\/page"}],"author":[{"embeddable":true,"href":"https:\/\/tourisme-latestedebuch.com\/es\/wp-json\/wp\/v2\/users\/1"}],"replies":[{"embeddable":true,"href":"https:\/\/tourisme-latestedebuch.com\/es\/wp-json\/wp\/v2\/comments?post=264964"}],"version-history":[{"count":2,"href":"https:\/\/tourisme-latestedebuch.com\/es\/wp-json\/wp\/v2\/pages\/264964\/revisions"}],"predecessor-version":[{"id":396118,"href":"https:\/\/tourisme-latestedebuch.com\/es\/wp-json\/wp\/v2\/pages\/264964\/revisions\/396118"}],"wp:featuredmedia":[{"embeddable":true,"href":"https:\/\/tourisme-latestedebuch.com\/es\/wp-json\/wp\/v2\/media\/152461"}],"wp:attachment":[{"href":"https:\/\/tourisme-latestedebuch.com\/es\/wp-json\/wp\/v2\/media?parent=264964"}],"wp:term":[{"taxonomy":"category","embeddable":true,"href":"https:\/\/tourisme-latestedebuch.com\/es\/wp-json\/wp\/v2\/categories?post=264964"},{"taxonomy":"post_tag","embeddable":true,"href":"https:\/\/tourisme-latestedebuch.com\/es\/wp-json\/wp\/v2\/tags?post=264964"}],"curies":[{"name":"wp","href":"https:\/\/api.w.org\/{rel}","templated":true}]}}