{"id":264969,"date":"2023-03-08T16:39:46","date_gmt":"2023-03-08T15:39:46","guid":{"rendered":"https:\/\/tourisme-latestedebuch.com\/playas-oceanicas\/"},"modified":"2024-04-10T15:17:48","modified_gmt":"2024-04-10T13:17:48","slug":"playas-oceanicas","status":"publish","type":"page","link":"https:\/\/tourisme-latestedebuch.com\/es\/playas-oceanicas\/","title":{"rendered":"Playas oce\u00e1nicas"},"content":{"rendered":"","protected":false},"excerpt":{"rendered":"<p>Al sur de Pyla sur Mer, m\u00e1s all\u00e1 de las tranquilas playas de la bah\u00eda de Arcachon, se extienden 18 km de playas oce\u00e1nicas frente a las olas del Atl\u00e1ntico.<\/p>\n","protected":false},"author":1,"featured_media":152546,"parent":0,"menu_order":0,"comment_status":"closed","ping_status":"closed","template":"template-lieux.php","meta":{"inline_featured_image":false,"footnotes":""},"categories":[188,195],"tags":[],"acf":[],"yoast_head":"<!-- This site is optimized with the Yoast SEO plugin v23.0 - https:\/\/yoast.com\/wordpress\/plugins\/seo\/ -->\n<title>Playas oce\u00e1nicas - Site de l&#039;Office de tourisme La Teste de Buch<\/title>\n<meta name=\"robots\" content=\"index, follow, max-snippet:-1, max-image-preview:large, max-video-preview:-1\" \/>\n<link rel=\"canonical\" href=\"https:\/\/tourisme-latestedebuch.com\/es\/playas-oceanicas\/\" \/>\n<meta property=\"og:locale\" content=\"es_ES\" \/>\n<meta property=\"og:type\" content=\"article\" \/>\n<meta property=\"og:title\" content=\"Playas oce\u00e1nicas - Site de l&#039;Office de tourisme La Teste de Buch\" \/>\n<meta property=\"og:description\" content=\"Al sur de Pyla sur Mer, m\u00e1s all\u00e1 de las tranquilas playas de la bah\u00eda de Arcachon, se extienden 18 km de playas oce\u00e1nicas frente a las olas del Atl\u00e1ntico.\" \/>\n<meta property=\"og:url\" content=\"https:\/\/tourisme-latestedebuch.com\/es\/playas-oceanicas\/\" \/>\n<meta property=\"og:site_name\" content=\"Site de l&#039;Office de tourisme La Teste de Buch\" \/>\n<meta property=\"article:modified_time\" content=\"2024-04-10T13:17:48+00:00\" \/>\n<meta property=\"og:image\" content=\"https:\/\/tourisme-latestedebuch.com\/wp-content\/uploads\/2023\/03\/La-Lagune.jpeg\" \/>\n\t<meta property=\"og:image:width\" content=\"2000\" \/>\n\t<meta property=\"og:image:height\" content=\"1333\" \/>\n\t<meta property=\"og:image:type\" content=\"image\/jpeg\" \/>\n<meta name=\"twitter:card\" content=\"summary_large_image\" \/>\n<script type=\"application\/ld+json\" class=\"yoast-schema-graph\">{\"@context\":\"https:\/\/schema.org\",\"@graph\":[{\"@type\":\"WebPage\",\"@id\":\"https:\/\/tourisme-latestedebuch.com\/es\/playas-oceanicas\/\",\"url\":\"https:\/\/tourisme-latestedebuch.com\/es\/playas-oceanicas\/\",\"name\":\"Playas oce\u00e1nicas - Site de l&#039;Office de tourisme La Teste de Buch\",\"isPartOf\":{\"@id\":\"https:\/\/tourisme-latestedebuch.com\/#website\"},\"primaryImageOfPage\":{\"@id\":\"https:\/\/tourisme-latestedebuch.com\/es\/playas-oceanicas\/#primaryimage\"},\"image\":{\"@id\":\"https:\/\/tourisme-latestedebuch.com\/es\/playas-oceanicas\/#primaryimage\"},\"thumbnailUrl\":\"https:\/\/tourisme-latestedebuch.com\/wp-content\/uploads\/2023\/03\/La-Lagune.jpeg\",\"datePublished\":\"2023-03-08T15:39:46+00:00\",\"dateModified\":\"2024-04-10T13:17:48+00:00\",\"breadcrumb\":{\"@id\":\"https:\/\/tourisme-latestedebuch.com\/es\/playas-oceanicas\/#breadcrumb\"},\"inLanguage\":\"es\",\"potentialAction\":[{\"@type\":\"ReadAction\",\"target\":[\"https:\/\/tourisme-latestedebuch.com\/es\/playas-oceanicas\/\"]}]},{\"@type\":\"ImageObject\",\"inLanguage\":\"es\",\"@id\":\"https:\/\/tourisme-latestedebuch.com\/es\/playas-oceanicas\/#primaryimage\",\"url\":\"https:\/\/tourisme-latestedebuch.com\/wp-content\/uploads\/2023\/03\/La-Lagune.jpeg\",\"contentUrl\":\"https:\/\/tourisme-latestedebuch.com\/wp-content\/uploads\/2023\/03\/La-Lagune.jpeg\",\"width\":2000,\"height\":1333},{\"@type\":\"BreadcrumbList\",\"@id\":\"https:\/\/tourisme-latestedebuch.com\/es\/playas-oceanicas\/#breadcrumb\",\"itemListElement\":[{\"@type\":\"ListItem\",\"position\":1,\"name\":\"Accueil\",\"item\":\"https:\/\/tourisme-latestedebuch.com\/es\/inicio\/\"},{\"@type\":\"ListItem\",\"position\":2,\"name\":\"Playas oce\u00e1nicas\"}]},{\"@type\":\"WebSite\",\"@id\":\"https:\/\/tourisme-latestedebuch.com\/#website\",\"url\":\"https:\/\/tourisme-latestedebuch.com\/\",\"name\":\"Site de l&#039;Office de tourisme La Teste de Buch\",\"description\":\"\",\"potentialAction\":[{\"@type\":\"SearchAction\",\"target\":{\"@type\":\"EntryPoint\",\"urlTemplate\":\"https:\/\/tourisme-latestedebuch.com\/?s={search_term_string}\"},\"query-input\":\"required name=search_term_string\"}],\"inLanguage\":\"es\"}]}<\/script>\n<!-- \/ Yoast SEO plugin. -->","yoast_head_json":{"title":"Playas oce\u00e1nicas - Site de l&#039;Office de tourisme La Teste de Buch","robots":{"index":"index","follow":"follow","max-snippet":"max-snippet:-1","max-image-preview":"max-image-preview:large","max-video-preview":"max-video-preview:-1"},"canonical":"https:\/\/tourisme-latestedebuch.com\/es\/playas-oceanicas\/","og_locale":"es_ES","og_type":"article","og_title":"Playas oce\u00e1nicas - Site de l&#039;Office de tourisme La Teste de Buch","og_description":"Al sur de Pyla sur Mer, m\u00e1s all\u00e1 de las tranquilas playas de la bah\u00eda de Arcachon, se extienden 18 km de playas oce\u00e1nicas frente a las olas del Atl\u00e1ntico.","og_url":"https:\/\/tourisme-latestedebuch.com\/es\/playas-oceanicas\/","og_site_name":"Site de l&#039;Office de tourisme La Teste de Buch","article_modified_time":"2024-04-10T13:17:48+00:00","og_image":[{"width":2000,"height":1333,"url":"https:\/\/tourisme-latestedebuch.com\/wp-content\/uploads\/2023\/03\/La-Lagune.jpeg","type":"image\/jpeg"}],"twitter_card":"summary_large_image","schema":{"@context":"https:\/\/schema.org","@graph":[{"@type":"WebPage","@id":"https:\/\/tourisme-latestedebuch.com\/es\/playas-oceanicas\/","url":"https:\/\/tourisme-latestedebuch.com\/es\/playas-oceanicas\/","name":"Playas oce\u00e1nicas - Site de l&#039;Office de tourisme La Teste de Buch","isPartOf":{"@id":"https:\/\/tourisme-latestedebuch.com\/#website"},"primaryImageOfPage":{"@id":"https:\/\/tourisme-latestedebuch.com\/es\/playas-oceanicas\/#primaryimage"},"image":{"@id":"https:\/\/tourisme-latestedebuch.com\/es\/playas-oceanicas\/#primaryimage"},"thumbnailUrl":"https:\/\/tourisme-latestedebuch.com\/wp-content\/uploads\/2023\/03\/La-Lagune.jpeg","datePublished":"2023-03-08T15:39:46+00:00","dateModified":"2024-04-10T13:17:48+00:00","breadcrumb":{"@id":"https:\/\/tourisme-latestedebuch.com\/es\/playas-oceanicas\/#breadcrumb"},"inLanguage":"es","potentialAction":[{"@type":"ReadAction","target":["https:\/\/tourisme-latestedebuch.com\/es\/playas-oceanicas\/"]}]},{"@type":"ImageObject","inLanguage":"es","@id":"https:\/\/tourisme-latestedebuch.com\/es\/playas-oceanicas\/#primaryimage","url":"https:\/\/tourisme-latestedebuch.com\/wp-content\/uploads\/2023\/03\/La-Lagune.jpeg","contentUrl":"https:\/\/tourisme-latestedebuch.com\/wp-content\/uploads\/2023\/03\/La-Lagune.jpeg","width":2000,"height":1333},{"@type":"BreadcrumbList","@id":"https:\/\/tourisme-latestedebuch.com\/es\/playas-oceanicas\/#breadcrumb","itemListElement":[{"@type":"ListItem","position":1,"name":"Accueil","item":"https:\/\/tourisme-latestedebuch.com\/es\/inicio\/"},{"@type":"ListItem","position":2,"name":"Playas oce\u00e1nicas"}]},{"@type":"WebSite","@id":"https:\/\/tourisme-latestedebuch.com\/#website","url":"https:\/\/tourisme-latestedebuch.com\/","name":"Site de l&#039;Office de tourisme La Teste de Buch","description":"","potentialAction":[{"@type":"SearchAction","target":{"@type":"EntryPoint","urlTemplate":"https:\/\/tourisme-latestedebuch.com\/?s={search_term_string}"},"query-input":"required name=search_term_string"}],"inLanguage":"es"}]}},"_links":{"self":[{"href":"https:\/\/tourisme-latestedebuch.com\/es\/wp-json\/wp\/v2\/pages\/264969"}],"collection":[{"href":"https:\/\/tourisme-latestedebuch.com\/es\/wp-json\/wp\/v2\/pages"}],"about":[{"href":"https:\/\/tourisme-latestedebuch.com\/es\/wp-json\/wp\/v2\/types\/page"}],"author":[{"embeddable":true,"href":"https:\/\/tourisme-latestedebuch.com\/es\/wp-json\/wp\/v2\/users\/1"}],"replies":[{"embeddable":true,"href":"https:\/\/tourisme-latestedebuch.com\/es\/wp-json\/wp\/v2\/comments?post=264969"}],"version-history":[{"count":1,"href":"https:\/\/tourisme-latestedebuch.com\/es\/wp-json\/wp\/v2\/pages\/264969\/revisions"}],"predecessor-version":[{"id":264971,"href":"https:\/\/tourisme-latestedebuch.com\/es\/wp-json\/wp\/v2\/pages\/264969\/revisions\/264971"}],"wp:featuredmedia":[{"embeddable":true,"href":"https:\/\/tourisme-latestedebuch.com\/es\/wp-json\/wp\/v2\/media\/152546"}],"wp:attachment":[{"href":"https:\/\/tourisme-latestedebuch.com\/es\/wp-json\/wp\/v2\/media?parent=264969"}],"wp:term":[{"taxonomy":"category","embeddable":true,"href":"https:\/\/tourisme-latestedebuch.com\/es\/wp-json\/wp\/v2\/categories?post=264969"},{"taxonomy":"post_tag","embeddable":true,"href":"https:\/\/tourisme-latestedebuch.com\/es\/wp-json\/wp\/v2\/tags?post=264969"}],"curies":[{"name":"wp","href":"https:\/\/api.w.org\/{rel}","templated":true}]}}